{"id":92210,"date":"2019-07-11T13:57:16","date_gmt":"2019-07-11T13:57:16","guid":{"rendered":"https:\/\/www.3p-gmbh.de\/produkt\/maquina-de-costura-semi-automatica-brehmer-39-3-4-2-com-fio-de-bloco-de-livros\/"},"modified":"2019-07-11T13:57:16","modified_gmt":"2019-07-11T13:57:16","slug":"costura-semi-automatica-de-blocos-de-livros-com-linha-ma","status":"publish","type":"product","link":"https:\/\/www.3p-gmbh.de\/pt-br\/produkt\/costura-semi-automatica-de-blocos-de-livros-com-linha-ma\/","title":{"rendered":"M\u00e1quina de costura semi-autom\u00e1tica Brehmer 39 3\/4-2 com fio de bloco de livros"},"content":{"rendered":"<ul>\n<li>Ano de fabrico 1951<\/li>\n<li>totalmente funcional<\/li>\n<li>Formato 120x70mm &#8211; 280x440mm<\/li>\n<li>7 Cabe\u00e7as de costura<\/li>\n<li>Vibra\u00e7\u00e3o m\u00e1x. 70 agrafos\/min.<\/li>\n<\/ul>\n","protected":false},"excerpt":{"rendered":"<p>Ano de fabrico 1951 totalmente funcional Formato 120x70mm &#8211; 280x440mm 7 Cabe\u00e7as de costura Vibra\u00e7\u00e3o m\u00e1x. 70 agrafos\/min.<\/p>\n","protected":false},"featured_media":67923,"template":"","meta":[],"product_brand":[],"product_cat":[3090],"product_tag":[],"class_list":{"0":"post-92210","1":"product","2":"type-product","3":"status-publish","4":"has-post-thumbnail","6":"product_cat-maquinas-de-costura-com-linha","7":"pa_baujahr-1113","8":"pa_hersteller-brehmer-buchbindereimaschinen","9":"pa_typ-39-3-4-2","11":"first","12":"instock","13":"sold-individually","14":"taxable","15":"shipping-taxable","16":"purchasable","17":"product-type-simple"},"jetpack_sharing_enabled":true,"_links":{"self":[{"href":"https:\/\/www.3p-gmbh.de\/pt-br\/wp-json\/wp\/v2\/product\/92210","targetHints":{"allow":["GET"]}}],"collection":[{"href":"https:\/\/www.3p-gmbh.de\/pt-br\/wp-json\/wp\/v2\/product"}],"about":[{"href":"https:\/\/www.3p-gmbh.de\/pt-br\/wp-json\/wp\/v2\/types\/product"}],"wp:featuredmedia":[{"embeddable":true,"href":"https:\/\/www.3p-gmbh.de\/pt-br\/wp-json\/wp\/v2\/media\/67923"}],"wp:attachment":[{"href":"https:\/\/www.3p-gmbh.de\/pt-br\/wp-json\/wp\/v2\/media?parent=92210"}],"wp:term":[{"taxonomy":"product_brand","embeddable":true,"href":"https:\/\/www.3p-gmbh.de\/pt-br\/wp-json\/wp\/v2\/product_brand?post=92210"},{"taxonomy":"product_cat","embeddable":true,"href":"https:\/\/www.3p-gmbh.de\/pt-br\/wp-json\/wp\/v2\/product_cat?post=92210"},{"taxonomy":"product_tag","embeddable":true,"href":"https:\/\/www.3p-gmbh.de\/pt-br\/wp-json\/wp\/v2\/product_tag?post=92210"}],"curies":[{"name":"wp","href":"https:\/\/api.w.org\/{rel}","templated":true}]}}