{"id":92207,"date":"2019-07-11T13:57:16","date_gmt":"2019-07-11T13:57:16","guid":{"rendered":"https:\/\/www.3p-gmbh.de\/produkt\/tesoura-circular-para-cartao-krause-biagosch-j-138-bn\/"},"modified":"2019-07-11T13:57:16","modified_gmt":"2019-07-11T13:57:16","slug":"tesoura-circular-de-cartao","status":"publish","type":"product","link":"https:\/\/www.3p-gmbh.de\/pt-br\/produkt\/tesoura-circular-de-cartao\/","title":{"rendered":"Tesoura circular para cart\u00e3o Krause Biagosch J 138 BN"},"content":{"rendered":"<ul>\n<li>com 8 facas circulares<\/li>\n<li>Largura m\u00e1xima da folha 1300 mm<\/li>\n<li>Profundidade m\u00e1xima do arco 1000 mm<\/li>\n<li>Largura mais estreita da tira 90 mm<\/li>\n<li>Espa\u00e7o de passagem 1380 mm<\/li>\n<li>Necessidade de pot\u00eancia 1 KW<\/li>\n<\/ul>\n","protected":false},"excerpt":{"rendered":"<p>com 8 facas circulares Largura m\u00e1xima da folha 1300 mm Profundidade m\u00e1xima do arco 1000 mm Largura mais estreita da tira 90 mm Espa\u00e7o de passagem 1380 mm Necessidade de pot\u00eancia 1 KW<\/p>\n","protected":false},"featured_media":67884,"template":"","meta":[],"product_brand":[],"product_cat":[3017],"product_tag":[],"class_list":{"0":"post-92207","1":"product","2":"type-product","3":"status-publish","4":"has-post-thumbnail","6":"product_cat-maquinas-de-corte","7":"pa_baujahr-282","8":"pa_hersteller-krause-biagosch","9":"pa_typ-j-138-bn","11":"first","12":"instock","13":"sold-individually","14":"taxable","15":"shipping-taxable","16":"purchasable","17":"product-type-simple"},"jetpack_sharing_enabled":true,"_links":{"self":[{"href":"https:\/\/www.3p-gmbh.de\/pt-br\/wp-json\/wp\/v2\/product\/92207","targetHints":{"allow":["GET"]}}],"collection":[{"href":"https:\/\/www.3p-gmbh.de\/pt-br\/wp-json\/wp\/v2\/product"}],"about":[{"href":"https:\/\/www.3p-gmbh.de\/pt-br\/wp-json\/wp\/v2\/types\/product"}],"wp:featuredmedia":[{"embeddable":true,"href":"https:\/\/www.3p-gmbh.de\/pt-br\/wp-json\/wp\/v2\/media\/67884"}],"wp:attachment":[{"href":"https:\/\/www.3p-gmbh.de\/pt-br\/wp-json\/wp\/v2\/media?parent=92207"}],"wp:term":[{"taxonomy":"product_brand","embeddable":true,"href":"https:\/\/www.3p-gmbh.de\/pt-br\/wp-json\/wp\/v2\/product_brand?post=92207"},{"taxonomy":"product_cat","embeddable":true,"href":"https:\/\/www.3p-gmbh.de\/pt-br\/wp-json\/wp\/v2\/product_cat?post=92207"},{"taxonomy":"product_tag","embeddable":true,"href":"https:\/\/www.3p-gmbh.de\/pt-br\/wp-json\/wp\/v2\/product_tag?post=92207"}],"curies":[{"name":"wp","href":"https:\/\/api.w.org\/{rel}","templated":true}]}}