{"id":92196,"date":"2019-07-11T13:57:16","date_gmt":"2019-07-11T13:57:16","guid":{"rendered":"https:\/\/www.3p-gmbh.de\/produkt\/encadernadora-de-lombada-quadrada-heidelberg-eurobind-eb-600\/"},"modified":"2019-07-11T13:57:16","modified_gmt":"2019-07-11T13:57:16","slug":"colar-amarrar-2","status":"publish","type":"product","link":"https:\/\/www.3p-gmbh.de\/pt-br\/produkt\/colar-amarrar-2\/","title":{"rendered":"Encadernadora de lombada quadrada Heidelberg Eurobind EB-600"},"content":{"rendered":"<ul>\n<li>para adesivo de fus\u00e3o a quente<\/li>\n<li>Extra\u00e7\u00e3o de vapores de cola<\/li>\n<li>Ferramentas de corte e vinco<\/li>\n<li>Controlo do envelope de folha dupla<\/li>\n<li>Ecr\u00e3 t\u00e1til com configura\u00e7\u00e3o f\u00e1cil atrav\u00e9s de \u00edcones, temporizador de pr\u00e9-aquecimento, para colagem de lombada e laterais, contador de c\u00f3pias, an\u00e1lise de erros, etc.<\/li>\n<li>Alicate pneum\u00e1tico de abertura e fecho<\/li>\n<li>Ajuste autom\u00e1tico da abertura da tesoura de acordo com a espessura do bloco, do disco de colagem lateral de acordo com a espessura do bloco, do vinco posterior de acordo com a espessura do bloco, da profundidade do vinco<\/li>\n<li>Posicionamento da calha de guia do envelope posterior de acordo com a largura do envelope<\/li>\n<li>Profundidade de fresagem ajust\u00e1vel 0-3 mm<\/li>\n<li>Esta\u00e7\u00e3o de maquinagem traseira com uma ferramenta combinada com cortadores de p\u00f3<\/li>\n<li>Faca de entalhar e escova de an\u00e9is regul\u00e1veis em altura<\/li>\n<li>Bacia de cola termofus\u00edvel com dois rolos de aplica\u00e7\u00e3o e rodo de cola e unidade de colagem lateral integrada com discos inclinados (produ\u00e7\u00e3o poss\u00edvel sem cola lateral)<\/li>\n<li>Alimentador de capas com unidade de vinco duplo integrada (possibilidade de vinco decorativo)<\/li>\n<li>Prensagem autom\u00e1tica de envelopes<\/li>\n<li>Entrega por correia com empilhador de um compartimento<\/li>\n<li>Velocidade: 600 ciclos<\/li>\n<li>Altura do bloco de livros: 120 mm &#8211; 440 mm<\/li>\n<li>Largura do bloco de livros: 120 mm &#8211; 320 mm<\/li>\n<li>Espessura do bloco de livros: 2 mm &#8211; 50 mm<\/li>\n<li>Gramagens: 60-170 g\/m2<\/li>\n<li>Largura da tampa: 242 mm &#8211; 710 mm<\/li>\n<li>Altura da tampa: 120 mm &#8211; 440 mm<\/li>\n<li>Gramagem da capa: 120 mm &#8211; 300 g\/m2<\/li>\n<li>Profundidade de fresagem: 0 -3 mm<\/li>\n<\/ul>\n","protected":false},"excerpt":{"rendered":"<p>para adesivo de fus\u00e3o a quente Extra\u00e7\u00e3o de vapores de cola Ferramentas de corte e vinco Controlo do envelope de folha dupla Ecr\u00e3 t\u00e1til com configura\u00e7\u00e3o f\u00e1cil atrav\u00e9s de \u00edcones, temporizador de pr\u00e9-aquecimento, para colagem de lombada e laterais, contador de c\u00f3pias, an\u00e1lise de erros, etc. Alicate pneum\u00e1tico de abertura e fecho Ajuste autom\u00e1tico da [&hellip;]<\/p>\n","protected":false},"featured_media":67872,"template":"","meta":[],"product_brand":[],"product_cat":[2952],"product_tag":[],"class_list":{"0":"post-92196","1":"product","2":"type-product","3":"status-publish","4":"has-post-thumbnail","6":"product_cat-aglutinante-adesivo","7":"pa_baujahr-326","8":"pa_hersteller-heidelberg","9":"pa_typ-eurobind-600-eb-600","11":"first","12":"instock","13":"sold-individually","14":"taxable","15":"shipping-taxable","16":"purchasable","17":"product-type-simple"},"jetpack_sharing_enabled":true,"_links":{"self":[{"href":"https:\/\/www.3p-gmbh.de\/pt-br\/wp-json\/wp\/v2\/product\/92196","targetHints":{"allow":["GET"]}}],"collection":[{"href":"https:\/\/www.3p-gmbh.de\/pt-br\/wp-json\/wp\/v2\/product"}],"about":[{"href":"https:\/\/www.3p-gmbh.de\/pt-br\/wp-json\/wp\/v2\/types\/product"}],"wp:featuredmedia":[{"embeddable":true,"href":"https:\/\/www.3p-gmbh.de\/pt-br\/wp-json\/wp\/v2\/media\/67872"}],"wp:attachment":[{"href":"https:\/\/www.3p-gmbh.de\/pt-br\/wp-json\/wp\/v2\/media?parent=92196"}],"wp:term":[{"taxonomy":"product_brand","embeddable":true,"href":"https:\/\/www.3p-gmbh.de\/pt-br\/wp-json\/wp\/v2\/product_brand?post=92196"},{"taxonomy":"product_cat","embeddable":true,"href":"https:\/\/www.3p-gmbh.de\/pt-br\/wp-json\/wp\/v2\/product_cat?post=92196"},{"taxonomy":"product_tag","embeddable":true,"href":"https:\/\/www.3p-gmbh.de\/pt-br\/wp-json\/wp\/v2\/product_tag?post=92196"}],"curies":[{"name":"wp","href":"https:\/\/api.w.org\/{rel}","templated":true}]}}