{"id":92191,"date":"2019-07-11T13:57:16","date_gmt":"2019-07-11T13:57:16","guid":{"rendered":"https:\/\/www.3p-gmbh.de\/produkt\/karl-traenklein-brm-500-maquina-de-arredondamento-da-lombada\/"},"modified":"2019-07-11T13:57:16","modified_gmt":"2019-07-11T13:57:16","slug":"maquina-de-arredondamento-de-livros","status":"publish","type":"product","link":"https:\/\/www.3p-gmbh.de\/pt-br\/produkt\/maquina-de-arredondamento-de-livros\/","title":{"rendered":"Karl Tr\u00e4nklein BRM 500 m\u00e1quina de arredondamento da lombada"},"content":{"rendered":"<p>A m\u00e1quina permite o arredondamento r\u00e1pido e bem formado de blocos de livros cosidos a fio e com encaderna\u00e7\u00e3o perfeita. O ajuste r\u00e1pido da espessura de cada livro de acordo com a escala atrav\u00e9s do volante torna a m\u00e1quina econ\u00f3mica mesmo para tiragens curtas e muito curtas. Existe um trav\u00e3o de p\u00e9 para parar rapidamente a m\u00e1quina quando se muda de formato. Outras vantagens da m\u00e1quina de arredondar lombadas de livros s\u00e3o a sua pequena dimens\u00e3o, a constru\u00e7\u00e3o est\u00e1vel e o funcionamento silencioso.<\/p>\n<ul>\n<li>Largura de trabalho m\u00e1x. 540 mm<\/li>\n<li>Espessura do livro 0 &#8211; 100 mm<\/li>\n<li>Sa\u00edda 400 &#8211; 600 blocos\/hora<\/li>\n<li>Acess\u00f3rios 2 mesas de arruma\u00e7\u00e3o<\/li>\n<li>Espa\u00e7o necess\u00e1rio 120 x 100 x 120 cm<\/li>\n<li>Peso aprox. 390 kg<\/li>\n<\/ul>\n","protected":false},"excerpt":{"rendered":"<p>A m\u00e1quina permite o arredondamento r\u00e1pido e bem formado de blocos de livros cosidos a fio e com encaderna\u00e7\u00e3o perfeita. O ajuste r\u00e1pido da espessura de cada livro de acordo com a escala atrav\u00e9s do volante torna a m\u00e1quina econ\u00f3mica mesmo para tiragens curtas e muito curtas. Existe um trav\u00e3o de p\u00e9 para parar rapidamente [&hellip;]<\/p>\n","protected":false},"featured_media":67857,"template":"","meta":[],"product_brand":[],"product_cat":[2892],"product_tag":[],"class_list":{"0":"post-92191","1":"product","2":"type-product","3":"status-publish","4":"has-post-thumbnail","6":"product_cat-encadernacao-de-sortido","7":"pa_baujahr-357","8":"pa_hersteller-karl-traenklein","9":"pa_typ-brm-500","11":"first","12":"instock","13":"sold-individually","14":"taxable","15":"shipping-taxable","16":"purchasable","17":"product-type-simple"},"jetpack_sharing_enabled":true,"_links":{"self":[{"href":"https:\/\/www.3p-gmbh.de\/pt-br\/wp-json\/wp\/v2\/product\/92191","targetHints":{"allow":["GET"]}}],"collection":[{"href":"https:\/\/www.3p-gmbh.de\/pt-br\/wp-json\/wp\/v2\/product"}],"about":[{"href":"https:\/\/www.3p-gmbh.de\/pt-br\/wp-json\/wp\/v2\/types\/product"}],"wp:featuredmedia":[{"embeddable":true,"href":"https:\/\/www.3p-gmbh.de\/pt-br\/wp-json\/wp\/v2\/media\/67857"}],"wp:attachment":[{"href":"https:\/\/www.3p-gmbh.de\/pt-br\/wp-json\/wp\/v2\/media?parent=92191"}],"wp:term":[{"taxonomy":"product_brand","embeddable":true,"href":"https:\/\/www.3p-gmbh.de\/pt-br\/wp-json\/wp\/v2\/product_brand?post=92191"},{"taxonomy":"product_cat","embeddable":true,"href":"https:\/\/www.3p-gmbh.de\/pt-br\/wp-json\/wp\/v2\/product_cat?post=92191"},{"taxonomy":"product_tag","embeddable":true,"href":"https:\/\/www.3p-gmbh.de\/pt-br\/wp-json\/wp\/v2\/product_tag?post=92191"}],"curies":[{"name":"wp","href":"https:\/\/api.w.org\/{rel}","templated":true}]}}