{"id":92173,"date":"2019-07-11T13:57:24","date_gmt":"2019-07-11T13:57:24","guid":{"rendered":"https:\/\/www.3p-gmbh.de\/produkt\/prensa-para-colar-blocos-muero-5000-a3-wt\/"},"modified":"2019-07-11T13:57:24","modified_gmt":"2019-07-11T13:57:24","slug":"prensa-para-colar-blocos","status":"publish","type":"product","link":"https:\/\/www.3p-gmbh.de\/pt-br\/produkt\/prensa-para-colar-blocos\/","title":{"rendered":"Prensa para colar blocos M\u00fcro 5000 A3 WT"},"content":{"rendered":"<p>Esta prensa de cola em bloco tem uma base m\u00f3vel, secagem por soprador de ar quente, deflector de calor para uma secagem uniforme e inser\u00e7\u00e3o de prensa para pequenas pilhas. A vantagem da prensa A3 reside na maior capacidade de reten\u00e7\u00e3o para pilhas A 3 e especialmente para a colagem 2-up de conjuntos de formul\u00e1rios ou brochuras DIN A 5. A secagem 2-up resulta em tempos de produ\u00e7\u00e3o ainda mais curtos. Com o modelo 5000 A 3 WT tem a vantagem da estrutura inferior m\u00f3vel e da secagem com ventilador de ar quente. Ap\u00f3s a colagem e a eventual coloca\u00e7\u00e3o do verso da encaderna\u00e7\u00e3o, a aba na estrutura inferior \u00e9 aberta e a secagem por ar quente \u00e9 activada automaticamente atrav\u00e9s de um interrutor de limite. Para garantir que a secagem se efectua uniformemente em cima e em baixo, a chapa de aquecimento \u00e9 colocada por cima.<\/p>\n<ul>\n<li>Altura de empilhamento: 52,5 cm<\/li>\n<li>Largura da prensa: 52,5 cm<\/li>\n<li>Profundidade da prensa: 32 cm<\/li>\n<li>Espa\u00e7o necess\u00e1rio: 0,9m x1,2m<\/li>\n<li>Carga ligada: 400 V<\/li>\n<li>Peso: aprox. 46 kg<\/li>\n<\/ul>\n","protected":false},"excerpt":{"rendered":"<p>Esta prensa de cola em bloco tem uma base m\u00f3vel, secagem por soprador de ar quente, deflector de calor para uma secagem uniforme e inser\u00e7\u00e3o de prensa para pequenas pilhas. A vantagem da prensa A3 reside na maior capacidade de reten\u00e7\u00e3o para pilhas A 3 e especialmente para a colagem 2-up de conjuntos de formul\u00e1rios [&hellip;]<\/p>\n","protected":false},"featured_media":68118,"template":"","meta":[],"product_brand":[],"product_cat":[2892],"product_tag":[],"class_list":{"0":"post-92173","1":"product","2":"type-product","3":"status-publish","4":"has-post-thumbnail","6":"product_cat-encadernacao-de-sortido","7":"pa_baujahr-153","8":"pa_hersteller-muero","9":"pa_typ-5000-a3-wt","11":"first","12":"instock","13":"sold-individually","14":"taxable","15":"shipping-taxable","16":"purchasable","17":"product-type-simple"},"jetpack_sharing_enabled":true,"_links":{"self":[{"href":"https:\/\/www.3p-gmbh.de\/pt-br\/wp-json\/wp\/v2\/product\/92173","targetHints":{"allow":["GET"]}}],"collection":[{"href":"https:\/\/www.3p-gmbh.de\/pt-br\/wp-json\/wp\/v2\/product"}],"about":[{"href":"https:\/\/www.3p-gmbh.de\/pt-br\/wp-json\/wp\/v2\/types\/product"}],"wp:featuredmedia":[{"embeddable":true,"href":"https:\/\/www.3p-gmbh.de\/pt-br\/wp-json\/wp\/v2\/media\/68118"}],"wp:attachment":[{"href":"https:\/\/www.3p-gmbh.de\/pt-br\/wp-json\/wp\/v2\/media?parent=92173"}],"wp:term":[{"taxonomy":"product_brand","embeddable":true,"href":"https:\/\/www.3p-gmbh.de\/pt-br\/wp-json\/wp\/v2\/product_brand?post=92173"},{"taxonomy":"product_cat","embeddable":true,"href":"https:\/\/www.3p-gmbh.de\/pt-br\/wp-json\/wp\/v2\/product_cat?post=92173"},{"taxonomy":"product_tag","embeddable":true,"href":"https:\/\/www.3p-gmbh.de\/pt-br\/wp-json\/wp\/v2\/product_tag?post=92173"}],"curies":[{"name":"wp","href":"https:\/\/api.w.org\/{rel}","templated":true}]}}