{"id":92171,"date":"2019-07-11T13:57:24","date_gmt":"2019-07-11T13:57:24","guid":{"rendered":"https:\/\/www.3p-gmbh.de\/produkt\/mesa-vibratoria-muero-office\/"},"modified":"2019-07-11T13:57:24","modified_gmt":"2019-07-11T13:57:24","slug":"ruetteltisch","status":"publish","type":"product","link":"https:\/\/www.3p-gmbh.de\/pt-br\/produkt\/ruetteltisch\/","title":{"rendered":"Mesa vibrat\u00f3ria M\u00fcro\/Office"},"content":{"rendered":"<ul>\n<li>Para alisamento vertical de folhas impressas de pequeno formato, conjuntos de formul\u00e1rios ou blocos, bem como brochuras, antes da colagem<\/li>\n<li>Superf\u00edcie vibrat\u00f3ria aprox. 55 x 35 cm<\/li>\n<li>Vibra\u00e7\u00e3o infinitamente ajust\u00e1vel<\/li>\n<li>Carga m\u00e1xima 25 kg<\/li>\n<li>220 volts<\/li>\n<\/ul>\n<p>Outros dom\u00ednios de aplica\u00e7\u00e3o na ind\u00fastria:<br \/>\nCompacta\u00e7\u00e3o de granulados ou resinas de fundi\u00e7\u00e3o, controlo de qualidade de componentes electr\u00f3nicos ou mec\u00e2nicos.<\/p>\n<p>Os contentores ou dispositivos de reten\u00e7\u00e3o podem ser aparafusados ou fixados no painel de madeira multiplex.<\/p>\n","protected":false},"excerpt":{"rendered":"<p>Para alisamento vertical de folhas impressas de pequeno formato, conjuntos de formul\u00e1rios ou blocos, bem como brochuras, antes da colagem Superf\u00edcie vibrat\u00f3ria aprox. 55 x 35 cm Vibra\u00e7\u00e3o infinitamente ajust\u00e1vel Carga m\u00e1xima 25 kg 220 volts Outros dom\u00ednios de aplica\u00e7\u00e3o na ind\u00fastria: Compacta\u00e7\u00e3o de granulados ou resinas de fundi\u00e7\u00e3o, controlo de qualidade de componentes electr\u00f3nicos [&hellip;]<\/p>\n","protected":false},"featured_media":68124,"template":"","meta":[],"product_brand":[],"product_cat":[2892],"product_tag":[],"class_list":{"0":"post-92171","1":"product","2":"type-product","3":"status-publish","4":"has-post-thumbnail","6":"product_cat-encadernacao-de-sortido","7":"pa_hersteller-muero-kuero","9":"first","10":"instock","11":"sold-individually","12":"taxable","13":"shipping-taxable","14":"purchasable","15":"product-type-simple"},"jetpack_sharing_enabled":true,"_links":{"self":[{"href":"https:\/\/www.3p-gmbh.de\/pt-br\/wp-json\/wp\/v2\/product\/92171","targetHints":{"allow":["GET"]}}],"collection":[{"href":"https:\/\/www.3p-gmbh.de\/pt-br\/wp-json\/wp\/v2\/product"}],"about":[{"href":"https:\/\/www.3p-gmbh.de\/pt-br\/wp-json\/wp\/v2\/types\/product"}],"wp:featuredmedia":[{"embeddable":true,"href":"https:\/\/www.3p-gmbh.de\/pt-br\/wp-json\/wp\/v2\/media\/68124"}],"wp:attachment":[{"href":"https:\/\/www.3p-gmbh.de\/pt-br\/wp-json\/wp\/v2\/media?parent=92171"}],"wp:term":[{"taxonomy":"product_brand","embeddable":true,"href":"https:\/\/www.3p-gmbh.de\/pt-br\/wp-json\/wp\/v2\/product_brand?post=92171"},{"taxonomy":"product_cat","embeddable":true,"href":"https:\/\/www.3p-gmbh.de\/pt-br\/wp-json\/wp\/v2\/product_cat?post=92171"},{"taxonomy":"product_tag","embeddable":true,"href":"https:\/\/www.3p-gmbh.de\/pt-br\/wp-json\/wp\/v2\/product_tag?post=92171"}],"curies":[{"name":"wp","href":"https:\/\/api.w.org\/{rel}","templated":true}]}}