{"id":92167,"date":"2019-07-11T13:57:24","date_gmt":"2019-07-11T13:57:24","guid":{"rendered":"https:\/\/www.3p-gmbh.de\/produkt\/eurotecnica-eurobind-436-encadernacao-com-adesivo-termofusivel\/"},"modified":"2019-07-11T13:57:24","modified_gmt":"2019-07-11T13:57:24","slug":"aglutinante-de-adesivos-termofusiveis","status":"publish","type":"product","link":"https:\/\/www.3p-gmbh.de\/pt-br\/produkt\/aglutinante-de-adesivos-termofusiveis\/","title":{"rendered":"Eurotecnica Eurobind 436 Encaderna\u00e7\u00e3o com adesivo termofus\u00edvel"},"content":{"rendered":"<ul>\n<li>Ano de fabrico 1999, 240000 liga\u00e7\u00f5es<\/li>\n<li>Sa\u00edda 500 expl.\/h<\/li>\n<li>Comprimento das costas: m\u00edn. 120 a max. 430 mm<\/li>\n<li>Espessura do bloco: min. 2 a max. 60 mm<\/li>\n<li>com dispositivo de corte e fresagem, as fresas podem ser desligadas, a profundidade de fresagem \u00e9 ajust\u00e1vel de 0 a 3 mm<\/li>\n<\/ul>\n<p>Fun\u00e7\u00f5es<\/p>\n<ul>\n<li>autom\u00f3vel. Abrir e fechar a pin\u00e7a<\/li>\n<li>Vibrador para esta\u00e7\u00e3o de tensionamento<\/li>\n<li>Dispositivo de corte e fresagem com extra\u00e7\u00e3o de aparas<\/li>\n<li>dois rolos de aplica\u00e7\u00e3o de cola<\/li>\n<li>colagem do lado ativo<\/li>\n<li>Extra\u00e7\u00e3o de fumos de cola<\/li>\n<li>Alimentador de envelopes com vara de suc\u00e7\u00e3o<\/li>\n<li>Prensas de transfer\u00eancia e transfer\u00eancia el\u00e9ctrica<\/li>\n<li>Regresso de Tong<\/li>\n<li>el\u00e9trico. Transportador de sa\u00edda<\/li>\n<li>Contador de circula\u00e7\u00e3o<\/li>\n<li>Temporizador de 24 horas<\/li>\n<li>Compressor<\/li>\n<\/ul>\n","protected":false},"excerpt":{"rendered":"<p>Ano de fabrico 1999, 240000 liga\u00e7\u00f5es Sa\u00edda 500 expl.\/h Comprimento das costas: m\u00edn. 120 a max. 430 mm Espessura do bloco: min. 2 a max. 60 mm com dispositivo de corte e fresagem, as fresas podem ser desligadas, a profundidade de fresagem \u00e9 ajust\u00e1vel de 0 a 3 mm Fun\u00e7\u00f5es autom\u00f3vel. Abrir e fechar a [&hellip;]<\/p>\n","protected":false},"featured_media":68094,"template":"","meta":[],"product_brand":[],"product_cat":[2952],"product_tag":[],"class_list":{"0":"post-92167","1":"product","2":"type-product","3":"status-publish","4":"has-post-thumbnail","6":"product_cat-aglutinante-adesivo","7":"pa_baujahr-158","8":"pa_hersteller-eurotecnica","9":"pa_typ-euro-bind-436-matic","11":"first","12":"instock","13":"sold-individually","14":"taxable","15":"shipping-taxable","16":"purchasable","17":"product-type-simple"},"jetpack_sharing_enabled":true,"_links":{"self":[{"href":"https:\/\/www.3p-gmbh.de\/pt-br\/wp-json\/wp\/v2\/product\/92167","targetHints":{"allow":["GET"]}}],"collection":[{"href":"https:\/\/www.3p-gmbh.de\/pt-br\/wp-json\/wp\/v2\/product"}],"about":[{"href":"https:\/\/www.3p-gmbh.de\/pt-br\/wp-json\/wp\/v2\/types\/product"}],"wp:featuredmedia":[{"embeddable":true,"href":"https:\/\/www.3p-gmbh.de\/pt-br\/wp-json\/wp\/v2\/media\/68094"}],"wp:attachment":[{"href":"https:\/\/www.3p-gmbh.de\/pt-br\/wp-json\/wp\/v2\/media?parent=92167"}],"wp:term":[{"taxonomy":"product_brand","embeddable":true,"href":"https:\/\/www.3p-gmbh.de\/pt-br\/wp-json\/wp\/v2\/product_brand?post=92167"},{"taxonomy":"product_cat","embeddable":true,"href":"https:\/\/www.3p-gmbh.de\/pt-br\/wp-json\/wp\/v2\/product_cat?post=92167"},{"taxonomy":"product_tag","embeddable":true,"href":"https:\/\/www.3p-gmbh.de\/pt-br\/wp-json\/wp\/v2\/product_tag?post=92167"}],"curies":[{"name":"wp","href":"https:\/\/api.w.org\/{rel}","templated":true}]}}