{"id":92158,"date":"2019-07-11T13:57:24","date_gmt":"2019-07-11T13:57:24","guid":{"rendered":"https:\/\/www.3p-gmbh.de\/produkt\/cabecas-de-costura-muller-martini\/"},"modified":"2019-07-11T13:57:24","modified_gmt":"2019-07-11T13:57:24","slug":"cabecas-de-agrafos-2","status":"publish","type":"product","link":"https:\/\/www.3p-gmbh.de\/pt-br\/produkt\/cabecas-de-agrafos-2\/","title":{"rendered":"Cabe\u00e7as de costura Muller Martini"},"content":{"rendered":"<ul>\n<li>4 Cabe\u00e7a de costura com ilh\u00f3s Muller Martini (HKOe 0,8mm), n\u00famero do artigo: 249.0050, pode ser utilizada em m\u00e1quinas de costura de selim Muller Martini (por exemplo, Bravo, Prima, Amrys&#8230;)<\/li>\n<li>2 cabe\u00e7as de agrafagem HK 75 0,6mm, n\u00famero de artigo 881.8070<\/li>\n<li>1 cabe\u00e7a de costura de ilh\u00f3s HKOe 0,8mm, n\u00famero de artigo 1550.0029<\/li>\n<li>2 cabe\u00e7as de agrafagem HK 75 0,6mm<\/li>\n<li>2 cabe\u00e7as de agrafagem HK 45<\/li>\n<li>2 cabe\u00e7as de costura HK 55 para costureiras de selim Bravo, Presto, Prima&#8230;<\/li>\n<\/ul>\n","protected":false},"excerpt":{"rendered":"<p>4 Cabe\u00e7a de costura com ilh\u00f3s Muller Martini (HKOe 0,8mm), n\u00famero do artigo: 249.0050, pode ser utilizada em m\u00e1quinas de costura de selim Muller Martini (por exemplo, Bravo, Prima, Amrys&#8230;) 2 cabe\u00e7as de agrafagem HK 75 0,6mm, n\u00famero de artigo 881.8070 1 cabe\u00e7a de costura de ilh\u00f3s HKOe 0,8mm, n\u00famero de artigo 1550.0029 2 cabe\u00e7as [&hellip;]<\/p>\n","protected":false},"featured_media":68058,"template":"","meta":[],"product_brand":[],"product_cat":[2908],"product_tag":[],"class_list":{"0":"post-92158","1":"product","2":"type-product","3":"status-publish","4":"has-post-thumbnail","6":"product_cat-costureira-de-sela","7":"pa_baujahr-127","8":"pa_hersteller-mueller-martini","9":"pa_typ-hk-75-hkoe-hk-45-hk-55","11":"first","12":"instock","13":"sold-individually","14":"taxable","15":"shipping-taxable","16":"purchasable","17":"product-type-simple"},"jetpack_sharing_enabled":true,"_links":{"self":[{"href":"https:\/\/www.3p-gmbh.de\/pt-br\/wp-json\/wp\/v2\/product\/92158","targetHints":{"allow":["GET"]}}],"collection":[{"href":"https:\/\/www.3p-gmbh.de\/pt-br\/wp-json\/wp\/v2\/product"}],"about":[{"href":"https:\/\/www.3p-gmbh.de\/pt-br\/wp-json\/wp\/v2\/types\/product"}],"wp:featuredmedia":[{"embeddable":true,"href":"https:\/\/www.3p-gmbh.de\/pt-br\/wp-json\/wp\/v2\/media\/68058"}],"wp:attachment":[{"href":"https:\/\/www.3p-gmbh.de\/pt-br\/wp-json\/wp\/v2\/media?parent=92158"}],"wp:term":[{"taxonomy":"product_brand","embeddable":true,"href":"https:\/\/www.3p-gmbh.de\/pt-br\/wp-json\/wp\/v2\/product_brand?post=92158"},{"taxonomy":"product_cat","embeddable":true,"href":"https:\/\/www.3p-gmbh.de\/pt-br\/wp-json\/wp\/v2\/product_cat?post=92158"},{"taxonomy":"product_tag","embeddable":true,"href":"https:\/\/www.3p-gmbh.de\/pt-br\/wp-json\/wp\/v2\/product_tag?post=92158"}],"curies":[{"name":"wp","href":"https:\/\/api.w.org\/{rel}","templated":true}]}}