{"id":92144,"date":"2019-07-11T13:57:24","date_gmt":"2019-07-11T13:57:24","guid":{"rendered":"https:\/\/www.3p-gmbh.de\/produkt\/planax-perfect-binder-f-ii-maquina-de-encadernacao-com-cola-fria\/"},"modified":"2019-07-11T13:57:24","modified_gmt":"2019-07-11T13:57:24","slug":"maquina-de-encadernacao-com-cola-fria","status":"publish","type":"product","link":"https:\/\/www.3p-gmbh.de\/pt-br\/produkt\/maquina-de-encadernacao-com-cola-fria\/","title":{"rendered":"Planax Perfect Binder F II M\u00e1quina de encaderna\u00e7\u00e3o com cola fria"},"content":{"rendered":"<p>Esta m\u00e1quina de encaderna\u00e7\u00e3o \u00e9 adequada para a produ\u00e7\u00e3o de brochuras de alta qualidade com capas cont\u00ednuas. Ao utilizar a cola fria de dispers\u00e3o r\u00e1pida Planax Rapid, tamb\u00e9m \u00e9 poss\u00edvel processar de forma \u00f3ptima pap\u00e9is offset de impress\u00e3o art\u00edstica e de veludo.<\/p>\n<ul>\n<li>fluxo de trabalho autom\u00e1tico<\/li>\n<li>com esta\u00e7\u00e3o de corte e fresagem<\/li>\n<li>Extra\u00e7\u00e3o de p\u00f3 de papel<\/li>\n<li>Esta\u00e7\u00e3o de prensagem de bainhas<\/li>\n<li>Estrutura inferior<\/li>\n<li>\u00c2ngulo de estacionamento aquecido<\/li>\n<li>Comprimento do bloco m\u00edn. 150mm, m\u00e1x. 380 mm<\/li>\n<li>Largura m\u00ednima do bloco 110, m\u00e1x. 350 mm<\/li>\n<li>Espessura do bloco 1-36mm<\/li>\n<\/ul>\n","protected":false},"excerpt":{"rendered":"<p>Esta m\u00e1quina de encaderna\u00e7\u00e3o \u00e9 adequada para a produ\u00e7\u00e3o de brochuras de alta qualidade com capas cont\u00ednuas. Ao utilizar a cola fria de dispers\u00e3o r\u00e1pida Planax Rapid, tamb\u00e9m \u00e9 poss\u00edvel processar de forma \u00f3ptima pap\u00e9is offset de impress\u00e3o art\u00edstica e de veludo. fluxo de trabalho autom\u00e1tico com esta\u00e7\u00e3o de corte e fresagem Extra\u00e7\u00e3o de p\u00f3 [&hellip;]<\/p>\n","protected":false},"featured_media":68019,"template":"","meta":[],"product_brand":[],"product_cat":[2892],"product_tag":[],"class_list":{"0":"post-92144","1":"product","2":"type-product","3":"status-publish","4":"has-post-thumbnail","6":"product_cat-encadernacao-de-sortido","7":"pa_baujahr-153","8":"pa_hersteller-planatol","9":"pa_typ-planaxperfect-binder-f-ii-mit-trockenstation","11":"first","12":"instock","13":"sold-individually","14":"taxable","15":"shipping-taxable","16":"purchasable","17":"product-type-simple"},"jetpack_sharing_enabled":true,"_links":{"self":[{"href":"https:\/\/www.3p-gmbh.de\/pt-br\/wp-json\/wp\/v2\/product\/92144","targetHints":{"allow":["GET"]}}],"collection":[{"href":"https:\/\/www.3p-gmbh.de\/pt-br\/wp-json\/wp\/v2\/product"}],"about":[{"href":"https:\/\/www.3p-gmbh.de\/pt-br\/wp-json\/wp\/v2\/types\/product"}],"wp:featuredmedia":[{"embeddable":true,"href":"https:\/\/www.3p-gmbh.de\/pt-br\/wp-json\/wp\/v2\/media\/68019"}],"wp:attachment":[{"href":"https:\/\/www.3p-gmbh.de\/pt-br\/wp-json\/wp\/v2\/media?parent=92144"}],"wp:term":[{"taxonomy":"product_brand","embeddable":true,"href":"https:\/\/www.3p-gmbh.de\/pt-br\/wp-json\/wp\/v2\/product_brand?post=92144"},{"taxonomy":"product_cat","embeddable":true,"href":"https:\/\/www.3p-gmbh.de\/pt-br\/wp-json\/wp\/v2\/product_cat?post=92144"},{"taxonomy":"product_tag","embeddable":true,"href":"https:\/\/www.3p-gmbh.de\/pt-br\/wp-json\/wp\/v2\/product_tag?post=92144"}],"curies":[{"name":"wp","href":"https:\/\/api.w.org\/{rel}","templated":true}]}}