{"id":92139,"date":"2019-07-11T13:57:32","date_gmt":"2019-07-11T13:57:32","guid":{"rendered":"https:\/\/www.3p-gmbh.de\/produkt\/prensa-de-colagem-de-blocos-de-mesa-muero-5000-a3-tm\/"},"modified":"2019-07-11T13:57:32","modified_gmt":"2019-07-11T13:57:32","slug":"prensa-para-colar-blocos-de-mesa","status":"publish","type":"product","link":"https:\/\/www.3p-gmbh.de\/pt-br\/produkt\/prensa-para-colar-blocos-de-mesa\/","title":{"rendered":"Prensa de colagem de blocos de mesa M\u00fcro 5000 A3 TM"},"content":{"rendered":"<ul>\n<li>para colagem de blocos, formul\u00e1rios e brochuras A 5 em formato DIN A 3 ou com 2 bolsas<\/li>\n<li>Acess\u00f3rios: inser\u00e7\u00e3o de prensa para pilhas pequenas<\/li>\n<li>Altura de empilhamento: 52,5 cm<\/li>\n<li>Largura da prensa: 52,5 cm<\/li>\n<li>Profundidade da prensa: 32 cm<\/li>\n<li>Peso: aprox. 29 kg<\/li>\n<\/ul>\n","protected":false},"excerpt":{"rendered":"<p>para colagem de blocos, formul\u00e1rios e brochuras A 5 em formato DIN A 3 ou com 2 bolsas Acess\u00f3rios: inser\u00e7\u00e3o de prensa para pilhas pequenas Altura de empilhamento: 52,5 cm Largura da prensa: 52,5 cm Profundidade da prensa: 32 cm Peso: aprox. 29 kg<\/p>\n","protected":false},"featured_media":68352,"template":"","meta":[],"product_brand":[],"product_cat":[2892],"product_tag":[],"class_list":{"0":"post-92139","1":"product","2":"type-product","3":"status-publish","4":"has-post-thumbnail","6":"product_cat-encadernacao-de-sortido","7":"pa_baujahr-205","8":"pa_hersteller-muero","9":"pa_typ-5000-a-3-tm-tischmodell","11":"first","12":"instock","13":"sold-individually","14":"taxable","15":"shipping-taxable","16":"purchasable","17":"product-type-simple"},"jetpack_sharing_enabled":true,"_links":{"self":[{"href":"https:\/\/www.3p-gmbh.de\/pt-br\/wp-json\/wp\/v2\/product\/92139","targetHints":{"allow":["GET"]}}],"collection":[{"href":"https:\/\/www.3p-gmbh.de\/pt-br\/wp-json\/wp\/v2\/product"}],"about":[{"href":"https:\/\/www.3p-gmbh.de\/pt-br\/wp-json\/wp\/v2\/types\/product"}],"wp:featuredmedia":[{"embeddable":true,"href":"https:\/\/www.3p-gmbh.de\/pt-br\/wp-json\/wp\/v2\/media\/68352"}],"wp:attachment":[{"href":"https:\/\/www.3p-gmbh.de\/pt-br\/wp-json\/wp\/v2\/media?parent=92139"}],"wp:term":[{"taxonomy":"product_brand","embeddable":true,"href":"https:\/\/www.3p-gmbh.de\/pt-br\/wp-json\/wp\/v2\/product_brand?post=92139"},{"taxonomy":"product_cat","embeddable":true,"href":"https:\/\/www.3p-gmbh.de\/pt-br\/wp-json\/wp\/v2\/product_cat?post=92139"},{"taxonomy":"product_tag","embeddable":true,"href":"https:\/\/www.3p-gmbh.de\/pt-br\/wp-json\/wp\/v2\/product_tag?post=92139"}],"curies":[{"name":"wp","href":"https:\/\/api.w.org\/{rel}","templated":true}]}}