{"id":92129,"date":"2019-07-11T13:57:32","date_gmt":"2019-07-11T13:57:32","guid":{"rendered":"https:\/\/www.3p-gmbh.de\/produkt\/maquina-de-colagem-de-dois-rolos-sumbel-herold-500\/"},"modified":"2019-07-11T13:57:32","modified_gmt":"2019-07-11T13:57:32","slug":"maquina-de-colagem-de-dois-rolos","status":"publish","type":"product","link":"https:\/\/www.3p-gmbh.de\/pt-br\/produkt\/maquina-de-colagem-de-dois-rolos\/","title":{"rendered":"M\u00e1quina de colagem de dois rolos Sumbel Herold 500"},"content":{"rendered":"<ul>\n<li>M\u00e1quina de colagem para papel, cart\u00e3o, papel\u00e3o, couro, etc.<\/li>\n<li>Acionamento do motor 230 volts 1 fase, com comuta\u00e7\u00e3o por passos<\/li>\n<li>Rolos de lat\u00e3o inoxid\u00e1vel<\/li>\n<li>Piscina de chumbo fria, regul\u00e1vel em altura<\/li>\n<li>Largura do rolo: 500 mm<\/li>\n<li>Raspador<\/li>\n<\/ul>\n","protected":false},"excerpt":{"rendered":"<p>M\u00e1quina de colagem para papel, cart\u00e3o, papel\u00e3o, couro, etc. Acionamento do motor 230 volts 1 fase, com comuta\u00e7\u00e3o por passos Rolos de lat\u00e3o inoxid\u00e1vel Piscina de chumbo fria, regul\u00e1vel em altura Largura do rolo: 500 mm Raspador<\/p>\n","protected":false},"featured_media":68328,"template":"","meta":[],"product_brand":[],"product_cat":[2892],"product_tag":[],"class_list":{"0":"post-92129","1":"product","2":"type-product","3":"status-publish","4":"has-post-thumbnail","6":"product_cat-encadernacao-de-sortido","7":"pa_baujahr-165","8":"pa_hersteller-sumbel","9":"pa_typ-herold-500","11":"first","12":"instock","13":"sold-individually","14":"taxable","15":"shipping-taxable","16":"purchasable","17":"product-type-simple"},"jetpack_sharing_enabled":true,"_links":{"self":[{"href":"https:\/\/www.3p-gmbh.de\/pt-br\/wp-json\/wp\/v2\/product\/92129","targetHints":{"allow":["GET"]}}],"collection":[{"href":"https:\/\/www.3p-gmbh.de\/pt-br\/wp-json\/wp\/v2\/product"}],"about":[{"href":"https:\/\/www.3p-gmbh.de\/pt-br\/wp-json\/wp\/v2\/types\/product"}],"wp:featuredmedia":[{"embeddable":true,"href":"https:\/\/www.3p-gmbh.de\/pt-br\/wp-json\/wp\/v2\/media\/68328"}],"wp:attachment":[{"href":"https:\/\/www.3p-gmbh.de\/pt-br\/wp-json\/wp\/v2\/media?parent=92129"}],"wp:term":[{"taxonomy":"product_brand","embeddable":true,"href":"https:\/\/www.3p-gmbh.de\/pt-br\/wp-json\/wp\/v2\/product_brand?post=92129"},{"taxonomy":"product_cat","embeddable":true,"href":"https:\/\/www.3p-gmbh.de\/pt-br\/wp-json\/wp\/v2\/product_cat?post=92129"},{"taxonomy":"product_tag","embeddable":true,"href":"https:\/\/www.3p-gmbh.de\/pt-br\/wp-json\/wp\/v2\/product_tag?post=92129"}],"curies":[{"name":"wp","href":"https:\/\/api.w.org\/{rel}","templated":true}]}}