{"id":92114,"date":"2019-07-11T13:57:32","date_gmt":"2019-07-11T13:57:32","guid":{"rendered":"https:\/\/www.3p-gmbh.de\/produkt\/prensa-de-colagem-de-blocos-muero-2000-a-4-wt\/"},"modified":"2019-07-11T13:57:32","modified_gmt":"2019-07-11T13:57:32","slug":"prensa-de-cola-para-blocos-3","status":"publish","type":"product","link":"https:\/\/www.3p-gmbh.de\/pt-br\/produkt\/prensa-de-cola-para-blocos-3\/","title":{"rendered":"Prensa de colagem de blocos M\u00fcro 2000 A 4 WT"},"content":{"rendered":"<ul>\n<li>para arquivo antigo, blocos, brochuras e colagem de formul\u00e1rios<\/li>\n<li>Secagem r\u00e1pida com ventilador de ar quente<\/li>\n<li>1100\/2150 Watt em 3 &#8211; 5 minutos<\/li>\n<li>funcionamento sem esfor\u00e7o<\/li>\n<li>Prensagem segura e f\u00e1cil do fuso, ajust\u00e1vel para DIN A 4 e DIN A 5<\/li>\n<li>Dimens\u00f5es da prensa transparente: altura 20 cm, largura 35 cm, profundidade 32 cm<\/li>\n<li>Carga ligada: 230 volts, 1100\/2150 watts<\/li>\n<\/ul>\n","protected":false},"excerpt":{"rendered":"<p>para arquivo antigo, blocos, brochuras e colagem de formul\u00e1rios Secagem r\u00e1pida com ventilador de ar quente 1100\/2150 Watt em 3 &#8211; 5 minutos funcionamento sem esfor\u00e7o Prensagem segura e f\u00e1cil do fuso, ajust\u00e1vel para DIN A 4 e DIN A 5 Dimens\u00f5es da prensa transparente: altura 20 cm, largura 35 cm, profundidade 32 cm Carga [&hellip;]<\/p>\n","protected":false},"featured_media":72537,"template":"","meta":[],"product_brand":[],"product_cat":[2892],"product_tag":[],"class_list":{"0":"post-92114","1":"product","2":"type-product","3":"status-publish","4":"has-post-thumbnail","6":"product_cat-encadernacao-de-sortido","7":"pa_baujahr-145","8":"pa_hersteller-muero","9":"pa_typ-2000-a-4-wt","11":"first","12":"instock","13":"sold-individually","14":"taxable","15":"shipping-taxable","16":"purchasable","17":"product-type-simple"},"jetpack_sharing_enabled":true,"_links":{"self":[{"href":"https:\/\/www.3p-gmbh.de\/pt-br\/wp-json\/wp\/v2\/product\/92114","targetHints":{"allow":["GET"]}}],"collection":[{"href":"https:\/\/www.3p-gmbh.de\/pt-br\/wp-json\/wp\/v2\/product"}],"about":[{"href":"https:\/\/www.3p-gmbh.de\/pt-br\/wp-json\/wp\/v2\/types\/product"}],"wp:featuredmedia":[{"embeddable":true,"href":"https:\/\/www.3p-gmbh.de\/pt-br\/wp-json\/wp\/v2\/media\/72537"}],"wp:attachment":[{"href":"https:\/\/www.3p-gmbh.de\/pt-br\/wp-json\/wp\/v2\/media?parent=92114"}],"wp:term":[{"taxonomy":"product_brand","embeddable":true,"href":"https:\/\/www.3p-gmbh.de\/pt-br\/wp-json\/wp\/v2\/product_brand?post=92114"},{"taxonomy":"product_cat","embeddable":true,"href":"https:\/\/www.3p-gmbh.de\/pt-br\/wp-json\/wp\/v2\/product_cat?post=92114"},{"taxonomy":"product_tag","embeddable":true,"href":"https:\/\/www.3p-gmbh.de\/pt-br\/wp-json\/wp\/v2\/product_tag?post=92114"}],"curies":[{"name":"wp","href":"https:\/\/api.w.org\/{rel}","templated":true}]}}