{"id":92109,"date":"2019-07-11T13:57:32","date_gmt":"2019-07-11T13:57:32","guid":{"rendered":"https:\/\/www.3p-gmbh.de\/produkt\/encadernadora-manual-com-cola-quente-fastbind-r2\/"},"modified":"2019-07-11T13:57:32","modified_gmt":"2019-07-11T13:57:32","slug":"aglutinante-manual-de-adesivos-termofusiveis","status":"publish","type":"product","link":"https:\/\/www.3p-gmbh.de\/pt-br\/produkt\/aglutinante-manual-de-adesivos-termofusiveis\/","title":{"rendered":"Encadernadora manual com cola quente Fastbind R2"},"content":{"rendered":"<p>M\u00c1QUINA DE ENCADERNA\u00c7\u00c3O PERFEITA COMPACTA FASTBIND R2 PRACTIC<br \/>\nA flexibilidade e o controlo da aplica\u00e7\u00e3o manual de cola tornam esta m\u00e1quina ideal para lojas de c\u00f3pias ou gr\u00e1ficas com volumes de encaderna\u00e7\u00e3o baixos a m\u00e9dios ou que trabalhem com pap\u00e9is revestidos, uma vez que os tempos de prepara\u00e7\u00e3o s\u00e3o eliminados. A R2 Practic \u00e9 uma m\u00e1quina de encaderna\u00e7\u00e3o perfeita de f\u00e1cil utiliza\u00e7\u00e3o. Pode ser utilizado rapidamente, uma vez que n\u00e3o \u00e9 necess\u00e1rio ter em aten\u00e7\u00e3o os diferentes formatos ou a espessura dos livros. Apesar do seu pequeno tamanho e custo, as caracter\u00edsticas das op\u00e7\u00f5es do sistema Fastbind permitem uma total liberdade de material.<\/p>\n<ul>\n<li>at\u00e9 450 opera\u00e7\u00f5es de colagem\/hora<\/li>\n<li>at\u00e9 180 livros\/hora<\/li>\n<li>com desbaste<\/li>\n<li>min. \/ max. Espessura da encaderna\u00e7\u00e3o (mm) 0,1 a 50<\/li>\n<li>m\u00e1ximo. Formato de encaderna\u00e7\u00e3o (mm) at\u00e9 435 x 305<\/li>\n<li>m\u00e1ximo. Espessura do material de cobertura (g\/m\u00b2) at\u00e9 400<\/li>\n<li>Volt\/frequ\u00eancia\/max. Consumo de energia 220-240 V\/50-60 Hz\/3 A<\/li>\n<\/ul>\n","protected":false},"excerpt":{"rendered":"<p>M\u00c1QUINA DE ENCADERNA\u00c7\u00c3O PERFEITA COMPACTA FASTBIND R2 PRACTIC A flexibilidade e o controlo da aplica\u00e7\u00e3o manual de cola tornam esta m\u00e1quina ideal para lojas de c\u00f3pias ou gr\u00e1ficas com volumes de encaderna\u00e7\u00e3o baixos a m\u00e9dios ou que trabalhem com pap\u00e9is revestidos, uma vez que os tempos de prepara\u00e7\u00e3o s\u00e3o eliminados. A R2 Practic \u00e9 uma [&hellip;]<\/p>\n","protected":false},"featured_media":68292,"template":"","meta":[],"product_brand":[],"product_cat":[2892],"product_tag":[],"class_list":{"0":"post-92109","1":"product","2":"type-product","3":"status-publish","4":"has-post-thumbnail","6":"product_cat-encadernacao-de-sortido","7":"pa_baujahr-153","8":"pa_hersteller-fastbind","9":"pa_typ-r2-practic","11":"first","12":"instock","13":"sold-individually","14":"taxable","15":"shipping-taxable","16":"purchasable","17":"product-type-simple"},"jetpack_sharing_enabled":true,"_links":{"self":[{"href":"https:\/\/www.3p-gmbh.de\/pt-br\/wp-json\/wp\/v2\/product\/92109","targetHints":{"allow":["GET"]}}],"collection":[{"href":"https:\/\/www.3p-gmbh.de\/pt-br\/wp-json\/wp\/v2\/product"}],"about":[{"href":"https:\/\/www.3p-gmbh.de\/pt-br\/wp-json\/wp\/v2\/types\/product"}],"wp:featuredmedia":[{"embeddable":true,"href":"https:\/\/www.3p-gmbh.de\/pt-br\/wp-json\/wp\/v2\/media\/68292"}],"wp:attachment":[{"href":"https:\/\/www.3p-gmbh.de\/pt-br\/wp-json\/wp\/v2\/media?parent=92109"}],"wp:term":[{"taxonomy":"product_brand","embeddable":true,"href":"https:\/\/www.3p-gmbh.de\/pt-br\/wp-json\/wp\/v2\/product_brand?post=92109"},{"taxonomy":"product_cat","embeddable":true,"href":"https:\/\/www.3p-gmbh.de\/pt-br\/wp-json\/wp\/v2\/product_cat?post=92109"},{"taxonomy":"product_tag","embeddable":true,"href":"https:\/\/www.3p-gmbh.de\/pt-br\/wp-json\/wp\/v2\/product_tag?post=92109"}],"curies":[{"name":"wp","href":"https:\/\/api.w.org\/{rel}","templated":true}]}}