{"id":92094,"date":"2019-07-11T13:57:32","date_gmt":"2019-07-11T13:57:32","guid":{"rendered":"https:\/\/www.3p-gmbh.de\/produkt\/serra-de-corte-wohlenberg-ts-11\/"},"modified":"2019-07-11T13:57:32","modified_gmt":"2019-07-11T13:57:32","slug":"serra-de-corte-de-blocos","status":"publish","type":"product","link":"https:\/\/www.3p-gmbh.de\/pt-br\/produkt\/serra-de-corte-de-blocos\/","title":{"rendered":"Serra de corte Wohlenberg TS 11"},"content":{"rendered":"<ul>\n<li>Serra de corte de blocos de livros para produtos de dois em dois de encaderna\u00e7\u00e3o adesiva<\/li>\n<li>com cinto revers\u00edvel Wohlenberg WB 12<\/li>\n<li>m\u00e1ximo. Formato 520x250mm<\/li>\n<li>Sa\u00edda 20.000 ciclos<\/li>\n<\/ul>\n","protected":false},"excerpt":{"rendered":"<p>Serra de corte de blocos de livros para produtos de dois em dois de encaderna\u00e7\u00e3o adesiva com cinto revers\u00edvel Wohlenberg WB 12 m\u00e1ximo. Formato 520x250mm Sa\u00edda 20.000 ciclos<\/p>\n","protected":false},"featured_media":68241,"template":"","meta":[],"product_brand":[],"product_cat":[2952],"product_tag":[],"class_list":{"0":"post-92094","1":"product","2":"type-product","3":"status-publish","4":"has-post-thumbnail","6":"product_cat-aglutinante-adesivo","7":"pa_baujahr-262","8":"pa_hersteller-wohlenberg","9":"pa_typ-ts-11s-mit-wendeband-12","11":"first","12":"instock","13":"sold-individually","14":"taxable","15":"shipping-taxable","16":"purchasable","17":"product-type-simple"},"jetpack_sharing_enabled":true,"_links":{"self":[{"href":"https:\/\/www.3p-gmbh.de\/pt-br\/wp-json\/wp\/v2\/product\/92094","targetHints":{"allow":["GET"]}}],"collection":[{"href":"https:\/\/www.3p-gmbh.de\/pt-br\/wp-json\/wp\/v2\/product"}],"about":[{"href":"https:\/\/www.3p-gmbh.de\/pt-br\/wp-json\/wp\/v2\/types\/product"}],"wp:featuredmedia":[{"embeddable":true,"href":"https:\/\/www.3p-gmbh.de\/pt-br\/wp-json\/wp\/v2\/media\/68241"}],"wp:attachment":[{"href":"https:\/\/www.3p-gmbh.de\/pt-br\/wp-json\/wp\/v2\/media?parent=92094"}],"wp:term":[{"taxonomy":"product_brand","embeddable":true,"href":"https:\/\/www.3p-gmbh.de\/pt-br\/wp-json\/wp\/v2\/product_brand?post=92094"},{"taxonomy":"product_cat","embeddable":true,"href":"https:\/\/www.3p-gmbh.de\/pt-br\/wp-json\/wp\/v2\/product_cat?post=92094"},{"taxonomy":"product_tag","embeddable":true,"href":"https:\/\/www.3p-gmbh.de\/pt-br\/wp-json\/wp\/v2\/product_tag?post=92094"}],"curies":[{"name":"wp","href":"https:\/\/api.w.org\/{rel}","templated":true}]}}