{"id":92075,"date":"2019-07-11T13:57:41","date_gmt":"2019-07-11T13:57:41","guid":{"rendered":"https:\/\/www.3p-gmbh.de\/produkt\/encadernadora-de-lombada-quadrada-heidelberg-eurobind-eb-1300-pur\/"},"modified":"2019-07-11T13:57:41","modified_gmt":"2019-07-11T13:57:41","slug":"4-tongs-pure-glue-tie","status":"publish","type":"product","link":"https:\/\/www.3p-gmbh.de\/pt-br\/produkt\/4-tongs-pure-glue-tie\/","title":{"rendered":"Encadernadora de lombada quadrada Heidelberg Eurobind EB-1300 PUR"},"content":{"rendered":"<ul>\n<li>Ano de fabrico 2012<\/li>\n<li>Apenas 850.000 encaderna\u00e7\u00f5es<\/li>\n<li>Pot\u00eancia mec\u00e2nica 1.300 expl.\/h<\/li>\n<li>Largura do bloco: 108 &#8211; 300 mm<\/li>\n<li>Altura do bloco: 145 &#8211; 360 mm<\/li>\n<li>Espessura do bloco: 2 &#8211; 45 mm<\/li>\n<li>Largura do alimentador de capas: 218 &#8211; 680 mm<\/li>\n<li>Altura do alimentador da tampa: 145 &#8211; 370 mm<\/li>\n<li>Gramagem: 120 &#8211; 300 g\/m\u00b2<\/li>\n<li>Profundidade de corte: 0 &#8211; 3 mm<\/li>\n<li>Aplicador de bocal natec PUR com pr\u00e9-meltro BS 250003 PUR<\/li>\n<\/ul>\n","protected":false},"excerpt":{"rendered":"<p>Ano de fabrico 2012 Apenas 850.000 encaderna\u00e7\u00f5es Pot\u00eancia mec\u00e2nica 1.300 expl.\/h Largura do bloco: 108 &#8211; 300 mm Altura do bloco: 145 &#8211; 360 mm Espessura do bloco: 2 &#8211; 45 mm Largura do alimentador de capas: 218 &#8211; 680 mm Altura do alimentador da tampa: 145 &#8211; 370 mm Gramagem: 120 &#8211; 300 g\/m\u00b2 [&hellip;]<\/p>\n","protected":false},"featured_media":70917,"template":"","meta":[],"product_brand":[],"product_cat":[2952],"product_tag":[],"class_list":{"0":"post-92075","1":"product","2":"type-product","3":"status-publish","4":"has-post-thumbnail","6":"product_cat-aglutinante-adesivo","7":"pa_baujahr-137","8":"pa_hersteller-heidelberg-stahl","9":"pa_typ-eurobind-eb-1300","11":"first","12":"instock","13":"sold-individually","14":"taxable","15":"shipping-taxable","16":"purchasable","17":"product-type-simple"},"jetpack_sharing_enabled":true,"_links":{"self":[{"href":"https:\/\/www.3p-gmbh.de\/pt-br\/wp-json\/wp\/v2\/product\/92075","targetHints":{"allow":["GET"]}}],"collection":[{"href":"https:\/\/www.3p-gmbh.de\/pt-br\/wp-json\/wp\/v2\/product"}],"about":[{"href":"https:\/\/www.3p-gmbh.de\/pt-br\/wp-json\/wp\/v2\/types\/product"}],"wp:featuredmedia":[{"embeddable":true,"href":"https:\/\/www.3p-gmbh.de\/pt-br\/wp-json\/wp\/v2\/media\/70917"}],"wp:attachment":[{"href":"https:\/\/www.3p-gmbh.de\/pt-br\/wp-json\/wp\/v2\/media?parent=92075"}],"wp:term":[{"taxonomy":"product_brand","embeddable":true,"href":"https:\/\/www.3p-gmbh.de\/pt-br\/wp-json\/wp\/v2\/product_brand?post=92075"},{"taxonomy":"product_cat","embeddable":true,"href":"https:\/\/www.3p-gmbh.de\/pt-br\/wp-json\/wp\/v2\/product_cat?post=92075"},{"taxonomy":"product_tag","embeddable":true,"href":"https:\/\/www.3p-gmbh.de\/pt-br\/wp-json\/wp\/v2\/product_tag?post=92075"}],"curies":[{"name":"wp","href":"https:\/\/api.w.org\/{rel}","templated":true}]}}