{"id":92071,"date":"2019-07-11T13:57:47","date_gmt":"2019-07-11T13:57:47","guid":{"rendered":"https:\/\/www.3p-gmbh.de\/produkt\/heidelberg-stahl-stitchmaster-st-100-2-alceadeira\/"},"modified":"2019-07-11T13:57:47","modified_gmt":"2019-07-11T13:57:47","slug":"alceadeira-4","status":"publish","type":"product","link":"https:\/\/www.3p-gmbh.de\/pt-br\/produkt\/alceadeira-4\/","title":{"rendered":"Heidelberg \/ Stahl Stitchmaster ST 100.2 Alceadeira"},"content":{"rendered":"<ul>\n<li>Ano de constru\u00e7\u00e3o 2008 apenas aprox. 2500 horas de funcionamento<\/li>\n<li>Sa\u00edda: 9.000 ciclos\/h<\/li>\n<li>Formato m\u00ednimo: 89 x 120 mm ou 92 x 126 mm (n\u00e3o aparado)<\/li>\n<li>Formato m\u00e1ximo: 305 x 349 mm ou 311 x 355 mm (n\u00e3o aparado)<\/li>\n<li>1 x alimentador de pastas de capa UFA 100<\/li>\n<li>3 x Alimentador vertical duplo DVA 100<\/li>\n<li>1 x op\u00e7\u00e3o de adi\u00e7\u00e3o manual no elo da corrente<\/li>\n<li>2 x bombas de v\u00e1cuo de press\u00e3o Becker KVT 3-60 e DVT 3-80<\/li>\n<li>1 Esta\u00e7\u00e3o de agrafagem 100,2<\/li>\n<li>2 x Cabe\u00e7as de costura standard Hohner NH 52\/8<\/li>\n<li>2 x cabe\u00e7as de remate com olhal Hohner 52\/8<\/li>\n<li>Guilhotina com dispositivo de corte central para produ\u00e7\u00e3o a dois<\/li>\n<li>1 Tabela de marca\u00e7\u00e3o de transfer\u00eancia<\/li>\n<li>1 entrega de cintas de telha<\/li>\n<li>Empilhador Rima KL 1112 tamb\u00e9m dispon\u00edvel como op\u00e7\u00e3o<\/li>\n<\/ul>\n","protected":false},"excerpt":{"rendered":"<p>Ano de constru\u00e7\u00e3o 2008 apenas aprox. 2500 horas de funcionamento Sa\u00edda: 9.000 ciclos\/h Formato m\u00ednimo: 89 x 120 mm ou 92 x 126 mm (n\u00e3o aparado) Formato m\u00e1ximo: 305 x 349 mm ou 311 x 355 mm (n\u00e3o aparado) 1 x alimentador de pastas de capa UFA 100 3 x Alimentador vertical duplo DVA 100 [&hellip;]<\/p>\n","protected":false},"featured_media":68529,"template":"","meta":[],"product_brand":[],"product_cat":[2908],"product_tag":[],"class_list":{"0":"post-92071","1":"product","2":"type-product","3":"status-publish","4":"has-post-thumbnail","6":"product_cat-costureira-de-sela","7":"pa_baujahr-326","8":"pa_hersteller-heidelberg-stahl","9":"pa_typ-stichmaster-st-100-2","11":"first","12":"instock","13":"sold-individually","14":"taxable","15":"shipping-taxable","16":"purchasable","17":"product-type-simple"},"jetpack_sharing_enabled":true,"_links":{"self":[{"href":"https:\/\/www.3p-gmbh.de\/pt-br\/wp-json\/wp\/v2\/product\/92071","targetHints":{"allow":["GET"]}}],"collection":[{"href":"https:\/\/www.3p-gmbh.de\/pt-br\/wp-json\/wp\/v2\/product"}],"about":[{"href":"https:\/\/www.3p-gmbh.de\/pt-br\/wp-json\/wp\/v2\/types\/product"}],"wp:featuredmedia":[{"embeddable":true,"href":"https:\/\/www.3p-gmbh.de\/pt-br\/wp-json\/wp\/v2\/media\/68529"}],"wp:attachment":[{"href":"https:\/\/www.3p-gmbh.de\/pt-br\/wp-json\/wp\/v2\/media?parent=92071"}],"wp:term":[{"taxonomy":"product_brand","embeddable":true,"href":"https:\/\/www.3p-gmbh.de\/pt-br\/wp-json\/wp\/v2\/product_brand?post=92071"},{"taxonomy":"product_cat","embeddable":true,"href":"https:\/\/www.3p-gmbh.de\/pt-br\/wp-json\/wp\/v2\/product_cat?post=92071"},{"taxonomy":"product_tag","embeddable":true,"href":"https:\/\/www.3p-gmbh.de\/pt-br\/wp-json\/wp\/v2\/product_tag?post=92071"}],"curies":[{"name":"wp","href":"https:\/\/api.w.org\/{rel}","templated":true}]}}