{"id":92067,"date":"2019-07-11T13:57:47","date_gmt":"2019-07-11T13:57:47","guid":{"rendered":"https:\/\/www.3p-gmbh.de\/produkt\/cola-de-amostra-de-heidelberg-aco\/"},"modified":"2019-07-11T13:57:47","modified_gmt":"2019-07-11T13:57:47","slug":"amostra-de-adesivo","status":"publish","type":"product","link":"https:\/\/www.3p-gmbh.de\/pt-br\/produkt\/amostra-de-adesivo\/","title":{"rendered":"Cola de amostra de Heidelberg\/A\u00e7o"},"content":{"rendered":"<ul>\n<li>Amostras de adesivos WRV (aplica\u00e7\u00e3o frontal) e WKH (aplica\u00e7\u00e3o posterior) para integra\u00e7\u00e3o nas m\u00e1quinas de coser a arame ST 400 e ST 450<\/li>\n<li>at\u00e9 14.000 bares<\/li>\n<li>para cart\u00f5es, amostras, CD`s, DVD`s, folhetos, cart\u00f5es com chip<\/li>\n<\/ul>\n","protected":false},"excerpt":{"rendered":"<p>Amostras de adesivos WRV (aplica\u00e7\u00e3o frontal) e WKH (aplica\u00e7\u00e3o posterior) para integra\u00e7\u00e3o nas m\u00e1quinas de coser a arame ST 400 e ST 450 at\u00e9 14.000 bares para cart\u00f5es, amostras, CD`s, DVD`s, folhetos, cart\u00f5es com chip<\/p>\n","protected":false},"featured_media":68487,"template":"","meta":[],"product_brand":[],"product_cat":[2908],"product_tag":[],"class_list":{"0":"post-92067","1":"product","2":"type-product","3":"status-publish","4":"has-post-thumbnail","6":"product_cat-costureira-de-sela","7":"pa_baujahr-127","8":"pa_hersteller-heidelberg-stahl","9":"pa_typ-wpk-v","11":"first","12":"instock","13":"sold-individually","14":"taxable","15":"shipping-taxable","16":"purchasable","17":"product-type-simple"},"jetpack_sharing_enabled":true,"_links":{"self":[{"href":"https:\/\/www.3p-gmbh.de\/pt-br\/wp-json\/wp\/v2\/product\/92067","targetHints":{"allow":["GET"]}}],"collection":[{"href":"https:\/\/www.3p-gmbh.de\/pt-br\/wp-json\/wp\/v2\/product"}],"about":[{"href":"https:\/\/www.3p-gmbh.de\/pt-br\/wp-json\/wp\/v2\/types\/product"}],"wp:featuredmedia":[{"embeddable":true,"href":"https:\/\/www.3p-gmbh.de\/pt-br\/wp-json\/wp\/v2\/media\/68487"}],"wp:attachment":[{"href":"https:\/\/www.3p-gmbh.de\/pt-br\/wp-json\/wp\/v2\/media?parent=92067"}],"wp:term":[{"taxonomy":"product_brand","embeddable":true,"href":"https:\/\/www.3p-gmbh.de\/pt-br\/wp-json\/wp\/v2\/product_brand?post=92067"},{"taxonomy":"product_cat","embeddable":true,"href":"https:\/\/www.3p-gmbh.de\/pt-br\/wp-json\/wp\/v2\/product_cat?post=92067"},{"taxonomy":"product_tag","embeddable":true,"href":"https:\/\/www.3p-gmbh.de\/pt-br\/wp-json\/wp\/v2\/product_tag?post=92067"}],"curies":[{"name":"wp","href":"https:\/\/api.w.org\/{rel}","templated":true}]}}