{"id":92066,"date":"2019-07-11T13:57:47","date_gmt":"2019-07-11T13:57:47","guid":{"rendered":"https:\/\/www.3p-gmbh.de\/produkt\/alceadeira-heidelberg-steel-stitchmaster-st-450\/"},"modified":"2019-07-11T13:57:47","modified_gmt":"2019-07-11T13:57:47","slug":"costureira-de-sela-3","status":"publish","type":"product","link":"https:\/\/www.3p-gmbh.de\/pt-br\/produkt\/costureira-de-sela-3\/","title":{"rendered":"Alceadeira Heidelberg Steel Stitchmaster ST 450"},"content":{"rendered":"<ul>\n<li>Ecr\u00e3 de grandes dimens\u00f5es<\/li>\n<li>8 Cremalheiras de corrente com espada KUS<\/li>\n<li>4 alimentadores de p\u00e9 DVU 450 com ar de sopro intermitente<\/li>\n<li>2 alimentadores horizontais DHU 450 com ar de sopro intermitente<\/li>\n<li>1 alimentador de pastas de cart\u00f5es CHU 450 com segmentos de vinco<\/li>\n<li>Sopro de ar para campo vazio<\/li>\n<li>Sopro de ar entre os investidores<\/li>\n<li>1 Agrafador HS 450<\/li>\n<li>Dispositivo de transporte do fio de costura<\/li>\n<li>Porta-carret\u00e9is grande para arame<\/li>\n<li>Fornecimento de folhas em falta com intervalo<\/li>\n<li>Controlo da largura<\/li>\n<li>Dispositivo de troca r\u00e1pida para cabe\u00e7as de costura<\/li>\n<li>1 Controlo de agrafos a partir de baixo HKKU<\/li>\n<li>4 cabe\u00e7as de agrafagem 45-N14-24<\/li>\n<li>Cabe\u00e7as de costura com 4 an\u00e9is Hohner 50-L6<\/li>\n<li>1 Aparador TR 450<\/li>\n<li>dispositivo universal de transporte de pequeno formato 64&#215;120<\/li>\n<li>Dispositivo pneum\u00e1tico para duas facas de perfura\u00e7\u00e3o<\/li>\n<li>Unidade de corte central<\/li>\n<li>Controlo de corte<\/li>\n<li>Unidade de corte Trio<\/li>\n<li>Mesa de marca\u00e7\u00e3o de transfer\u00eancia ULMW com interrutor de exclus\u00e3o<\/li>\n<li>Empilhador HD autom\u00e1tico<\/li>\n<li>Correia de distribui\u00e7\u00e3o 832 mm<\/li>\n<li>T\u00fanel 832 com guia telesc\u00f3pica Telem<\/li>\n<li>Servo ejetor<\/li>\n<li>mesa de descolagem m\u00f3vel 1200mm MT 1200<\/li>\n<li>Tapete transportador de aparas<\/li>\n<\/ul>\n","protected":false},"excerpt":{"rendered":"<p>Ecr\u00e3 de grandes dimens\u00f5es 8 Cremalheiras de corrente com espada KUS 4 alimentadores de p\u00e9 DVU 450 com ar de sopro intermitente 2 alimentadores horizontais DHU 450 com ar de sopro intermitente 1 alimentador de pastas de cart\u00f5es CHU 450 com segmentos de vinco Sopro de ar para campo vazio Sopro de ar entre os [&hellip;]<\/p>\n","protected":false},"featured_media":68469,"template":"","meta":[],"product_brand":[],"product_cat":[2908],"product_tag":[],"class_list":{"0":"post-92066","1":"product","2":"type-product","3":"status-publish","4":"has-post-thumbnail","6":"product_cat-costureira-de-sela","7":"pa_baujahr-140","8":"pa_hersteller-heidelberg-stahl","9":"pa_typ-stitchmaster-st-450","11":"first","12":"instock","13":"sold-individually","14":"taxable","15":"shipping-taxable","16":"purchasable","17":"product-type-simple"},"jetpack_sharing_enabled":true,"_links":{"self":[{"href":"https:\/\/www.3p-gmbh.de\/pt-br\/wp-json\/wp\/v2\/product\/92066","targetHints":{"allow":["GET"]}}],"collection":[{"href":"https:\/\/www.3p-gmbh.de\/pt-br\/wp-json\/wp\/v2\/product"}],"about":[{"href":"https:\/\/www.3p-gmbh.de\/pt-br\/wp-json\/wp\/v2\/types\/product"}],"wp:featuredmedia":[{"embeddable":true,"href":"https:\/\/www.3p-gmbh.de\/pt-br\/wp-json\/wp\/v2\/media\/68469"}],"wp:attachment":[{"href":"https:\/\/www.3p-gmbh.de\/pt-br\/wp-json\/wp\/v2\/media?parent=92066"}],"wp:term":[{"taxonomy":"product_brand","embeddable":true,"href":"https:\/\/www.3p-gmbh.de\/pt-br\/wp-json\/wp\/v2\/product_brand?post=92066"},{"taxonomy":"product_cat","embeddable":true,"href":"https:\/\/www.3p-gmbh.de\/pt-br\/wp-json\/wp\/v2\/product_cat?post=92066"},{"taxonomy":"product_tag","embeddable":true,"href":"https:\/\/www.3p-gmbh.de\/pt-br\/wp-json\/wp\/v2\/product_tag?post=92066"}],"curies":[{"name":"wp","href":"https:\/\/api.w.org\/{rel}","templated":true}]}}