{"id":92050,"date":"2019-07-11T13:57:47","date_gmt":"2019-07-11T13:57:47","guid":{"rendered":"https:\/\/www.3p-gmbh.de\/produkt\/cabecas-de-costura-com-ilhos-heidelberg-hohner-52-8-s-l6\/"},"modified":"2019-07-11T13:57:47","modified_gmt":"2019-07-11T13:57:47","slug":"ringoesenheftkoepfe","status":"publish","type":"product","link":"https:\/\/www.3p-gmbh.de\/pt-br\/produkt\/ringoesenheftkoepfe\/","title":{"rendered":"Cabe\u00e7as de costura com ilh\u00f3s Heidelberg\/Hohner 52-8 S L6"},"content":{"rendered":"<p>Com os seus conjuntos de pe\u00e7as intercambi\u00e1veis opcionais para diferentes comprimentos de costas de agrafos, di\u00e2metros de ilh\u00f3s de anel e tipos de arame, esta continua a ser a cabe\u00e7a de agrafagem mais flex\u00edvel e vers\u00e1til do mercado atual, adequada para velocidades m\u00e1ximas de at\u00e9 20.000 agrafos\/hora.<\/p>\n<p>&#8211; Extrema diversidade de grampos<br \/>\n&#8211; Pe\u00e7as intermut\u00e1veis opcionais, o que permite reduzir os custos<br \/>\n&#8211; Ajuste central r\u00e1pido do comprimento do fio e da espessura dos agrafos<br \/>\n&#8211; com caixa de alum\u00ednio<br \/>\n&#8211; Ajuste do comprimento do fio sem ferramentas e de f\u00e1cil utiliza\u00e7\u00e3o<br \/>\n&#8211; Fixa\u00e7\u00e3o extremamente estreita e robusta<\/p>\n","protected":false},"excerpt":{"rendered":"<p>Com os seus conjuntos de pe\u00e7as intercambi\u00e1veis opcionais para diferentes comprimentos de costas de agrafos, di\u00e2metros de ilh\u00f3s de anel e tipos de arame, esta continua a ser a cabe\u00e7a de agrafagem mais flex\u00edvel e vers\u00e1til do mercado atual, adequada para velocidades m\u00e1ximas de at\u00e9 20.000 agrafos\/hora. &#8211; Extrema diversidade de grampos &#8211; Pe\u00e7as intermut\u00e1veis [&hellip;]<\/p>\n","protected":false},"featured_media":68454,"template":"","meta":[],"product_brand":[],"product_cat":[2908],"product_tag":[],"class_list":{"0":"post-92050","1":"product","2":"type-product","3":"status-publish","4":"has-post-thumbnail","6":"product_cat-costureira-de-sela","7":"pa_baujahr-140","8":"pa_hersteller-heidelberg-oem-hohner","9":"pa_typ-52-8-s-l6-hk-52-8","11":"first","12":"instock","13":"sold-individually","14":"taxable","15":"shipping-taxable","16":"purchasable","17":"product-type-simple"},"jetpack_sharing_enabled":true,"_links":{"self":[{"href":"https:\/\/www.3p-gmbh.de\/pt-br\/wp-json\/wp\/v2\/product\/92050","targetHints":{"allow":["GET"]}}],"collection":[{"href":"https:\/\/www.3p-gmbh.de\/pt-br\/wp-json\/wp\/v2\/product"}],"about":[{"href":"https:\/\/www.3p-gmbh.de\/pt-br\/wp-json\/wp\/v2\/types\/product"}],"wp:featuredmedia":[{"embeddable":true,"href":"https:\/\/www.3p-gmbh.de\/pt-br\/wp-json\/wp\/v2\/media\/68454"}],"wp:attachment":[{"href":"https:\/\/www.3p-gmbh.de\/pt-br\/wp-json\/wp\/v2\/media?parent=92050"}],"wp:term":[{"taxonomy":"product_brand","embeddable":true,"href":"https:\/\/www.3p-gmbh.de\/pt-br\/wp-json\/wp\/v2\/product_brand?post=92050"},{"taxonomy":"product_cat","embeddable":true,"href":"https:\/\/www.3p-gmbh.de\/pt-br\/wp-json\/wp\/v2\/product_cat?post=92050"},{"taxonomy":"product_tag","embeddable":true,"href":"https:\/\/www.3p-gmbh.de\/pt-br\/wp-json\/wp\/v2\/product_tag?post=92050"}],"curies":[{"name":"wp","href":"https:\/\/api.w.org\/{rel}","templated":true}]}}