{"id":92047,"date":"2019-07-11T13:57:47","date_gmt":"2019-07-11T13:57:47","guid":{"rendered":"https:\/\/www.3p-gmbh.de\/produkt\/maquina-de-agrafar-arame-hohner-economy-25-40\/"},"modified":"2019-07-11T13:57:47","modified_gmt":"2019-07-11T13:57:47","slug":"maquina-de-agrafar-arame-de-cabeca-unica","status":"publish","type":"product","link":"https:\/\/www.3p-gmbh.de\/pt-br\/produkt\/maquina-de-agrafar-arame-de-cabeca-unica\/","title":{"rendered":"M\u00e1quina de agrafar arame Hohner Economy 25\/40"},"content":{"rendered":"<ul>\n<li>para blocos e brochuras com costura normal ou com ilh\u00f3s (op\u00e7\u00e3o)<\/li>\n<li>Constru\u00e7\u00e3o s\u00f3lida b\u00e1sica com elevada estabilidade para um agrafamento limpo<\/li>\n<li>Mesa regul\u00e1vel por pega: direita para blocos, inclinada para brochuras<\/li>\n<li>Liberta\u00e7\u00e3o com interrutor de p\u00e9, ambas as m\u00e3os livres para vestir<\/li>\n<li>Comprimento da bra\u00e7adeira traseira 14mm<\/li>\n<li>Funis de fio em rolo e em tubo para resultados de agrafagem fi\u00e1veis, mesmo com espessuras de agrafos maiores<\/li>\n<li>Espessura dos agrafos: 2 folhas &#8211; 25 mm com agrafos dobrados, at\u00e9 40 mm perfurados em ambos os lados<\/li>\n<li>adequado para o fio de costura n.\u00ba 21-30<\/li>\n<li>Capacidade m\u00e1xima de agrafamento: 206 agrafos \/ min<\/li>\n<li>Tamanho da mesa: 700 x 240 mm<\/li>\n<\/ul>\n","protected":false},"excerpt":{"rendered":"<p>para blocos e brochuras com costura normal ou com ilh\u00f3s (op\u00e7\u00e3o) Constru\u00e7\u00e3o s\u00f3lida b\u00e1sica com elevada estabilidade para um agrafamento limpo Mesa regul\u00e1vel por pega: direita para blocos, inclinada para brochuras Liberta\u00e7\u00e3o com interrutor de p\u00e9, ambas as m\u00e3os livres para vestir Comprimento da bra\u00e7adeira traseira 14mm Funis de fio em rolo e em tubo [&hellip;]<\/p>\n","protected":false},"featured_media":68418,"template":"","meta":[],"product_brand":[],"product_cat":[2908],"product_tag":[],"class_list":{"0":"post-92047","1":"product","2":"type-product","3":"status-publish","4":"has-post-thumbnail","6":"product_cat-costureira-de-sela","7":"pa_baujahr-198","8":"pa_hersteller-hohner","9":"pa_typ-economy-25-40","11":"first","12":"instock","13":"sold-individually","14":"taxable","15":"shipping-taxable","16":"purchasable","17":"product-type-simple"},"jetpack_sharing_enabled":true,"_links":{"self":[{"href":"https:\/\/www.3p-gmbh.de\/pt-br\/wp-json\/wp\/v2\/product\/92047","targetHints":{"allow":["GET"]}}],"collection":[{"href":"https:\/\/www.3p-gmbh.de\/pt-br\/wp-json\/wp\/v2\/product"}],"about":[{"href":"https:\/\/www.3p-gmbh.de\/pt-br\/wp-json\/wp\/v2\/types\/product"}],"wp:featuredmedia":[{"embeddable":true,"href":"https:\/\/www.3p-gmbh.de\/pt-br\/wp-json\/wp\/v2\/media\/68418"}],"wp:attachment":[{"href":"https:\/\/www.3p-gmbh.de\/pt-br\/wp-json\/wp\/v2\/media?parent=92047"}],"wp:term":[{"taxonomy":"product_brand","embeddable":true,"href":"https:\/\/www.3p-gmbh.de\/pt-br\/wp-json\/wp\/v2\/product_brand?post=92047"},{"taxonomy":"product_cat","embeddable":true,"href":"https:\/\/www.3p-gmbh.de\/pt-br\/wp-json\/wp\/v2\/product_cat?post=92047"},{"taxonomy":"product_tag","embeddable":true,"href":"https:\/\/www.3p-gmbh.de\/pt-br\/wp-json\/wp\/v2\/product_tag?post=92047"}],"curies":[{"name":"wp","href":"https:\/\/api.w.org\/{rel}","templated":true}]}}