{"id":92044,"date":"2019-07-11T13:57:47","date_gmt":"2019-07-11T13:57:47","guid":{"rendered":"https:\/\/www.3p-gmbh.de\/produkt\/alceadeira-de-sela-muller-martini-valore\/"},"modified":"2019-07-11T13:57:47","modified_gmt":"2019-07-11T13:57:47","slug":"costureiras-de-sela","status":"publish","type":"product","link":"https:\/\/www.3p-gmbh.de\/pt-br\/produkt\/costureiras-de-sela\/","title":{"rendered":"Alceadeira de sela Muller Martini Valore"},"content":{"rendered":"<ul>\n<li>Velocidade mec\u00e2nica 6000 ciclos\/h<\/li>\n<li>6 alimentador 1559<\/li>\n<li>1 Subs\u00eddio manual<\/li>\n<li>1 Tampa do alimentador<\/li>\n<li>1 Trimmer 1522 com 2 cabe\u00e7as de costura HK 75<\/li>\n<li>1 expositor de barrac\u00e3o 1564<\/li>\n<\/ul>\n","protected":false},"excerpt":{"rendered":"<p>Velocidade mec\u00e2nica 6000 ciclos\/h 6 alimentador 1559 1 Subs\u00eddio manual 1 Tampa do alimentador 1 Trimmer 1522 com 2 cabe\u00e7as de costura HK 75 1 expositor de barrac\u00e3o 1564<\/p>\n","protected":false},"featured_media":68382,"template":"","meta":[],"product_brand":[],"product_cat":[2908],"product_tag":[],"class_list":{"0":"post-92044","1":"product","2":"type-product","3":"status-publish","4":"has-post-thumbnail","6":"product_cat-costureira-de-sela","7":"pa_baujahr-140","8":"pa_hersteller-mueller-martini","9":"pa_typ-valore","11":"first","12":"instock","13":"sold-individually","14":"taxable","15":"shipping-taxable","16":"purchasable","17":"product-type-simple"},"jetpack_sharing_enabled":true,"_links":{"self":[{"href":"https:\/\/www.3p-gmbh.de\/pt-br\/wp-json\/wp\/v2\/product\/92044","targetHints":{"allow":["GET"]}}],"collection":[{"href":"https:\/\/www.3p-gmbh.de\/pt-br\/wp-json\/wp\/v2\/product"}],"about":[{"href":"https:\/\/www.3p-gmbh.de\/pt-br\/wp-json\/wp\/v2\/types\/product"}],"wp:featuredmedia":[{"embeddable":true,"href":"https:\/\/www.3p-gmbh.de\/pt-br\/wp-json\/wp\/v2\/media\/68382"}],"wp:attachment":[{"href":"https:\/\/www.3p-gmbh.de\/pt-br\/wp-json\/wp\/v2\/media?parent=92044"}],"wp:term":[{"taxonomy":"product_brand","embeddable":true,"href":"https:\/\/www.3p-gmbh.de\/pt-br\/wp-json\/wp\/v2\/product_brand?post=92044"},{"taxonomy":"product_cat","embeddable":true,"href":"https:\/\/www.3p-gmbh.de\/pt-br\/wp-json\/wp\/v2\/product_cat?post=92044"},{"taxonomy":"product_tag","embeddable":true,"href":"https:\/\/www.3p-gmbh.de\/pt-br\/wp-json\/wp\/v2\/product_tag?post=92044"}],"curies":[{"name":"wp","href":"https:\/\/api.w.org\/{rel}","templated":true}]}}