{"id":92026,"date":"2019-07-11T13:57:54","date_gmt":"2019-07-11T13:57:54","guid":{"rendered":"https:\/\/www.3p-gmbh.de\/produkt\/maquina-de-agrafar-arame-hohner-favorit\/"},"modified":"2019-07-11T13:57:54","modified_gmt":"2019-07-11T13:57:54","slug":"agrafador-de-arame-para-aldrabar","status":"publish","type":"product","link":"https:\/\/www.3p-gmbh.de\/pt-br\/produkt\/agrafador-de-arame-para-aldrabar\/","title":{"rendered":"M\u00e1quina de agrafar arame Hohner Favorit"},"content":{"rendered":"<ul>\n<li>para agrafagem normal<\/li>\n<li>para utilizar com fio de costura Bobinas de 2 kg de fio plano ou redondo<\/li>\n<li>Possibilidade de convers\u00e3o de costura em bloco para costura em cadernos<\/li>\n<li>com batente traseiro e lateral<\/li>\n<li>Liberta\u00e7\u00e3o do p\u00e9<\/li>\n<li>aprox. 25 mm de espessura de ader\u00eancia (arame de calibre 20) perfurado de um lado<\/li>\n<li>aprox. 35 mm perfurado em ambos os lados<\/li>\n<\/ul>\n","protected":false},"excerpt":{"rendered":"<p>para agrafagem normal para utilizar com fio de costura Bobinas de 2 kg de fio plano ou redondo Possibilidade de convers\u00e3o de costura em bloco para costura em cadernos com batente traseiro e lateral Liberta\u00e7\u00e3o do p\u00e9 aprox. 25 mm de espessura de ader\u00eancia (arame de calibre 20) perfurado de um lado aprox. 35 mm [&hellip;]<\/p>\n","protected":false},"featured_media":68739,"template":"","meta":[],"product_brand":[],"product_cat":[2908],"product_tag":[],"class_list":{"0":"post-92026","1":"product","2":"type-product","3":"status-publish","4":"has-post-thumbnail","6":"product_cat-costureira-de-sela","7":"pa_baujahr-272","8":"pa_hersteller-hohner","9":"pa_typ-favorit","11":"first","12":"instock","13":"sold-individually","14":"taxable","15":"shipping-taxable","16":"purchasable","17":"product-type-simple"},"jetpack_sharing_enabled":true,"_links":{"self":[{"href":"https:\/\/www.3p-gmbh.de\/pt-br\/wp-json\/wp\/v2\/product\/92026","targetHints":{"allow":["GET"]}}],"collection":[{"href":"https:\/\/www.3p-gmbh.de\/pt-br\/wp-json\/wp\/v2\/product"}],"about":[{"href":"https:\/\/www.3p-gmbh.de\/pt-br\/wp-json\/wp\/v2\/types\/product"}],"wp:featuredmedia":[{"embeddable":true,"href":"https:\/\/www.3p-gmbh.de\/pt-br\/wp-json\/wp\/v2\/media\/68739"}],"wp:attachment":[{"href":"https:\/\/www.3p-gmbh.de\/pt-br\/wp-json\/wp\/v2\/media?parent=92026"}],"wp:term":[{"taxonomy":"product_brand","embeddable":true,"href":"https:\/\/www.3p-gmbh.de\/pt-br\/wp-json\/wp\/v2\/product_brand?post=92026"},{"taxonomy":"product_cat","embeddable":true,"href":"https:\/\/www.3p-gmbh.de\/pt-br\/wp-json\/wp\/v2\/product_cat?post=92026"},{"taxonomy":"product_tag","embeddable":true,"href":"https:\/\/www.3p-gmbh.de\/pt-br\/wp-json\/wp\/v2\/product_tag?post=92026"}],"curies":[{"name":"wp","href":"https:\/\/api.w.org\/{rel}","templated":true}]}}