{"id":92006,"date":"2019-07-11T13:57:54","date_gmt":"2019-07-11T13:57:54","guid":{"rendered":"https:\/\/www.3p-gmbh.de\/produkt\/cabecas-de-costura-bostitch-9038-m\/"},"modified":"2019-07-11T13:57:54","modified_gmt":"2019-07-11T13:57:54","slug":"agrafar-ringoese-agrafar-ringoese-agrafar-ringoese-agrafar-ringoese-agrafar-ringoese","status":"publish","type":"product","link":"https:\/\/www.3p-gmbh.de\/pt-br\/produkt\/agrafar-ringoese-agrafar-ringoese-agrafar-ringoese-agrafar-ringoese-agrafar-ringoese\/","title":{"rendered":"Cabe\u00e7as de costura Bostitch 9038 M"},"content":{"rendered":"<ul>\n<li>Cabe\u00e7as de costura de arame recondicionadas para m\u00e1quinas de coser a arame, alceadeiras, linhas de calend\u00e1rio Pfaeffle, Bourg, Harris, Ehlermann, AM Graphics, Sheridan<\/li>\n<li>Cabe\u00e7as de ilh\u00f3s em anel e costura normal<\/li>\n<\/ul>\n","protected":false},"excerpt":{"rendered":"<p>Cabe\u00e7as de costura de arame recondicionadas para m\u00e1quinas de coser a arame, alceadeiras, linhas de calend\u00e1rio Pfaeffle, Bourg, Harris, Ehlermann, AM Graphics, Sheridan Cabe\u00e7as de ilh\u00f3s em anel e costura normal<\/p>\n","protected":false},"featured_media":68673,"template":"","meta":[],"product_brand":[],"product_cat":[2908],"product_tag":[],"class_list":{"0":"post-92006","1":"product","2":"type-product","3":"status-publish","4":"has-post-thumbnail","6":"product_cat-costureira-de-sela","7":"pa_hersteller-bostitch","8":"pa_typ-9038-m","10":"first","11":"instock","12":"sold-individually","13":"taxable","14":"shipping-taxable","15":"purchasable","16":"product-type-simple"},"jetpack_sharing_enabled":true,"_links":{"self":[{"href":"https:\/\/www.3p-gmbh.de\/pt-br\/wp-json\/wp\/v2\/product\/92006","targetHints":{"allow":["GET"]}}],"collection":[{"href":"https:\/\/www.3p-gmbh.de\/pt-br\/wp-json\/wp\/v2\/product"}],"about":[{"href":"https:\/\/www.3p-gmbh.de\/pt-br\/wp-json\/wp\/v2\/types\/product"}],"wp:featuredmedia":[{"embeddable":true,"href":"https:\/\/www.3p-gmbh.de\/pt-br\/wp-json\/wp\/v2\/media\/68673"}],"wp:attachment":[{"href":"https:\/\/www.3p-gmbh.de\/pt-br\/wp-json\/wp\/v2\/media?parent=92006"}],"wp:term":[{"taxonomy":"product_brand","embeddable":true,"href":"https:\/\/www.3p-gmbh.de\/pt-br\/wp-json\/wp\/v2\/product_brand?post=92006"},{"taxonomy":"product_cat","embeddable":true,"href":"https:\/\/www.3p-gmbh.de\/pt-br\/wp-json\/wp\/v2\/product_cat?post=92006"},{"taxonomy":"product_tag","embeddable":true,"href":"https:\/\/www.3p-gmbh.de\/pt-br\/wp-json\/wp\/v2\/product_tag?post=92006"}],"curies":[{"name":"wp","href":"https:\/\/api.w.org\/{rel}","templated":true}]}}