{"id":91997,"date":"2019-07-11T13:57:54","date_gmt":"2019-07-11T13:57:54","guid":{"rendered":"https:\/\/www.3p-gmbh.de\/produkt\/maquina-de-agrafar-arame-hohner-accord-13\/"},"modified":"2019-07-11T13:57:54","modified_gmt":"2019-07-11T13:57:54","slug":"maquina-de-coser-a-arame-de-cabeca-dupla","status":"publish","type":"product","link":"https:\/\/www.3p-gmbh.de\/pt-br\/produkt\/maquina-de-coser-a-arame-de-cabeca-dupla\/","title":{"rendered":"M\u00e1quina de agrafar arame Hohner Accord 13"},"content":{"rendered":"<ul>\n<li>M\u00e1quina de agrafagem de arame para blocos e brochuras com agrafagem normal ou com ilh\u00f3s de anel (kit de convers\u00e3o de ilh\u00f3s de anel n\u00e3o inclu\u00eddo)<\/li>\n<li>Constru\u00e7\u00e3o s\u00f3lida b\u00e1sica com elevada estabilidade para um agrafamento limpo<\/li>\n<li>Mesa regul\u00e1vel por pega: direita para blocos, inclinada para brochuras<\/li>\n<li>Funis de fio em rolo e em tubo para resultados de agrafagem fi\u00e1veis, mesmo com espessuras de agrafos maiores<\/li>\n<li>Espessura dos agrafos: 2 folhas &#8211; 13 mm com agrafos dobrados para baixo, at\u00e9 23 mm perfurados em ambos os lados<\/li>\n<li>Capacidade m\u00e1xima de agrafamento: 206 agrafos \/ min<\/li>\n<\/ul>\n","protected":false},"excerpt":{"rendered":"<p>M\u00e1quina de agrafagem de arame para blocos e brochuras com agrafagem normal ou com ilh\u00f3s de anel (kit de convers\u00e3o de ilh\u00f3s de anel n\u00e3o inclu\u00eddo) Constru\u00e7\u00e3o s\u00f3lida b\u00e1sica com elevada estabilidade para um agrafamento limpo Mesa regul\u00e1vel por pega: direita para blocos, inclinada para brochuras Funis de fio em rolo e em tubo para [&hellip;]<\/p>\n","protected":false},"featured_media":68646,"template":"","meta":[],"product_brand":[],"product_cat":[2908],"product_tag":[],"class_list":{"0":"post-91997","1":"product","2":"type-product","3":"status-publish","4":"has-post-thumbnail","6":"product_cat-costureira-de-sela","7":"pa_baujahr-150","8":"pa_hersteller-hohner","9":"pa_typ-accord-13","11":"first","12":"instock","13":"sold-individually","14":"taxable","15":"shipping-taxable","16":"purchasable","17":"product-type-simple"},"jetpack_sharing_enabled":true,"_links":{"self":[{"href":"https:\/\/www.3p-gmbh.de\/pt-br\/wp-json\/wp\/v2\/product\/91997","targetHints":{"allow":["GET"]}}],"collection":[{"href":"https:\/\/www.3p-gmbh.de\/pt-br\/wp-json\/wp\/v2\/product"}],"about":[{"href":"https:\/\/www.3p-gmbh.de\/pt-br\/wp-json\/wp\/v2\/types\/product"}],"wp:featuredmedia":[{"embeddable":true,"href":"https:\/\/www.3p-gmbh.de\/pt-br\/wp-json\/wp\/v2\/media\/68646"}],"wp:attachment":[{"href":"https:\/\/www.3p-gmbh.de\/pt-br\/wp-json\/wp\/v2\/media?parent=91997"}],"wp:term":[{"taxonomy":"product_brand","embeddable":true,"href":"https:\/\/www.3p-gmbh.de\/pt-br\/wp-json\/wp\/v2\/product_brand?post=91997"},{"taxonomy":"product_cat","embeddable":true,"href":"https:\/\/www.3p-gmbh.de\/pt-br\/wp-json\/wp\/v2\/product_cat?post=91997"},{"taxonomy":"product_tag","embeddable":true,"href":"https:\/\/www.3p-gmbh.de\/pt-br\/wp-json\/wp\/v2\/product_tag?post=91997"}],"curies":[{"name":"wp","href":"https:\/\/api.w.org\/{rel}","templated":true}]}}