{"id":91995,"date":"2019-07-11T13:57:54","date_gmt":"2019-07-11T13:57:54","guid":{"rendered":"https:\/\/www.3p-gmbh.de\/produkt\/gerhard-busch-kf-145-transportador-de-chips\/"},"modified":"2019-07-11T13:57:54","modified_gmt":"2019-07-11T13:57:54","slug":"spaenabtransportes","status":"publish","type":"product","link":"https:\/\/www.3p-gmbh.de\/pt-br\/produkt\/spaenabtransportes\/","title":{"rendered":"Gerhard Busch KF 145 Transportador de chips"},"content":{"rendered":"<p>As correias transportadoras de aparas s\u00e3o adequadas para serem ligadas a m\u00e1quinas de coser selas, encadernadoras perfeitas, guilhotinas de tr\u00eas l\u00e2minas, caso em que as aparas s\u00e3o transportadas para fora da guilhotina de tr\u00eas l\u00e2minas num \u00e2ngulo reto. A combina\u00e7\u00e3o do transportador auxiliar (HF) e do transportador de aparas (KF) pode ser configurada de acordo com as condi\u00e7\u00f5es espaciais, ou seja, \u00e0 esquerda ou \u00e0 direita da guilhotina de tr\u00eas l\u00e2minas.<\/p>\n","protected":false},"excerpt":{"rendered":"<p>As correias transportadoras de aparas s\u00e3o adequadas para serem ligadas a m\u00e1quinas de coser selas, encadernadoras perfeitas, guilhotinas de tr\u00eas l\u00e2minas, caso em que as aparas s\u00e3o transportadas para fora da guilhotina de tr\u00eas l\u00e2minas num \u00e2ngulo reto. A combina\u00e7\u00e3o do transportador auxiliar (HF) e do transportador de aparas (KF) pode ser configurada de acordo [&hellip;]<\/p>\n","protected":false},"featured_media":70905,"template":"","meta":[],"product_brand":[],"product_cat":[2908],"product_tag":[],"class_list":{"0":"post-91995","1":"product","2":"type-product","3":"status-publish","4":"has-post-thumbnail","6":"product_cat-costureira-de-sela","7":"pa_baujahr-452","8":"pa_hersteller-gerhard-busch","9":"pa_typ-buschgraph-kf-145-mit-hf-35","11":"first","12":"instock","13":"sold-individually","14":"taxable","15":"shipping-taxable","16":"purchasable","17":"product-type-simple"},"jetpack_sharing_enabled":true,"_links":{"self":[{"href":"https:\/\/www.3p-gmbh.de\/pt-br\/wp-json\/wp\/v2\/product\/91995","targetHints":{"allow":["GET"]}}],"collection":[{"href":"https:\/\/www.3p-gmbh.de\/pt-br\/wp-json\/wp\/v2\/product"}],"about":[{"href":"https:\/\/www.3p-gmbh.de\/pt-br\/wp-json\/wp\/v2\/types\/product"}],"wp:featuredmedia":[{"embeddable":true,"href":"https:\/\/www.3p-gmbh.de\/pt-br\/wp-json\/wp\/v2\/media\/70905"}],"wp:attachment":[{"href":"https:\/\/www.3p-gmbh.de\/pt-br\/wp-json\/wp\/v2\/media?parent=91995"}],"wp:term":[{"taxonomy":"product_brand","embeddable":true,"href":"https:\/\/www.3p-gmbh.de\/pt-br\/wp-json\/wp\/v2\/product_brand?post=91995"},{"taxonomy":"product_cat","embeddable":true,"href":"https:\/\/www.3p-gmbh.de\/pt-br\/wp-json\/wp\/v2\/product_cat?post=91995"},{"taxonomy":"product_tag","embeddable":true,"href":"https:\/\/www.3p-gmbh.de\/pt-br\/wp-json\/wp\/v2\/product_tag?post=91995"}],"curies":[{"name":"wp","href":"https:\/\/api.w.org\/{rel}","templated":true}]}}