{"id":91989,"date":"2019-07-11T13:57:54","date_gmt":"2019-07-11T13:57:54","guid":{"rendered":"https:\/\/www.3p-gmbh.de\/produkt\/cabecas-de-costura-de-ilhos-de-anel-52-l6-da-heidelberg\/"},"modified":"2019-07-11T13:57:54","modified_gmt":"2019-07-11T13:57:54","slug":"ringoesenheftkoepfe-2","status":"publish","type":"product","link":"https:\/\/www.3p-gmbh.de\/pt-br\/produkt\/ringoesenheftkoepfe-2\/","title":{"rendered":"Cabe\u00e7as de costura de ilh\u00f3s de anel 52-L6 da Heidelberg"},"content":{"rendered":"<ul>\n<li>Cabe\u00e7as de costura para ilh\u00f3s de argola di\u00e2metro 6m Hohner \/ a\u00e7o para ilh\u00f3s de argola modelo 52-L6 com caixa de aperto e empurrador dobr\u00e1vel<\/li>\n<li>com os seus conjuntos de pe\u00e7as intercambi\u00e1veis opcionais para diferentes comprimentos de costas de agrafos, di\u00e2metros de ilh\u00f3s de anel e tipos de arame, esta continua a ser a cabe\u00e7a de agrafagem mais flex\u00edvel e vers\u00e1til do mercado atual<\/li>\n<li>Adequado para velocidades m\u00e1ximas de at\u00e9 20.000 agrafos\/hora<\/li>\n<li>Extrema diversidade de grampos<\/li>\n<li>M\u00e1xima flexibilidade devido \u00e0 disponibilidade de pe\u00e7as opcionais intercambi\u00e1veis para uma vasta gama de tipos de agrafos e de fios e, por conseguinte, poupan\u00e7a de custos<\/li>\n<li>Ajuste central do comprimento do fio e da for\u00e7a dos agrafos em segundos<\/li>\n<li>com caixa de alum\u00ednio<\/li>\n<li>Ajuste do comprimento do fio sem ferramentas e de f\u00e1cil utiliza\u00e7\u00e3o<\/li>\n<li>Dispositivo de fixa\u00e7\u00e3o aparafusado, extremamente estreito e robusto<\/li>\n<\/ul>\n","protected":false},"excerpt":{"rendered":"<p>Cabe\u00e7as de costura para ilh\u00f3s de argola di\u00e2metro 6m Hohner \/ a\u00e7o para ilh\u00f3s de argola modelo 52-L6 com caixa de aperto e empurrador dobr\u00e1vel com os seus conjuntos de pe\u00e7as intercambi\u00e1veis opcionais para diferentes comprimentos de costas de agrafos, di\u00e2metros de ilh\u00f3s de anel e tipos de arame, esta continua a ser a cabe\u00e7a [&hellip;]<\/p>\n","protected":false},"featured_media":68580,"template":"","meta":[],"product_brand":[],"product_cat":[2908],"product_tag":[],"class_list":{"0":"post-91989","1":"product","2":"type-product","3":"status-publish","4":"has-post-thumbnail","6":"product_cat-costureira-de-sela","7":"pa_baujahr-205","8":"pa_hersteller-heidelberg-stahl","9":"pa_typ-st-350-modell-52-l6","11":"first","12":"instock","13":"sold-individually","14":"taxable","15":"shipping-taxable","16":"purchasable","17":"product-type-simple"},"jetpack_sharing_enabled":true,"_links":{"self":[{"href":"https:\/\/www.3p-gmbh.de\/pt-br\/wp-json\/wp\/v2\/product\/91989","targetHints":{"allow":["GET"]}}],"collection":[{"href":"https:\/\/www.3p-gmbh.de\/pt-br\/wp-json\/wp\/v2\/product"}],"about":[{"href":"https:\/\/www.3p-gmbh.de\/pt-br\/wp-json\/wp\/v2\/types\/product"}],"wp:featuredmedia":[{"embeddable":true,"href":"https:\/\/www.3p-gmbh.de\/pt-br\/wp-json\/wp\/v2\/media\/68580"}],"wp:attachment":[{"href":"https:\/\/www.3p-gmbh.de\/pt-br\/wp-json\/wp\/v2\/media?parent=91989"}],"wp:term":[{"taxonomy":"product_brand","embeddable":true,"href":"https:\/\/www.3p-gmbh.de\/pt-br\/wp-json\/wp\/v2\/product_brand?post=91989"},{"taxonomy":"product_cat","embeddable":true,"href":"https:\/\/www.3p-gmbh.de\/pt-br\/wp-json\/wp\/v2\/product_cat?post=91989"},{"taxonomy":"product_tag","embeddable":true,"href":"https:\/\/www.3p-gmbh.de\/pt-br\/wp-json\/wp\/v2\/product_tag?post=91989"}],"curies":[{"name":"wp","href":"https:\/\/api.w.org\/{rel}","templated":true}]}}