{"id":91985,"date":"2019-07-11T13:57:54","date_gmt":"2019-07-11T13:57:54","guid":{"rendered":"https:\/\/www.3p-gmbh.de\/produkt\/alceadeira-de-sela-muller-martini-1509\/"},"modified":"2019-07-11T13:57:54","modified_gmt":"2019-07-11T13:57:54","slug":"pasta-de-selim-7","status":"publish","type":"product","link":"https:\/\/www.3p-gmbh.de\/pt-br\/produkt\/pasta-de-selim-7\/","title":{"rendered":"Alceadeira de sela Muller Martini 1509"},"content":{"rendered":"<ul>\n<li>3 Alimentador duplo 1533<\/li>\n<li>1 agrafador 1509 com 2 cabe\u00e7as de agrafagem estreitas 1509.0062 e 2 cabe\u00e7as de ilh\u00f3s de anel 249.0050<\/li>\n<li>1 Aparador 1522<\/li>\n<li>1 caixa de entrega com dispositivo de contagem<\/li>\n<\/ul>\n","protected":false},"excerpt":{"rendered":"<p>3 Alimentador duplo 1533 1 agrafador 1509 com 2 cabe\u00e7as de agrafagem estreitas 1509.0062 e 2 cabe\u00e7as de ilh\u00f3s de anel 249.0050 1 Aparador 1522 1 caixa de entrega com dispositivo de contagem<\/p>\n","protected":false},"featured_media":68610,"template":"","meta":[],"product_brand":[],"product_cat":[2908],"product_tag":[],"class_list":{"0":"post-91985","1":"product","2":"type-product","3":"status-publish","4":"has-post-thumbnail","6":"product_cat-costureira-de-sela","7":"pa_baujahr-262","8":"pa_hersteller-mueller-martini","9":"pa_typ-1217","11":"first","12":"instock","13":"sold-individually","14":"taxable","15":"shipping-taxable","16":"purchasable","17":"product-type-simple"},"jetpack_sharing_enabled":true,"_links":{"self":[{"href":"https:\/\/www.3p-gmbh.de\/pt-br\/wp-json\/wp\/v2\/product\/91985","targetHints":{"allow":["GET"]}}],"collection":[{"href":"https:\/\/www.3p-gmbh.de\/pt-br\/wp-json\/wp\/v2\/product"}],"about":[{"href":"https:\/\/www.3p-gmbh.de\/pt-br\/wp-json\/wp\/v2\/types\/product"}],"wp:featuredmedia":[{"embeddable":true,"href":"https:\/\/www.3p-gmbh.de\/pt-br\/wp-json\/wp\/v2\/media\/68610"}],"wp:attachment":[{"href":"https:\/\/www.3p-gmbh.de\/pt-br\/wp-json\/wp\/v2\/media?parent=91985"}],"wp:term":[{"taxonomy":"product_brand","embeddable":true,"href":"https:\/\/www.3p-gmbh.de\/pt-br\/wp-json\/wp\/v2\/product_brand?post=91985"},{"taxonomy":"product_cat","embeddable":true,"href":"https:\/\/www.3p-gmbh.de\/pt-br\/wp-json\/wp\/v2\/product_cat?post=91985"},{"taxonomy":"product_tag","embeddable":true,"href":"https:\/\/www.3p-gmbh.de\/pt-br\/wp-json\/wp\/v2\/product_tag?post=91985"}],"curies":[{"name":"wp","href":"https:\/\/api.w.org\/{rel}","templated":true}]}}