{"id":91977,"date":"2019-07-11T13:57:54","date_gmt":"2019-07-11T13:57:54","guid":{"rendered":"https:\/\/www.3p-gmbh.de\/produkt\/alceadeira-de-sela-muller-martini-presto\/"},"modified":"2019-07-11T13:57:54","modified_gmt":"2019-07-11T13:57:54","slug":"cosedor-de-sela-5","status":"publish","type":"product","link":"https:\/\/www.3p-gmbh.de\/pt-br\/produkt\/cosedor-de-sela-5\/","title":{"rendered":"Alceadeira de sela Muller Martini Presto"},"content":{"rendered":"<ul>\n<li>3 x alimentador duplo compacto 1551 com acess\u00f3rio de pequeno formato e monitoriza\u00e7\u00e3o da pilha residual<\/li>\n<li>Alimentador de tampa 1528<\/li>\n<li>Unidade de costura Presto 1550<\/li>\n<li>2 x cabe\u00e7as de agrafagem HK-75<\/li>\n<li>Aparador de tr\u00eas l\u00e2minas 1522<\/li>\n<li>Empilhador Pratico<\/li>\n<li>Bomba<\/li>\n<li>Opcional: cabe\u00e7as de agrafagem adicionais, dispositivo de corte central<\/li>\n<\/ul>\n","protected":false},"excerpt":{"rendered":"<p>3 x alimentador duplo compacto 1551 com acess\u00f3rio de pequeno formato e monitoriza\u00e7\u00e3o da pilha residual Alimentador de tampa 1528 Unidade de costura Presto 1550 2 x cabe\u00e7as de agrafagem HK-75 Aparador de tr\u00eas l\u00e2minas 1522 Empilhador Pratico Bomba Opcional: cabe\u00e7as de agrafagem adicionais, dispositivo de corte central<\/p>\n","protected":false},"featured_media":68568,"template":"","meta":[],"product_brand":[],"product_cat":[2908],"product_tag":[],"class_list":{"0":"post-91977","1":"product","2":"type-product","3":"status-publish","4":"has-post-thumbnail","6":"product_cat-costureira-de-sela","7":"pa_baujahr-123","8":"pa_hersteller-mueller-martini","9":"pa_typ-presto","11":"first","12":"instock","13":"sold-individually","14":"taxable","15":"shipping-taxable","16":"purchasable","17":"product-type-simple"},"jetpack_sharing_enabled":true,"_links":{"self":[{"href":"https:\/\/www.3p-gmbh.de\/pt-br\/wp-json\/wp\/v2\/product\/91977","targetHints":{"allow":["GET"]}}],"collection":[{"href":"https:\/\/www.3p-gmbh.de\/pt-br\/wp-json\/wp\/v2\/product"}],"about":[{"href":"https:\/\/www.3p-gmbh.de\/pt-br\/wp-json\/wp\/v2\/types\/product"}],"wp:featuredmedia":[{"embeddable":true,"href":"https:\/\/www.3p-gmbh.de\/pt-br\/wp-json\/wp\/v2\/media\/68568"}],"wp:attachment":[{"href":"https:\/\/www.3p-gmbh.de\/pt-br\/wp-json\/wp\/v2\/media?parent=91977"}],"wp:term":[{"taxonomy":"product_brand","embeddable":true,"href":"https:\/\/www.3p-gmbh.de\/pt-br\/wp-json\/wp\/v2\/product_brand?post=91977"},{"taxonomy":"product_cat","embeddable":true,"href":"https:\/\/www.3p-gmbh.de\/pt-br\/wp-json\/wp\/v2\/product_cat?post=91977"},{"taxonomy":"product_tag","embeddable":true,"href":"https:\/\/www.3p-gmbh.de\/pt-br\/wp-json\/wp\/v2\/product_tag?post=91977"}],"curies":[{"name":"wp","href":"https:\/\/api.w.org\/{rel}","templated":true}]}}