{"id":91972,"date":"2019-07-11T13:57:54","date_gmt":"2019-07-11T13:57:54","guid":{"rendered":"https:\/\/www.3p-gmbh.de\/produkt\/agrafix-bx-maquina-de-agrafagem-de-arame\/"},"modified":"2019-07-11T13:57:54","modified_gmt":"2019-07-11T13:57:54","slug":"maquina-de-costura-de-arame-industrial","status":"publish","type":"product","link":"https:\/\/www.3p-gmbh.de\/pt-br\/produkt\/maquina-de-costura-de-arame-industrial\/","title":{"rendered":"Agrafix BX m\u00e1quina de agrafagem de arame"},"content":{"rendered":"<ul>\n<li>Espessura dos agrafos: at\u00e9 25 mm<\/li>\n<li>Perfura\u00e7\u00e3o: at\u00e9 40 mm<\/li>\n<li>Costura em bloco\/sela (mesa girat\u00f3ria)<\/li>\n<li>Largura do grampo: 14 mm<\/li>\n<li>Velocidade de agrafagem: at\u00e9 170 agrafos\/min<\/li>\n<li>Espessuras de arame: Arame redondo n.\u00ba 30 a 21<\/li>\n<li>Fio plano: N.\u00ba O a V<\/li>\n<li>Liga\u00e7\u00e3o trif\u00e1sica 380 V, aprox. 240 kg<\/li>\n<\/ul>\n","protected":false},"excerpt":{"rendered":"<p>Espessura dos agrafos: at\u00e9 25 mm Perfura\u00e7\u00e3o: at\u00e9 40 mm Costura em bloco\/sela (mesa girat\u00f3ria) Largura do grampo: 14 mm Velocidade de agrafagem: at\u00e9 170 agrafos\/min Espessuras de arame: Arame redondo n.\u00ba 30 a 21 Fio plano: N.\u00ba O a V Liga\u00e7\u00e3o trif\u00e1sica 380 V, aprox. 240 kg<\/p>\n","protected":false},"featured_media":68577,"template":"","meta":[],"product_brand":[],"product_cat":[2908],"product_tag":[],"class_list":{"0":"post-91972","1":"product","2":"type-product","3":"status-publish","4":"has-post-thumbnail","6":"product_cat-costureira-de-sela","7":"pa_baujahr-272","8":"pa_hersteller-agrafix","9":"pa_typ-bx","11":"first","12":"instock","13":"sold-individually","14":"taxable","15":"shipping-taxable","16":"purchasable","17":"product-type-simple"},"jetpack_sharing_enabled":true,"_links":{"self":[{"href":"https:\/\/www.3p-gmbh.de\/pt-br\/wp-json\/wp\/v2\/product\/91972","targetHints":{"allow":["GET"]}}],"collection":[{"href":"https:\/\/www.3p-gmbh.de\/pt-br\/wp-json\/wp\/v2\/product"}],"about":[{"href":"https:\/\/www.3p-gmbh.de\/pt-br\/wp-json\/wp\/v2\/types\/product"}],"wp:featuredmedia":[{"embeddable":true,"href":"https:\/\/www.3p-gmbh.de\/pt-br\/wp-json\/wp\/v2\/media\/68577"}],"wp:attachment":[{"href":"https:\/\/www.3p-gmbh.de\/pt-br\/wp-json\/wp\/v2\/media?parent=91972"}],"wp:term":[{"taxonomy":"product_brand","embeddable":true,"href":"https:\/\/www.3p-gmbh.de\/pt-br\/wp-json\/wp\/v2\/product_brand?post=91972"},{"taxonomy":"product_cat","embeddable":true,"href":"https:\/\/www.3p-gmbh.de\/pt-br\/wp-json\/wp\/v2\/product_cat?post=91972"},{"taxonomy":"product_tag","embeddable":true,"href":"https:\/\/www.3p-gmbh.de\/pt-br\/wp-json\/wp\/v2\/product_tag?post=91972"}],"curies":[{"name":"wp","href":"https:\/\/api.w.org\/{rel}","templated":true}]}}