{"id":91967,"date":"2019-07-11T13:57:54","date_gmt":"2019-07-11T13:57:54","guid":{"rendered":"https:\/\/www.3p-gmbh.de\/produkt\/maquina-de-agrafar-arame-hohner-exact\/"},"modified":"2019-07-11T13:57:54","modified_gmt":"2019-07-11T13:57:54","slug":"agrafador-de-arame-3","status":"publish","type":"product","link":"https:\/\/www.3p-gmbh.de\/pt-br\/produkt\/agrafador-de-arame-3\/","title":{"rendered":"M\u00e1quina de agrafar arame Hohner Exact"},"content":{"rendered":"<ul>\n<li>Instala\u00e7\u00e3o de at\u00e9 quatro cabe\u00e7as de costura estreita Hohner Universal 52\/8 para costura normal, costura com ilh\u00f3s ou aplica\u00e7\u00e3o mista<\/li>\n<li>Igualmente adequado como m\u00e1quina aut\u00f3noma ou como unidade integrada<\/li>\n<li>Espessura m\u00e1xima de agrafos de 8 mm para agrafos normais<\/li>\n<li>Mesa de agrafagem facilmente ajust\u00e1vel: direita para blocos, inclinada para cadernos<\/li>\n<li>A for\u00e7a dos agrafos e o comprimento do fio s\u00e3o ajustados simultaneamente e de forma centralizada para todas as cabe\u00e7as atrav\u00e9s de uma \u00fanica alavanca<\/li>\n<li>Um batente traseiro e dois laterais, todos ajust\u00e1veis, asseguram que as pin\u00e7as est\u00e3o sempre posicionadas no local desejado<\/li>\n<li>As cabe\u00e7as de costura podem ser rapidamente removidas ou fixadas, deslocadas lateralmente ou simplesmente desligadas temporariamente<\/li>\n<li>Capacidade m\u00e1xima de agrafamento: 206 agrafos \/ min por cabe\u00e7a<\/li>\n<li>Liberta\u00e7\u00e3o do p\u00e9<\/li>\n<li>Tamanho da mesa: 550 x 280 mm<\/li>\n<li>Profundidade de inser\u00e7\u00e3o a partir da camp\u00e2nula 165 mm<\/li>\n<li>Espa\u00e7amento m\u00e1ximo dos grampos. 330 mm<\/li>\n<li>Espa\u00e7amento dos grampos m\u00edn. 52-62 mm<\/li>\n<\/ul>\n","protected":false},"excerpt":{"rendered":"<p>Instala\u00e7\u00e3o de at\u00e9 quatro cabe\u00e7as de costura estreita Hohner Universal 52\/8 para costura normal, costura com ilh\u00f3s ou aplica\u00e7\u00e3o mista Igualmente adequado como m\u00e1quina aut\u00f3noma ou como unidade integrada Espessura m\u00e1xima de agrafos de 8 mm para agrafos normais Mesa de agrafagem facilmente ajust\u00e1vel: direita para blocos, inclinada para cadernos A for\u00e7a dos agrafos e [&hellip;]<\/p>\n","protected":false},"featured_media":68547,"template":"","meta":[],"product_brand":[],"product_cat":[2908],"product_tag":[],"class_list":{"0":"post-91967","1":"product","2":"type-product","3":"status-publish","4":"has-post-thumbnail","6":"product_cat-costureira-de-sela","7":"pa_baujahr-188","8":"pa_hersteller-hohner","9":"pa_typ-exact","11":"first","12":"instock","13":"sold-individually","14":"taxable","15":"shipping-taxable","16":"purchasable","17":"product-type-simple"},"jetpack_sharing_enabled":true,"_links":{"self":[{"href":"https:\/\/www.3p-gmbh.de\/pt-br\/wp-json\/wp\/v2\/product\/91967","targetHints":{"allow":["GET"]}}],"collection":[{"href":"https:\/\/www.3p-gmbh.de\/pt-br\/wp-json\/wp\/v2\/product"}],"about":[{"href":"https:\/\/www.3p-gmbh.de\/pt-br\/wp-json\/wp\/v2\/types\/product"}],"wp:featuredmedia":[{"embeddable":true,"href":"https:\/\/www.3p-gmbh.de\/pt-br\/wp-json\/wp\/v2\/media\/68547"}],"wp:attachment":[{"href":"https:\/\/www.3p-gmbh.de\/pt-br\/wp-json\/wp\/v2\/media?parent=91967"}],"wp:term":[{"taxonomy":"product_brand","embeddable":true,"href":"https:\/\/www.3p-gmbh.de\/pt-br\/wp-json\/wp\/v2\/product_brand?post=91967"},{"taxonomy":"product_cat","embeddable":true,"href":"https:\/\/www.3p-gmbh.de\/pt-br\/wp-json\/wp\/v2\/product_cat?post=91967"},{"taxonomy":"product_tag","embeddable":true,"href":"https:\/\/www.3p-gmbh.de\/pt-br\/wp-json\/wp\/v2\/product_tag?post=91967"}],"curies":[{"name":"wp","href":"https:\/\/api.w.org\/{rel}","templated":true}]}}