{"id":91960,"date":"2019-07-11T13:58:04","date_gmt":"2019-07-11T13:58:04","guid":{"rendered":"https:\/\/www.3p-gmbh.de\/produkt\/alceadeira-automatica-ajustavel-heidelberg-st-400\/"},"modified":"2019-07-11T13:58:04","modified_gmt":"2019-07-11T13:58:04","slug":"costureira-automatica-de-selim-ajustavel","status":"publish","type":"product","link":"https:\/\/www.3p-gmbh.de\/pt-br\/produkt\/costureira-automatica-de-selim-ajustavel\/","title":{"rendered":"Alceadeira autom\u00e1tica ajust\u00e1vel Heidelberg ST-400"},"content":{"rendered":"<p>Ano de fabrico 9-2001<br \/>\naprox. 14920 horas de funcionamento<br \/>\nPot\u00eancia (mec\u00e2nica) m\u00e1x. 14.000 ciclos\/h<br \/>\nFormato n\u00e3o aparado min. 92 x 128mm &#8211; m\u00e1x. 320 x 480 mm<br \/>\nFormato min. aparado 89 x 120mm &#8211; m\u00e1x. 305 x 474 mm<br \/>\nFormatos para utiliza\u00e7\u00f5es m\u00faltiplas a pedido<br \/>\nEspessura do produto: m\u00e1x. 12 mm<\/p>\n<p>Equipamento:<br \/>\n1 x alimentador de pastas de capa (UFA)<br \/>\n4 x alimentador de tambor vertical TAS<br \/>\n2 x alimentador de tambor horizontal TAL<br \/>\n7 x arma\u00e7\u00e3o de corrente com espada (1 m)<br \/>\n1 x entrega do cinto de folhas em falta com controlo de intervalos<br \/>\n1 x Esta\u00e7\u00e3o de agrafagem ST 400<br \/>\n4 x cabe\u00e7as de agrafagem Normal<br \/>\n4 x cabe\u00e7as de costura Ringoese<br \/>\n1 x Controlo de agrafos<br \/>\n1 x controlo de espessura<br \/>\n1 x dispositivo de pequeno formato<br \/>\n1 x dispositivo de corte central<br \/>\n1 x mesa de marca\u00e7\u00e3o por transfer\u00eancia com porta de desvio<br \/>\n1 x transportador de aparas em tronco de 2007<br \/>\n1 x empilhador de compensa\u00e7\u00e3o RIMA RS-12S<\/p>\n","protected":false},"excerpt":{"rendered":"<p>Ano de fabrico 9-2001 aprox. 14920 horas de funcionamento Pot\u00eancia (mec\u00e2nica) m\u00e1x. 14.000 ciclos\/h Formato n\u00e3o aparado min. 92 x 128mm &#8211; m\u00e1x. 320 x 480 mm Formato min. aparado 89 x 120mm &#8211; m\u00e1x. 305 x 474 mm Formatos para utiliza\u00e7\u00f5es m\u00faltiplas a pedido Espessura do produto: m\u00e1x. 12 mm Equipamento: 1 x alimentador [&hellip;]<\/p>\n","protected":false},"featured_media":70806,"template":"","meta":[],"product_brand":[],"product_cat":[2908],"product_tag":[],"class_list":{"0":"post-91960","1":"product","2":"type-product","3":"status-publish","4":"has-post-thumbnail","6":"product_cat-costureira-de-sela","7":"pa_baujahr-130","8":"pa_hersteller-heidelberg","9":"pa_typ-stitchmaster-st-400","11":"first","12":"instock","13":"sold-individually","14":"taxable","15":"shipping-taxable","16":"purchasable","17":"product-type-simple"},"jetpack_sharing_enabled":true,"_links":{"self":[{"href":"https:\/\/www.3p-gmbh.de\/pt-br\/wp-json\/wp\/v2\/product\/91960","targetHints":{"allow":["GET"]}}],"collection":[{"href":"https:\/\/www.3p-gmbh.de\/pt-br\/wp-json\/wp\/v2\/product"}],"about":[{"href":"https:\/\/www.3p-gmbh.de\/pt-br\/wp-json\/wp\/v2\/types\/product"}],"wp:featuredmedia":[{"embeddable":true,"href":"https:\/\/www.3p-gmbh.de\/pt-br\/wp-json\/wp\/v2\/media\/70806"}],"wp:attachment":[{"href":"https:\/\/www.3p-gmbh.de\/pt-br\/wp-json\/wp\/v2\/media?parent=91960"}],"wp:term":[{"taxonomy":"product_brand","embeddable":true,"href":"https:\/\/www.3p-gmbh.de\/pt-br\/wp-json\/wp\/v2\/product_brand?post=91960"},{"taxonomy":"product_cat","embeddable":true,"href":"https:\/\/www.3p-gmbh.de\/pt-br\/wp-json\/wp\/v2\/product_cat?post=91960"},{"taxonomy":"product_tag","embeddable":true,"href":"https:\/\/www.3p-gmbh.de\/pt-br\/wp-json\/wp\/v2\/product_tag?post=91960"}],"curies":[{"name":"wp","href":"https:\/\/api.w.org\/{rel}","templated":true}]}}