{"id":91951,"date":"2019-07-11T13:58:04","date_gmt":"2019-07-11T13:58:04","guid":{"rendered":"https:\/\/www.3p-gmbh.de\/produkt\/cabecas-de-pesponto-heidelberg-aco-para-pesponteiros-de-sela\/"},"modified":"2019-07-11T13:58:04","modified_gmt":"2019-07-11T13:58:04","slug":"cabecas-de-agrafos-de-arame-2","status":"publish","type":"product","link":"https:\/\/www.3p-gmbh.de\/pt-br\/produkt\/cabecas-de-agrafos-de-arame-2\/","title":{"rendered":"Cabe\u00e7as de pesponto Heidelberg\/A\u00e7o para pesponteiros de sela"},"content":{"rendered":"<p>v\u00e1rias cabe\u00e7as de costura para m\u00e1quinas de coser a arame Heidelberg ST 350, ST 400, ST 450, ST 500<br \/>\n&#8211; A\u00e7o 45-N14 com caixa de campainha e puxador de alavanca (OVP)<br \/>\n&#8211; Ilh\u00f3 de a\u00e7o 50-L8 8mm<br \/>\n&#8211; Ilh\u00f3 de a\u00e7o 50-L6 6mm<br \/>\n&#8211; Hohner SB 55 com caixa de toque e empurrador dobr\u00e1vel<br \/>\n&#8211; Hohner SB 50 com caixa de camp\u00e2nula e empurrador dobr\u00e1vel<\/p>\n<p>***ou, em alternativa, solicitar outros produtos***<\/p>\n","protected":false},"excerpt":{"rendered":"<p>v\u00e1rias cabe\u00e7as de costura para m\u00e1quinas de coser a arame Heidelberg ST 350, ST 400, ST 450, ST 500 &#8211; A\u00e7o 45-N14 com caixa de campainha e puxador de alavanca (OVP) &#8211; Ilh\u00f3 de a\u00e7o 50-L8 8mm &#8211; Ilh\u00f3 de a\u00e7o 50-L6 6mm &#8211; Hohner SB 55 com caixa de toque e empurrador dobr\u00e1vel &#8211; [&hellip;]<\/p>\n","protected":false},"featured_media":68784,"template":"","meta":[],"product_brand":[],"product_cat":[2908],"product_tag":[],"class_list":{"0":"post-91951","1":"product","2":"type-product","3":"status-publish","4":"has-post-thumbnail","6":"product_cat-costureira-de-sela","7":"pa_hersteller-heidelberg-stahl","8":"pa_typ-45-n14-50-8l-50-l6","10":"first","11":"instock","12":"sold-individually","13":"taxable","14":"shipping-taxable","15":"purchasable","16":"product-type-simple"},"jetpack_sharing_enabled":true,"_links":{"self":[{"href":"https:\/\/www.3p-gmbh.de\/pt-br\/wp-json\/wp\/v2\/product\/91951","targetHints":{"allow":["GET"]}}],"collection":[{"href":"https:\/\/www.3p-gmbh.de\/pt-br\/wp-json\/wp\/v2\/product"}],"about":[{"href":"https:\/\/www.3p-gmbh.de\/pt-br\/wp-json\/wp\/v2\/types\/product"}],"wp:featuredmedia":[{"embeddable":true,"href":"https:\/\/www.3p-gmbh.de\/pt-br\/wp-json\/wp\/v2\/media\/68784"}],"wp:attachment":[{"href":"https:\/\/www.3p-gmbh.de\/pt-br\/wp-json\/wp\/v2\/media?parent=91951"}],"wp:term":[{"taxonomy":"product_brand","embeddable":true,"href":"https:\/\/www.3p-gmbh.de\/pt-br\/wp-json\/wp\/v2\/product_brand?post=91951"},{"taxonomy":"product_cat","embeddable":true,"href":"https:\/\/www.3p-gmbh.de\/pt-br\/wp-json\/wp\/v2\/product_cat?post=91951"},{"taxonomy":"product_tag","embeddable":true,"href":"https:\/\/www.3p-gmbh.de\/pt-br\/wp-json\/wp\/v2\/product_tag?post=91951"}],"curies":[{"name":"wp","href":"https:\/\/api.w.org\/{rel}","templated":true}]}}