{"id":91950,"date":"2019-07-11T13:58:04","date_gmt":"2019-07-11T13:58:04","guid":{"rendered":"https:\/\/www.3p-gmbh.de\/produkt\/alceadeira-de-sela-muller-martini-221\/"},"modified":"2019-07-11T13:58:04","modified_gmt":"2019-07-11T13:58:04","slug":"cosedor-de-sela-11","status":"publish","type":"product","link":"https:\/\/www.3p-gmbh.de\/pt-br\/produkt\/cosedor-de-sela-11\/","title":{"rendered":"Alceadeira de sela Muller Martini 221"},"content":{"rendered":"<p>&#8211; 7 Investidores 888<br \/>\n&#8211; 2 Subs\u00eddios de m\u00e3o<br \/>\n&#8211; 1 Esta\u00e7\u00e3o de agrafagem 221<br \/>\n&#8211; 1 Aparador de tr\u00eas l\u00e2minas com corte central 217<br \/>\n&#8211; Exposi\u00e7\u00e3o de galp\u00f5es<\/p>\n<p>como op\u00e7\u00e3o: empilhador de compensa\u00e7\u00e3o Rima modelo RS-11 9-1\/4<\/p>\n","protected":false},"excerpt":{"rendered":"<p>&#8211; 7 Investidores 888 &#8211; 2 Subs\u00eddios de m\u00e3o &#8211; 1 Esta\u00e7\u00e3o de agrafagem 221 &#8211; 1 Aparador de tr\u00eas l\u00e2minas com corte central 217 &#8211; Exposi\u00e7\u00e3o de galp\u00f5es como op\u00e7\u00e3o: empilhador de compensa\u00e7\u00e3o Rima modelo RS-11 9-1\/4<\/p>\n","protected":false},"featured_media":68841,"template":"","meta":[],"product_brand":[],"product_cat":[2908],"product_tag":[],"class_list":{"0":"post-91950","1":"product","2":"type-product","3":"status-publish","4":"has-post-thumbnail","6":"product_cat-costureira-de-sela","7":"pa_baujahr-196","8":"pa_hersteller-mueller-martini","9":"pa_typ-1239","11":"first","12":"instock","13":"sold-individually","14":"taxable","15":"shipping-taxable","16":"purchasable","17":"product-type-simple"},"jetpack_sharing_enabled":true,"_links":{"self":[{"href":"https:\/\/www.3p-gmbh.de\/pt-br\/wp-json\/wp\/v2\/product\/91950","targetHints":{"allow":["GET"]}}],"collection":[{"href":"https:\/\/www.3p-gmbh.de\/pt-br\/wp-json\/wp\/v2\/product"}],"about":[{"href":"https:\/\/www.3p-gmbh.de\/pt-br\/wp-json\/wp\/v2\/types\/product"}],"wp:featuredmedia":[{"embeddable":true,"href":"https:\/\/www.3p-gmbh.de\/pt-br\/wp-json\/wp\/v2\/media\/68841"}],"wp:attachment":[{"href":"https:\/\/www.3p-gmbh.de\/pt-br\/wp-json\/wp\/v2\/media?parent=91950"}],"wp:term":[{"taxonomy":"product_brand","embeddable":true,"href":"https:\/\/www.3p-gmbh.de\/pt-br\/wp-json\/wp\/v2\/product_brand?post=91950"},{"taxonomy":"product_cat","embeddable":true,"href":"https:\/\/www.3p-gmbh.de\/pt-br\/wp-json\/wp\/v2\/product_cat?post=91950"},{"taxonomy":"product_tag","embeddable":true,"href":"https:\/\/www.3p-gmbh.de\/pt-br\/wp-json\/wp\/v2\/product_tag?post=91950"}],"curies":[{"name":"wp","href":"https:\/\/api.w.org\/{rel}","templated":true}]}}