{"id":91947,"date":"2019-07-11T13:58:04","date_gmt":"2019-07-11T13:58:04","guid":{"rendered":"https:\/\/www.3p-gmbh.de\/produkt\/alceadeira-de-sela-muller-martini-1509\/"},"modified":"2019-07-11T13:58:04","modified_gmt":"2019-07-11T13:58:04","slug":"alceadeira-10","status":"publish","type":"product","link":"https:\/\/www.3p-gmbh.de\/pt-br\/produkt\/alceadeira-10\/","title":{"rendered":"Alceadeira de sela Muller Martini 1509"},"content":{"rendered":"<p>Formato min. 90x98mm<br \/>\nFormato m\u00e1ximo. 365&#215;305 mm<\/p>\n<p>Equipamento:<br \/>\n&#8211; 3 x alimentador duplo 1516<br \/>\n&#8211; 1 x esta\u00e7\u00e3o de agrafagem 1509 com 4 cabe\u00e7as de agrafagem<br \/>\n&#8211; Agrafos de 2 argolas para ilh\u00f3s<br \/>\n&#8211; 1 x aparador de tr\u00eas l\u00e2minas 1522 com dispositivo de corte central<br \/>\n&#8211; 1 x ecr\u00e3<br \/>\n&#8211; 3 x bombas DV<\/p>\n","protected":false},"excerpt":{"rendered":"<p>Formato min. 90x98mm Formato m\u00e1ximo. 365&#215;305 mm Equipamento: &#8211; 3 x alimentador duplo 1516 &#8211; 1 x esta\u00e7\u00e3o de agrafagem 1509 com 4 cabe\u00e7as de agrafagem &#8211; Agrafos de 2 argolas para ilh\u00f3s &#8211; 1 x aparador de tr\u00eas l\u00e2minas 1522 com dispositivo de corte central &#8211; 1 x ecr\u00e3 &#8211; 3 x bombas DV<\/p>\n","protected":false},"featured_media":68766,"template":"","meta":[],"product_brand":[],"product_cat":[2908],"product_tag":[],"class_list":{"0":"post-91947","1":"product","2":"type-product","3":"status-publish","4":"has-post-thumbnail","6":"product_cat-costureira-de-sela","7":"pa_baujahr-1234","8":"pa_hersteller-mueller-martini","9":"pa_typ-1217","11":"first","12":"instock","13":"sold-individually","14":"taxable","15":"shipping-taxable","16":"purchasable","17":"product-type-simple"},"jetpack_sharing_enabled":true,"_links":{"self":[{"href":"https:\/\/www.3p-gmbh.de\/pt-br\/wp-json\/wp\/v2\/product\/91947","targetHints":{"allow":["GET"]}}],"collection":[{"href":"https:\/\/www.3p-gmbh.de\/pt-br\/wp-json\/wp\/v2\/product"}],"about":[{"href":"https:\/\/www.3p-gmbh.de\/pt-br\/wp-json\/wp\/v2\/types\/product"}],"wp:featuredmedia":[{"embeddable":true,"href":"https:\/\/www.3p-gmbh.de\/pt-br\/wp-json\/wp\/v2\/media\/68766"}],"wp:attachment":[{"href":"https:\/\/www.3p-gmbh.de\/pt-br\/wp-json\/wp\/v2\/media?parent=91947"}],"wp:term":[{"taxonomy":"product_brand","embeddable":true,"href":"https:\/\/www.3p-gmbh.de\/pt-br\/wp-json\/wp\/v2\/product_brand?post=91947"},{"taxonomy":"product_cat","embeddable":true,"href":"https:\/\/www.3p-gmbh.de\/pt-br\/wp-json\/wp\/v2\/product_cat?post=91947"},{"taxonomy":"product_tag","embeddable":true,"href":"https:\/\/www.3p-gmbh.de\/pt-br\/wp-json\/wp\/v2\/product_tag?post=91947"}],"curies":[{"name":"wp","href":"https:\/\/api.w.org\/{rel}","templated":true}]}}