{"id":91930,"date":"2019-07-11T13:58:13","date_gmt":"2019-07-11T13:58:13","guid":{"rendered":"https:\/\/www.3p-gmbh.de\/produkt\/polar-mohr-rb-7-um-jogger-automatico-de-grande-formato\/"},"modified":"2019-07-11T13:58:13","modified_gmt":"2019-07-11T13:58:13","slug":"maquina-de-roleta-de-grande-formato","status":"publish","type":"product","link":"https:\/\/www.3p-gmbh.de\/pt-br\/produkt\/maquina-de-roleta-de-grande-formato\/","title":{"rendered":"Polar Mohr RB-7, um jogger autom\u00e1tico de grande formato"},"content":{"rendered":"<p>Mesa pneum\u00e1tica com batente adicional para formatos mais pequenos<br \/>\n\u00c1rea de formato (superf\u00edcie \u00fatil da mesa) aprox. 126 x 162 cm cm<br \/>\nAltura da mesa (infinitamente ajust\u00e1vel) 86 &#8211; 95 cm<br \/>\nFlaps laterais de comando manual<\/p>\n","protected":false},"excerpt":{"rendered":"<p>Mesa pneum\u00e1tica com batente adicional para formatos mais pequenos \u00c1rea de formato (superf\u00edcie \u00fatil da mesa) aprox. 126 x 162 cm cm Altura da mesa (infinitamente ajust\u00e1vel) 86 &#8211; 95 cm Flaps laterais de comando manual<\/p>\n","protected":false},"featured_media":68853,"template":"","meta":[],"product_brand":[],"product_cat":[3069],"product_tag":[],"class_list":{"0":"post-91930","1":"product","2":"type-product","3":"status-publish","4":"has-post-thumbnail","6":"product_cat-mesas-vibratorias","7":"pa_baujahr-123","8":"pa_hersteller-polar-mohr-hofheim","9":"pa_typ-polar-rb-7","11":"first","12":"instock","13":"sold-individually","14":"taxable","15":"shipping-taxable","16":"purchasable","17":"product-type-simple"},"jetpack_sharing_enabled":true,"_links":{"self":[{"href":"https:\/\/www.3p-gmbh.de\/pt-br\/wp-json\/wp\/v2\/product\/91930","targetHints":{"allow":["GET"]}}],"collection":[{"href":"https:\/\/www.3p-gmbh.de\/pt-br\/wp-json\/wp\/v2\/product"}],"about":[{"href":"https:\/\/www.3p-gmbh.de\/pt-br\/wp-json\/wp\/v2\/types\/product"}],"wp:featuredmedia":[{"embeddable":true,"href":"https:\/\/www.3p-gmbh.de\/pt-br\/wp-json\/wp\/v2\/media\/68853"}],"wp:attachment":[{"href":"https:\/\/www.3p-gmbh.de\/pt-br\/wp-json\/wp\/v2\/media?parent=91930"}],"wp:term":[{"taxonomy":"product_brand","embeddable":true,"href":"https:\/\/www.3p-gmbh.de\/pt-br\/wp-json\/wp\/v2\/product_brand?post=91930"},{"taxonomy":"product_cat","embeddable":true,"href":"https:\/\/www.3p-gmbh.de\/pt-br\/wp-json\/wp\/v2\/product_cat?post=91930"},{"taxonomy":"product_tag","embeddable":true,"href":"https:\/\/www.3p-gmbh.de\/pt-br\/wp-json\/wp\/v2\/product_tag?post=91930"}],"curies":[{"name":"wp","href":"https:\/\/api.w.org\/{rel}","templated":true}]}}