{"id":91926,"date":"2019-07-11T13:58:13","date_gmt":"2019-07-11T13:58:13","guid":{"rendered":"https:\/\/www.3p-gmbh.de\/produkt\/finalizador-de-cadernos-horizon-stitchliner-5500\/"},"modified":"2019-07-11T13:58:13","modified_gmt":"2019-07-11T13:58:13","slug":"brochura-producao-2","status":"publish","type":"product","link":"https:\/\/www.3p-gmbh.de\/pt-br\/produkt\/brochura-producao-2\/","title":{"rendered":"Finalizador de cadernos Horizon Stitchliner 5500"},"content":{"rendered":"<p>2 torres de agrupamento VAC 100 a+m com 10 esta\u00e7\u00f5es cada (20 esta\u00e7\u00f5es no total, expans\u00edvel at\u00e9 60)<br \/>\n1 Ventilador auxiliar EAB-100<br \/>\nUnidade de recolha e dobragem ACF 30<br \/>\nAgrafador SPF 30 (2 cabe\u00e7as de agrafagem Hohner 43\/6 S)<br \/>\nHTS 30 3 guarni\u00e7\u00f5es laterais com dispositivo de corte de 8 mm<br \/>\nExtra\u00e7\u00e3o de chips<br \/>\nPK 30 Contador predefinido com desvio<br \/>\nEcr\u00e3<\/p>\n","protected":false},"excerpt":{"rendered":"<p>2 torres de agrupamento VAC 100 a+m com 10 esta\u00e7\u00f5es cada (20 esta\u00e7\u00f5es no total, expans\u00edvel at\u00e9 60) 1 Ventilador auxiliar EAB-100 Unidade de recolha e dobragem ACF 30 Agrafador SPF 30 (2 cabe\u00e7as de agrafagem Hohner 43\/6 S) HTS 30 3 guarni\u00e7\u00f5es laterais com dispositivo de corte de 8 mm Extra\u00e7\u00e3o de chips PK [&hellip;]<\/p>\n","protected":false},"featured_media":62472,"template":"","meta":[],"product_brand":[],"product_cat":[2951],"product_tag":[],"class_list":{"0":"post-91926","1":"product","2":"type-product","3":"status-publish","4":"has-post-thumbnail","6":"product_cat-sistemas-de-producao-de-folhetos","7":"pa_baujahr-168","8":"pa_hersteller-horizon","9":"pa_typ-stitch-liner-5500","11":"first","12":"instock","13":"sold-individually","14":"taxable","15":"shipping-taxable","16":"purchasable","17":"product-type-simple"},"jetpack_sharing_enabled":true,"_links":{"self":[{"href":"https:\/\/www.3p-gmbh.de\/pt-br\/wp-json\/wp\/v2\/product\/91926","targetHints":{"allow":["GET"]}}],"collection":[{"href":"https:\/\/www.3p-gmbh.de\/pt-br\/wp-json\/wp\/v2\/product"}],"about":[{"href":"https:\/\/www.3p-gmbh.de\/pt-br\/wp-json\/wp\/v2\/types\/product"}],"wp:featuredmedia":[{"embeddable":true,"href":"https:\/\/www.3p-gmbh.de\/pt-br\/wp-json\/wp\/v2\/media\/62472"}],"wp:attachment":[{"href":"https:\/\/www.3p-gmbh.de\/pt-br\/wp-json\/wp\/v2\/media?parent=91926"}],"wp:term":[{"taxonomy":"product_brand","embeddable":true,"href":"https:\/\/www.3p-gmbh.de\/pt-br\/wp-json\/wp\/v2\/product_brand?post=91926"},{"taxonomy":"product_cat","embeddable":true,"href":"https:\/\/www.3p-gmbh.de\/pt-br\/wp-json\/wp\/v2\/product_cat?post=91926"},{"taxonomy":"product_tag","embeddable":true,"href":"https:\/\/www.3p-gmbh.de\/pt-br\/wp-json\/wp\/v2\/product_tag?post=91926"}],"curies":[{"name":"wp","href":"https:\/\/api.w.org\/{rel}","templated":true}]}}