{"id":91919,"date":"2019-07-11T13:58:15","date_gmt":"2019-07-11T13:58:15","guid":{"rendered":"https:\/\/www.3p-gmbh.de\/produkt\/fks-duplo-dsf-2000-120-digital-sheet-feeder-bookletmaking\/"},"modified":"2019-07-11T13:58:15","modified_gmt":"2019-07-11T13:58:15","slug":"producao-de-brochuras-com-alimentador-de-folhas-digital","status":"publish","type":"product","link":"https:\/\/www.3p-gmbh.de\/pt-br\/produkt\/producao-de-brochuras-com-alimentador-de-folhas-digital\/","title":{"rendered":"FKS Duplo DSF 2000 &#8211; 120 Digital Sheet Feeder Bookletmaking"},"content":{"rendered":"<p>Tratamento tipogr\u00e1fico de folhas impressas digitalmente com e sem imposi\u00e7\u00e3o de capa, consistindo em<br \/>\n&#8211; Alimentador de folhas DSF 2000<br \/>\n&#8211; M\u00e1quina autom\u00e1tica de agrafar\/dobrar DBM 120<br \/>\n&#8211; Aparador frontal DBM 120 T<\/p>\n<p>Sistema de alimenta\u00e7\u00e3o: Correia de suc\u00e7\u00e3o Tamanhos de papel: Comprimento: 279 a 450 mm, Largura: 210 a 320 mm<br \/>\nAltura da pr\u00e9-pilha: tabuleiro A: 200 mm, tabuleiro B: 60 mm<br \/>\nVelocidade: m\u00e1x. 150 folhas\/minuto<\/p>\n<p>O alimentador de folhas digital DSF-2000 com um sistema de alimenta\u00e7\u00e3o de duas esta\u00e7\u00f5es \u00e9 a chave para um acabamento \u00f3timo das impress\u00f5es digitais. Uma esta\u00e7\u00e3o para capas de brochuras e\/ou folhas de encartes e uma esta\u00e7\u00e3o para p\u00e1ginas interiores impressas j\u00e1 ordenadas digitalmente. A opera\u00e7\u00e3o \u00e9 efectuada atrav\u00e9s do menu de controlo do alimentador de folhas. Toda a linha de cadernos ajusta-se automaticamente ao formato criado no alimentador de folhas. Os conjuntos de folhas reunidos pelo alimentador de folhas s\u00e3o recolhidos, agrafados e dobrados no caderno de brochura FKS\/Duplo DBM 120-SxS. A guilhotina assegura assim um acabamento perfeito dos seus produtos.<\/p>\n<p>Equipamento de s\u00e9rie: Dispositivo de viragem do papel<\/p>\n","protected":false},"excerpt":{"rendered":"<p>Tratamento tipogr\u00e1fico de folhas impressas digitalmente com e sem imposi\u00e7\u00e3o de capa, consistindo em &#8211; Alimentador de folhas DSF 2000 &#8211; M\u00e1quina autom\u00e1tica de agrafar\/dobrar DBM 120 &#8211; Aparador frontal DBM 120 T Sistema de alimenta\u00e7\u00e3o: Correia de suc\u00e7\u00e3o Tamanhos de papel: Comprimento: 279 a 450 mm, Largura: 210 a 320 mm Altura da pr\u00e9-pilha: [&hellip;]<\/p>\n","protected":false},"featured_media":68994,"template":"","meta":[],"product_brand":[],"product_cat":[2951],"product_tag":[],"class_list":{"0":"post-91919","1":"product","2":"type-product","3":"status-publish","4":"has-post-thumbnail","6":"product_cat-sistemas-de-producao-de-folhetos","7":"pa_baujahr-326","8":"pa_hersteller-fks-duplo","9":"pa_typ-dsf-2000-120","11":"first","12":"instock","13":"sold-individually","14":"taxable","15":"shipping-taxable","16":"purchasable","17":"product-type-simple"},"jetpack_sharing_enabled":true,"_links":{"self":[{"href":"https:\/\/www.3p-gmbh.de\/pt-br\/wp-json\/wp\/v2\/product\/91919","targetHints":{"allow":["GET"]}}],"collection":[{"href":"https:\/\/www.3p-gmbh.de\/pt-br\/wp-json\/wp\/v2\/product"}],"about":[{"href":"https:\/\/www.3p-gmbh.de\/pt-br\/wp-json\/wp\/v2\/types\/product"}],"wp:featuredmedia":[{"embeddable":true,"href":"https:\/\/www.3p-gmbh.de\/pt-br\/wp-json\/wp\/v2\/media\/68994"}],"wp:attachment":[{"href":"https:\/\/www.3p-gmbh.de\/pt-br\/wp-json\/wp\/v2\/media?parent=91919"}],"wp:term":[{"taxonomy":"product_brand","embeddable":true,"href":"https:\/\/www.3p-gmbh.de\/pt-br\/wp-json\/wp\/v2\/product_brand?post=91919"},{"taxonomy":"product_cat","embeddable":true,"href":"https:\/\/www.3p-gmbh.de\/pt-br\/wp-json\/wp\/v2\/product_cat?post=91919"},{"taxonomy":"product_tag","embeddable":true,"href":"https:\/\/www.3p-gmbh.de\/pt-br\/wp-json\/wp\/v2\/product_tag?post=91919"}],"curies":[{"name":"wp","href":"https:\/\/api.w.org\/{rel}","templated":true}]}}