{"id":91915,"date":"2019-07-11T13:58:15","date_gmt":"2019-07-11T13:58:15","guid":{"rendered":"https:\/\/www.3p-gmbh.de\/produkt\/maquina-de-oleo-dupla-constantin-hang-87-05\/"},"modified":"2019-07-11T13:58:15","modified_gmt":"2019-07-11T13:58:15","slug":"maquina-double-oe","status":"publish","type":"product","link":"https:\/\/www.3p-gmbh.de\/pt-br\/produkt\/maquina-double-oe\/","title":{"rendered":"M\u00e1quina de \u00f3leo dupla Constantin Hang 87-05"},"content":{"rendered":"<p>&#8211; para inser\u00e7\u00e3o de ilh\u00f3s para s\u00e9ries m\u00e9dias<br \/>\n&#8211; especialmente adequado para redes de liberta\u00e7\u00e3o r\u00e1pida<br \/>\n&#8211; com ilh\u00f3s auto-perfurantes: at\u00e9 30 folhas com papel de 80 g\/m\u00b2<br \/>\n&#8211; com material pr\u00e9-perfurado: at\u00e9 50 folhas<br \/>\n&#8211; com alimentadores de ilh\u00f3s autom\u00e1ticos e facilmente substitu\u00edveis<br \/>\n&#8211; Espa\u00e7amento dos ilh\u00f3s regul\u00e1vel por meio de um volante<br \/>\n&#8211; maior dist\u00e2ncia entre as duas cabe\u00e7as exteriores 320 mm<br \/>\n&#8211; Mesa de apoio com encosto e batentes laterais regul\u00e1veis<br \/>\n&#8211; Acionado por interrutor el\u00e9trico de p\u00e9<br \/>\n&#8211; Dispositivo de aspira\u00e7\u00e3o dos res\u00edduos de \u00f3leo<br \/>\n&#8211; Profundidade de trabalho 300 mm<\/p>\n","protected":false},"excerpt":{"rendered":"<p>&#8211; para inser\u00e7\u00e3o de ilh\u00f3s para s\u00e9ries m\u00e9dias &#8211; especialmente adequado para redes de liberta\u00e7\u00e3o r\u00e1pida &#8211; com ilh\u00f3s auto-perfurantes: at\u00e9 30 folhas com papel de 80 g\/m\u00b2 &#8211; com material pr\u00e9-perfurado: at\u00e9 50 folhas &#8211; com alimentadores de ilh\u00f3s autom\u00e1ticos e facilmente substitu\u00edveis &#8211; Espa\u00e7amento dos ilh\u00f3s regul\u00e1vel por meio de um volante &#8211; [&hellip;]<\/p>\n","protected":false},"featured_media":68988,"template":"","meta":[],"product_brand":[],"product_cat":[3055],"product_tag":[],"class_list":{"0":"post-91915","1":"product","2":"type-product","3":"status-publish","4":"has-post-thumbnail","6":"product_cat-maquinas-de-lubrificacao","7":"pa_hersteller-constantin-hang","8":"pa_typ-hang-87-05","10":"first","11":"instock","12":"sold-individually","13":"taxable","14":"shipping-taxable","15":"purchasable","16":"product-type-simple"},"jetpack_sharing_enabled":true,"_links":{"self":[{"href":"https:\/\/www.3p-gmbh.de\/pt-br\/wp-json\/wp\/v2\/product\/91915","targetHints":{"allow":["GET"]}}],"collection":[{"href":"https:\/\/www.3p-gmbh.de\/pt-br\/wp-json\/wp\/v2\/product"}],"about":[{"href":"https:\/\/www.3p-gmbh.de\/pt-br\/wp-json\/wp\/v2\/types\/product"}],"wp:featuredmedia":[{"embeddable":true,"href":"https:\/\/www.3p-gmbh.de\/pt-br\/wp-json\/wp\/v2\/media\/68988"}],"wp:attachment":[{"href":"https:\/\/www.3p-gmbh.de\/pt-br\/wp-json\/wp\/v2\/media?parent=91915"}],"wp:term":[{"taxonomy":"product_brand","embeddable":true,"href":"https:\/\/www.3p-gmbh.de\/pt-br\/wp-json\/wp\/v2\/product_brand?post=91915"},{"taxonomy":"product_cat","embeddable":true,"href":"https:\/\/www.3p-gmbh.de\/pt-br\/wp-json\/wp\/v2\/product_cat?post=91915"},{"taxonomy":"product_tag","embeddable":true,"href":"https:\/\/www.3p-gmbh.de\/pt-br\/wp-json\/wp\/v2\/product_tag?post=91915"}],"curies":[{"name":"wp","href":"https:\/\/api.w.org\/{rel}","templated":true}]}}