{"id":91911,"date":"2019-07-11T13:58:15","date_gmt":"2019-07-11T13:58:15","guid":{"rendered":"https:\/\/www.3p-gmbh.de\/produkt\/puncionadora-de-calendario-electrica-renz-dtp-340\/"},"modified":"2019-07-11T13:58:15","modified_gmt":"2019-07-11T13:58:15","slug":"maquina-electrica-de-perfuracao-de-calendarios","status":"publish","type":"product","link":"https:\/\/www.3p-gmbh.de\/pt-br\/produkt\/maquina-electrica-de-perfuracao-de-calendarios\/","title":{"rendered":"Puncionadora de calend\u00e1rio el\u00e9ctrica Renz DTP-340"},"content":{"rendered":"<p>Sistema de perfura\u00e7\u00e3o potente para perfurar e picotar papel at\u00e9 340 mm de largura de trabalho. Com interrutor de p\u00e9 e alimenta\u00e7\u00e3o de papel vertical. Capacidade de perfura\u00e7\u00e3o at\u00e9 35 folhas (consoante a ferramenta).<br \/>\nAplic\u00e1vel universalmente devido \u00e0s ferramentas rapidamente substitu\u00edveis.<\/p>\n<p>Largura de trabalho: 340 mm<br \/>\nEspessura de perfura\u00e7\u00e3o: m\u00e1x. 3,5 mm<br \/>\nferramentas intermut\u00e1veis<br \/>\nMudan\u00e7a de formato: mudan\u00e7a r\u00e1pida devido a pun\u00e7\u00f5es desengat\u00e1veis<br \/>\ndist\u00e2ncia entre bordos ajust\u00e1vel<br \/>\nSoco que pode ser desligado<br \/>\nDimens\u00f5es da m\u00e1quina C x L x A: 36 x 49 x 25 cm<br \/>\nPeso 31 kg<br \/>\nLiga\u00e7\u00e3o: 230V \/ 50Hz \/ 250W<\/p>\n","protected":false},"excerpt":{"rendered":"<p>Sistema de perfura\u00e7\u00e3o potente para perfurar e picotar papel at\u00e9 340 mm de largura de trabalho. Com interrutor de p\u00e9 e alimenta\u00e7\u00e3o de papel vertical. Capacidade de perfura\u00e7\u00e3o at\u00e9 35 folhas (consoante a ferramenta). Aplic\u00e1vel universalmente devido \u00e0s ferramentas rapidamente substitu\u00edveis. Largura de trabalho: 340 mm Espessura de perfura\u00e7\u00e3o: m\u00e1x. 3,5 mm ferramentas intermut\u00e1veis Mudan\u00e7a [&hellip;]<\/p>\n","protected":false},"featured_media":68979,"template":"","meta":[],"product_brand":[],"product_cat":[2906],"product_tag":[],"class_list":{"0":"post-91911","1":"product","2":"type-product","3":"status-publish","4":"has-post-thumbnail","6":"product_cat-perfuracao","7":"pa_baujahr-137","8":"pa_hersteller-christian-renz","9":"pa_typ-dtp-340","11":"first","12":"instock","13":"sold-individually","14":"taxable","15":"shipping-taxable","16":"purchasable","17":"product-type-simple"},"jetpack_sharing_enabled":true,"_links":{"self":[{"href":"https:\/\/www.3p-gmbh.de\/pt-br\/wp-json\/wp\/v2\/product\/91911","targetHints":{"allow":["GET"]}}],"collection":[{"href":"https:\/\/www.3p-gmbh.de\/pt-br\/wp-json\/wp\/v2\/product"}],"about":[{"href":"https:\/\/www.3p-gmbh.de\/pt-br\/wp-json\/wp\/v2\/types\/product"}],"wp:featuredmedia":[{"embeddable":true,"href":"https:\/\/www.3p-gmbh.de\/pt-br\/wp-json\/wp\/v2\/media\/68979"}],"wp:attachment":[{"href":"https:\/\/www.3p-gmbh.de\/pt-br\/wp-json\/wp\/v2\/media?parent=91911"}],"wp:term":[{"taxonomy":"product_brand","embeddable":true,"href":"https:\/\/www.3p-gmbh.de\/pt-br\/wp-json\/wp\/v2\/product_brand?post=91911"},{"taxonomy":"product_cat","embeddable":true,"href":"https:\/\/www.3p-gmbh.de\/pt-br\/wp-json\/wp\/v2\/product_cat?post=91911"},{"taxonomy":"product_tag","embeddable":true,"href":"https:\/\/www.3p-gmbh.de\/pt-br\/wp-json\/wp\/v2\/product_tag?post=91911"}],"curies":[{"name":"wp","href":"https:\/\/api.w.org\/{rel}","templated":true}]}}