{"id":91909,"date":"2019-07-11T13:58:15","date_gmt":"2019-07-11T13:58:15","guid":{"rendered":"https:\/\/www.3p-gmbh.de\/produkt\/fks-duplo-system-5000-producao-de-folhetos\/"},"modified":"2019-07-11T13:58:15","modified_gmt":"2019-07-11T13:58:15","slug":"producao-de-panfletos-2","status":"publish","type":"product","link":"https:\/\/www.3p-gmbh.de\/pt-br\/produkt\/producao-de-panfletos-2\/","title":{"rendered":"FKS Duplo System 5000 produ\u00e7\u00e3o de folhetos"},"content":{"rendered":"<p>Agitador de recupera\u00e7\u00e3o direito<br \/>\nTorre com 10 esta\u00e7\u00f5es Sistema de aspira\u00e7\u00e3o de ar DC 10\/60 Duplo 5000 com controlo t\u00e1til<br \/>\nLS1 Ponte de transfer\u00eancia<br \/>\nDBM-400 Booklet Maker com duas cabe\u00e7as de costura Hohner 48\/5 S<br \/>\nAparador DBM-400<br \/>\nDBM-LS entrega de galp\u00e3o longo<\/p>\n","protected":false},"excerpt":{"rendered":"<p>Agitador de recupera\u00e7\u00e3o direito Torre com 10 esta\u00e7\u00f5es Sistema de aspira\u00e7\u00e3o de ar DC 10\/60 Duplo 5000 com controlo t\u00e1til LS1 Ponte de transfer\u00eancia DBM-400 Booklet Maker com duas cabe\u00e7as de costura Hohner 48\/5 S Aparador DBM-400 DBM-LS entrega de galp\u00e3o longo<\/p>\n","protected":false},"featured_media":68943,"template":"","meta":[],"product_brand":[],"product_cat":[2951],"product_tag":[],"class_list":{"0":"post-91909","1":"product","2":"type-product","3":"status-publish","4":"has-post-thumbnail","6":"product_cat-sistemas-de-producao-de-folhetos","7":"pa_baujahr-127","8":"pa_hersteller-fks","9":"pa_typ-duplo-system-5000","11":"first","12":"instock","13":"sold-individually","14":"taxable","15":"shipping-taxable","16":"purchasable","17":"product-type-simple"},"jetpack_sharing_enabled":true,"_links":{"self":[{"href":"https:\/\/www.3p-gmbh.de\/pt-br\/wp-json\/wp\/v2\/product\/91909","targetHints":{"allow":["GET"]}}],"collection":[{"href":"https:\/\/www.3p-gmbh.de\/pt-br\/wp-json\/wp\/v2\/product"}],"about":[{"href":"https:\/\/www.3p-gmbh.de\/pt-br\/wp-json\/wp\/v2\/types\/product"}],"wp:featuredmedia":[{"embeddable":true,"href":"https:\/\/www.3p-gmbh.de\/pt-br\/wp-json\/wp\/v2\/media\/68943"}],"wp:attachment":[{"href":"https:\/\/www.3p-gmbh.de\/pt-br\/wp-json\/wp\/v2\/media?parent=91909"}],"wp:term":[{"taxonomy":"product_brand","embeddable":true,"href":"https:\/\/www.3p-gmbh.de\/pt-br\/wp-json\/wp\/v2\/product_brand?post=91909"},{"taxonomy":"product_cat","embeddable":true,"href":"https:\/\/www.3p-gmbh.de\/pt-br\/wp-json\/wp\/v2\/product_cat?post=91909"},{"taxonomy":"product_tag","embeddable":true,"href":"https:\/\/www.3p-gmbh.de\/pt-br\/wp-json\/wp\/v2\/product_tag?post=91909"}],"curies":[{"name":"wp","href":"https:\/\/api.w.org\/{rel}","templated":true}]}}