{"id":91904,"date":"2019-07-11T13:58:15","date_gmt":"2019-07-11T13:58:15","guid":{"rendered":"https:\/\/www.3p-gmbh.de\/produkt\/jogger-automatico-polar-mohr-ra-2\/"},"modified":"2019-07-11T13:58:15","modified_gmt":"2019-07-11T13:58:15","slug":"ruettelautomat","status":"publish","type":"product","link":"https:\/\/www.3p-gmbh.de\/pt-br\/produkt\/ruettelautomat\/","title":{"rendered":"Jogger autom\u00e1tico Polar Mohr RA-2"},"content":{"rendered":"<p>Jogger autom\u00e1tico com rolo de descarga pneum\u00e1tico e batentes de dobragem pneum\u00e1ticos<\/p>\n<p>Ap\u00f3s a conclus\u00e3o do processo de jogging, o ar \u00e9 pressionado para fora da camada de corte. Pode espalhar 1 ou 2 vezes, sendo que a press\u00e3o do primeiro processo de espalhamento \u00e9 ajust\u00e1vel e, com a mesa inclinada, pode tamb\u00e9m espalhar &#8220;no meio&#8221;.<\/p>\n<p>&#8211; Superf\u00edcie da mesa revestida a a\u00e7o inoxid\u00e1vel 72 x 87 cm<br \/>\n&#8211; Altura m\u00ednima da camada 30 mm<br \/>\n&#8211; Homem da altura da camada. 165 mm<br \/>\n&#8211; Altura da mesa 860 &#8211; 950 mm<br \/>\n-necessidade de ar comprimido a 6 &#8211; 8 bar aprox. 2L\/min<\/p>\n","protected":false},"excerpt":{"rendered":"<p>Jogger autom\u00e1tico com rolo de descarga pneum\u00e1tico e batentes de dobragem pneum\u00e1ticos Ap\u00f3s a conclus\u00e3o do processo de jogging, o ar \u00e9 pressionado para fora da camada de corte. Pode espalhar 1 ou 2 vezes, sendo que a press\u00e3o do primeiro processo de espalhamento \u00e9 ajust\u00e1vel e, com a mesa inclinada, pode tamb\u00e9m espalhar &#8220;no [&hellip;]<\/p>\n","protected":false},"featured_media":68961,"template":"","meta":[],"product_brand":[],"product_cat":[3069],"product_tag":[],"class_list":{"0":"post-91904","1":"product","2":"type-product","3":"status-publish","4":"has-post-thumbnail","6":"product_cat-mesas-vibratorias","7":"pa_baujahr-168","8":"pa_hersteller-heidelberg-polar-mohr","9":"pa_typ-polar-ra-2","11":"first","12":"instock","13":"sold-individually","14":"taxable","15":"shipping-taxable","16":"purchasable","17":"product-type-simple"},"jetpack_sharing_enabled":true,"_links":{"self":[{"href":"https:\/\/www.3p-gmbh.de\/pt-br\/wp-json\/wp\/v2\/product\/91904","targetHints":{"allow":["GET"]}}],"collection":[{"href":"https:\/\/www.3p-gmbh.de\/pt-br\/wp-json\/wp\/v2\/product"}],"about":[{"href":"https:\/\/www.3p-gmbh.de\/pt-br\/wp-json\/wp\/v2\/types\/product"}],"wp:featuredmedia":[{"embeddable":true,"href":"https:\/\/www.3p-gmbh.de\/pt-br\/wp-json\/wp\/v2\/media\/68961"}],"wp:attachment":[{"href":"https:\/\/www.3p-gmbh.de\/pt-br\/wp-json\/wp\/v2\/media?parent=91904"}],"wp:term":[{"taxonomy":"product_brand","embeddable":true,"href":"https:\/\/www.3p-gmbh.de\/pt-br\/wp-json\/wp\/v2\/product_brand?post=91904"},{"taxonomy":"product_cat","embeddable":true,"href":"https:\/\/www.3p-gmbh.de\/pt-br\/wp-json\/wp\/v2\/product_cat?post=91904"},{"taxonomy":"product_tag","embeddable":true,"href":"https:\/\/www.3p-gmbh.de\/pt-br\/wp-json\/wp\/v2\/product_tag?post=91904"}],"curies":[{"name":"wp","href":"https:\/\/api.w.org\/{rel}","templated":true}]}}