{"id":91898,"date":"2019-07-11T13:58:15","date_gmt":"2019-07-11T13:58:15","guid":{"rendered":"https:\/\/www.3p-gmbh.de\/produkt\/maquina-de-ranhurar-e-perfurar-hogenforst\/"},"modified":"2019-07-11T13:58:15","modified_gmt":"2019-07-11T13:58:15","slug":"maquina-de-perfuracao-de-ranhuras-3","status":"publish","type":"product","link":"https:\/\/www.3p-gmbh.de\/pt-br\/produkt\/maquina-de-perfuracao-de-ranhuras-3\/","title":{"rendered":"M\u00e1quina de ranhurar e perfurar Hogenforst"},"content":{"rendered":"<p>Largura de trabalho de 70 cm, para uma utiliza\u00e7\u00e3o econ\u00f3mica em trabalhos de perfura\u00e7\u00e3o ou ranhura<br \/>\nO processo de perfura\u00e7\u00e3o \u00e9 acionado com um pedal, deixando as duas m\u00e3os livres para alimentar e alinhar as folhas.<br \/>\nOs acess\u00f3rios incluem um pente de ranhurar, bem como uma ferramenta de ranhurar incorporada e v\u00e1rios batentes.<\/p>\n","protected":false},"excerpt":{"rendered":"<p>Largura de trabalho de 70 cm, para uma utiliza\u00e7\u00e3o econ\u00f3mica em trabalhos de perfura\u00e7\u00e3o ou ranhura O processo de perfura\u00e7\u00e3o \u00e9 acionado com um pedal, deixando as duas m\u00e3os livres para alimentar e alinhar as folhas. Os acess\u00f3rios incluem um pente de ranhurar, bem como uma ferramenta de ranhurar incorporada e v\u00e1rios batentes.<\/p>\n","protected":false},"featured_media":68907,"template":"","meta":[],"product_brand":[],"product_cat":[2962],"product_tag":[],"class_list":{"0":"post-91898","1":"product","2":"type-product","3":"status-publish","4":"has-post-thumbnail","6":"product_cat-maquinas-de-ranhurar-e-de-perfurar","7":"pa_hersteller-hogenforst","9":"first","10":"instock","11":"sold-individually","12":"taxable","13":"shipping-taxable","14":"purchasable","15":"product-type-simple"},"jetpack_sharing_enabled":true,"_links":{"self":[{"href":"https:\/\/www.3p-gmbh.de\/pt-br\/wp-json\/wp\/v2\/product\/91898","targetHints":{"allow":["GET"]}}],"collection":[{"href":"https:\/\/www.3p-gmbh.de\/pt-br\/wp-json\/wp\/v2\/product"}],"about":[{"href":"https:\/\/www.3p-gmbh.de\/pt-br\/wp-json\/wp\/v2\/types\/product"}],"wp:featuredmedia":[{"embeddable":true,"href":"https:\/\/www.3p-gmbh.de\/pt-br\/wp-json\/wp\/v2\/media\/68907"}],"wp:attachment":[{"href":"https:\/\/www.3p-gmbh.de\/pt-br\/wp-json\/wp\/v2\/media?parent=91898"}],"wp:term":[{"taxonomy":"product_brand","embeddable":true,"href":"https:\/\/www.3p-gmbh.de\/pt-br\/wp-json\/wp\/v2\/product_brand?post=91898"},{"taxonomy":"product_cat","embeddable":true,"href":"https:\/\/www.3p-gmbh.de\/pt-br\/wp-json\/wp\/v2\/product_cat?post=91898"},{"taxonomy":"product_tag","embeddable":true,"href":"https:\/\/www.3p-gmbh.de\/pt-br\/wp-json\/wp\/v2\/product_tag?post=91898"}],"curies":[{"name":"wp","href":"https:\/\/api.w.org\/{rel}","templated":true}]}}