{"id":91893,"date":"2019-07-11T13:58:15","date_gmt":"2019-07-11T13:58:15","guid":{"rendered":"https:\/\/www.3p-gmbh.de\/produkt\/c-p-bourg-bdf-finalizador-de-cadernos\/"},"modified":"2019-07-11T13:58:15","modified_gmt":"2019-07-11T13:58:15","slug":"finalizador-de-cadernos","status":"publish","type":"product","link":"https:\/\/www.3p-gmbh.de\/pt-br\/produkt\/finalizador-de-cadernos\/","title":{"rendered":"c. p. Bourg BDF finalizador de cadernos"},"content":{"rendered":"<p>2 torres BST 10N<br \/>\ncom ar de suc\u00e7\u00e3o, funcionamento por ecr\u00e3 t\u00e1til,<br \/>\nFormato m\u00e1ximo. 35 x 52 cm<br \/>\nFormato min. 11,5 x 20 cm min,<br \/>\numa torre com entrega \u00e0 esquerda para conjuntos agrupados<br \/>\ncom entrega compensada TD-d<br \/>\nFinalizador de cadernos totalmente autom\u00e1tico BDF com funcionamento por ecr\u00e3 t\u00e1til<br \/>\n(Agrafagem, dobragem e corte)<br \/>\n2 cabe\u00e7as de costura Hohner Standard,<br \/>\n2 kits de convers\u00e3o de olhal de anel Hohner<br \/>\nEcr\u00e3 de fita<\/p>\n","protected":false},"excerpt":{"rendered":"<p>2 torres BST 10N com ar de suc\u00e7\u00e3o, funcionamento por ecr\u00e3 t\u00e1til, Formato m\u00e1ximo. 35 x 52 cm Formato min. 11,5 x 20 cm min, uma torre com entrega \u00e0 esquerda para conjuntos agrupados com entrega compensada TD-d Finalizador de cadernos totalmente autom\u00e1tico BDF com funcionamento por ecr\u00e3 t\u00e1til (Agrafagem, dobragem e corte) 2 cabe\u00e7as [&hellip;]<\/p>\n","protected":false},"featured_media":68913,"template":"","meta":[],"product_brand":[],"product_cat":[2951],"product_tag":[],"class_list":{"0":"post-91893","1":"product","2":"type-product","3":"status-publish","4":"has-post-thumbnail","6":"product_cat-sistemas-de-producao-de-folhetos","7":"pa_baujahr-198","8":"pa_hersteller-c-p-bourg","9":"pa_typ-bdf","11":"first","12":"instock","13":"sold-individually","14":"taxable","15":"shipping-taxable","16":"purchasable","17":"product-type-simple"},"jetpack_sharing_enabled":true,"_links":{"self":[{"href":"https:\/\/www.3p-gmbh.de\/pt-br\/wp-json\/wp\/v2\/product\/91893","targetHints":{"allow":["GET"]}}],"collection":[{"href":"https:\/\/www.3p-gmbh.de\/pt-br\/wp-json\/wp\/v2\/product"}],"about":[{"href":"https:\/\/www.3p-gmbh.de\/pt-br\/wp-json\/wp\/v2\/types\/product"}],"wp:featuredmedia":[{"embeddable":true,"href":"https:\/\/www.3p-gmbh.de\/pt-br\/wp-json\/wp\/v2\/media\/68913"}],"wp:attachment":[{"href":"https:\/\/www.3p-gmbh.de\/pt-br\/wp-json\/wp\/v2\/media?parent=91893"}],"wp:term":[{"taxonomy":"product_brand","embeddable":true,"href":"https:\/\/www.3p-gmbh.de\/pt-br\/wp-json\/wp\/v2\/product_brand?post=91893"},{"taxonomy":"product_cat","embeddable":true,"href":"https:\/\/www.3p-gmbh.de\/pt-br\/wp-json\/wp\/v2\/product_cat?post=91893"},{"taxonomy":"product_tag","embeddable":true,"href":"https:\/\/www.3p-gmbh.de\/pt-br\/wp-json\/wp\/v2\/product_tag?post=91893"}],"curies":[{"name":"wp","href":"https:\/\/api.w.org\/{rel}","templated":true}]}}