{"id":91874,"date":"2019-07-11T13:58:29","date_gmt":"2019-07-11T13:58:29","guid":{"rendered":"https:\/\/www.3p-gmbh.de\/produkt\/schoen-cie-modelo-n-1-1-4-1-puncionadora-hidraulica-de-braco-oscilante\/"},"modified":"2019-07-11T13:58:29","modified_gmt":"2019-07-11T13:58:29","slug":"puncao-hidraulico-de-braco-oscilante","status":"publish","type":"product","link":"https:\/\/www.3p-gmbh.de\/pt-br\/produkt\/puncao-hidraulico-de-braco-oscilante\/","title":{"rendered":"Schoen &amp; Cie Modelo N 1.1\/4-1 Puncionadora hidr\u00e1ulica de bra\u00e7o oscilante"},"content":{"rendered":"<p>As m\u00e1quinas de perfura\u00e7\u00e3o para carregamento manual de material e ferramentas s\u00e3o particularmente adequadas para lotes mais pequenos ou dimens\u00f5es de pe\u00e7as mais pequenas.<\/p>\n<p>Tamanho do pun\u00e7\u00e3o 32 x 55 cm<br \/>\nSuperf\u00edcie de perfura\u00e7\u00e3o girat\u00f3ria<br \/>\nMesa de apoio aprox. 50x93cm<br \/>\nAno de fabrico 1981<\/p>\n","protected":false},"excerpt":{"rendered":"<p>As m\u00e1quinas de perfura\u00e7\u00e3o para carregamento manual de material e ferramentas s\u00e3o particularmente adequadas para lotes mais pequenos ou dimens\u00f5es de pe\u00e7as mais pequenas. Tamanho do pun\u00e7\u00e3o 32 x 55 cm Superf\u00edcie de perfura\u00e7\u00e3o girat\u00f3ria Mesa de apoio aprox. 50x93cm Ano de fabrico 1981<\/p>\n","protected":false},"featured_media":70725,"template":"","meta":[],"product_brand":[],"product_cat":[2906],"product_tag":[],"class_list":{"0":"post-91874","1":"product","2":"type-product","3":"status-publish","4":"has-post-thumbnail","6":"product_cat-perfuracao","7":"pa_baujahr-1234","8":"pa_hersteller-schoen-cie","9":"pa_typ-schwenkarm-stanzmaschinen-1-1-4-1","11":"first","12":"instock","13":"sold-individually","14":"taxable","15":"shipping-taxable","16":"purchasable","17":"product-type-simple"},"jetpack_sharing_enabled":true,"_links":{"self":[{"href":"https:\/\/www.3p-gmbh.de\/pt-br\/wp-json\/wp\/v2\/product\/91874","targetHints":{"allow":["GET"]}}],"collection":[{"href":"https:\/\/www.3p-gmbh.de\/pt-br\/wp-json\/wp\/v2\/product"}],"about":[{"href":"https:\/\/www.3p-gmbh.de\/pt-br\/wp-json\/wp\/v2\/types\/product"}],"wp:featuredmedia":[{"embeddable":true,"href":"https:\/\/www.3p-gmbh.de\/pt-br\/wp-json\/wp\/v2\/media\/70725"}],"wp:attachment":[{"href":"https:\/\/www.3p-gmbh.de\/pt-br\/wp-json\/wp\/v2\/media?parent=91874"}],"wp:term":[{"taxonomy":"product_brand","embeddable":true,"href":"https:\/\/www.3p-gmbh.de\/pt-br\/wp-json\/wp\/v2\/product_brand?post=91874"},{"taxonomy":"product_cat","embeddable":true,"href":"https:\/\/www.3p-gmbh.de\/pt-br\/wp-json\/wp\/v2\/product_cat?post=91874"},{"taxonomy":"product_tag","embeddable":true,"href":"https:\/\/www.3p-gmbh.de\/pt-br\/wp-json\/wp\/v2\/product_tag?post=91874"}],"curies":[{"name":"wp","href":"https:\/\/api.w.org\/{rel}","templated":true}]}}