{"id":91872,"date":"2019-07-11T13:58:29","date_gmt":"2019-07-11T13:58:29","guid":{"rendered":"https:\/\/www.3p-gmbh.de\/produkt\/perfuradora-de-papel-multi-fuso-constantin-hang-107-30\/"},"modified":"2019-07-11T13:58:29","modified_gmt":"2019-07-11T13:58:29","slug":"maquina-de-perfuracao-de-papel-multi-eixo","status":"publish","type":"product","link":"https:\/\/www.3p-gmbh.de\/pt-br\/produkt\/maquina-de-perfuracao-de-papel-multi-eixo\/","title":{"rendered":"Perfuradora de papel multi-fuso Constantin Hang 107-30"},"content":{"rendered":"<p>furador autom\u00e1tico multibrocas para papel Hang 107 &#8211; 30<br \/>\na partir do ano de fabrico 1992, completamente revisto por n\u00f3s na oficina em 2015<\/p>\n<p>&#8211; com 4 cabe\u00e7as de perfura\u00e7\u00e3o<br \/>\n&#8211; Alimenta\u00e7\u00e3o c\u00edclica da fita de base de perfura\u00e7\u00e3o em cart\u00e3o<br \/>\n&#8211; Di\u00e2metro da broca 3 &#8211; 14 mm<br \/>\n&#8211; Gama de regula\u00e7\u00e3o dos fusos de perfura\u00e7\u00e3o de 36 &#8211; 420 mm<br \/>\n&#8211; Profundidade de trabalho muito grande 300 mm<br \/>\n&#8211; Fixa\u00e7\u00e3o r\u00e1pida dos perfuradores de papel<br \/>\n&#8211; Velocidade de perfura\u00e7\u00e3o infinitamente vari\u00e1vel e velocidade de curso da mesa infinitamente vari\u00e1vel<br \/>\n&#8211; Modo Jog para configurar a m\u00e1quina<br \/>\n&#8211; M\u00e1quina m\u00f3vel sobre rolos orient\u00e1veis<br \/>\n&#8211; Batentes laterais e de profundidade<br \/>\n&#8211; com motor trif\u00e1sico 380 V<br \/>\n&#8211; Desbloqueio por pedal el\u00e9trico, circuito de invers\u00e3o<\/p>\n","protected":false},"excerpt":{"rendered":"<p>furador autom\u00e1tico multibrocas para papel Hang 107 &#8211; 30 a partir do ano de fabrico 1992, completamente revisto por n\u00f3s na oficina em 2015 &#8211; com 4 cabe\u00e7as de perfura\u00e7\u00e3o &#8211; Alimenta\u00e7\u00e3o c\u00edclica da fita de base de perfura\u00e7\u00e3o em cart\u00e3o &#8211; Di\u00e2metro da broca 3 &#8211; 14 mm &#8211; Gama de regula\u00e7\u00e3o dos fusos [&hellip;]<\/p>\n","protected":false},"featured_media":69132,"template":"","meta":[],"product_brand":[],"product_cat":[2958],"product_tag":[],"class_list":{"0":"post-91872","1":"product","2":"type-product","3":"status-publish","4":"has-post-thumbnail","6":"product_cat-brocas-de-papel","7":"pa_baujahr-272","8":"pa_hersteller-constantin-hang","9":"pa_typ-107-30","11":"first","12":"instock","13":"sold-individually","14":"taxable","15":"shipping-taxable","16":"purchasable","17":"product-type-simple"},"jetpack_sharing_enabled":true,"_links":{"self":[{"href":"https:\/\/www.3p-gmbh.de\/pt-br\/wp-json\/wp\/v2\/product\/91872","targetHints":{"allow":["GET"]}}],"collection":[{"href":"https:\/\/www.3p-gmbh.de\/pt-br\/wp-json\/wp\/v2\/product"}],"about":[{"href":"https:\/\/www.3p-gmbh.de\/pt-br\/wp-json\/wp\/v2\/types\/product"}],"wp:featuredmedia":[{"embeddable":true,"href":"https:\/\/www.3p-gmbh.de\/pt-br\/wp-json\/wp\/v2\/media\/69132"}],"wp:attachment":[{"href":"https:\/\/www.3p-gmbh.de\/pt-br\/wp-json\/wp\/v2\/media?parent=91872"}],"wp:term":[{"taxonomy":"product_brand","embeddable":true,"href":"https:\/\/www.3p-gmbh.de\/pt-br\/wp-json\/wp\/v2\/product_brand?post=91872"},{"taxonomy":"product_cat","embeddable":true,"href":"https:\/\/www.3p-gmbh.de\/pt-br\/wp-json\/wp\/v2\/product_cat?post=91872"},{"taxonomy":"product_tag","embeddable":true,"href":"https:\/\/www.3p-gmbh.de\/pt-br\/wp-json\/wp\/v2\/product_tag?post=91872"}],"curies":[{"name":"wp","href":"https:\/\/api.w.org\/{rel}","templated":true}]}}