{"id":91868,"date":"2019-07-11T13:58:29","date_gmt":"2019-07-11T13:58:29","guid":{"rendered":"https:\/\/www.3p-gmbh.de\/produkt\/josef-foellmer-iram-12-maquina-de-perfuracao-de-papel-de-4-fusos\/"},"modified":"2019-07-11T13:58:29","modified_gmt":"2019-07-11T13:58:29","slug":"maquina-de-perfuracao-de-papel-de-4-eixos-2","status":"publish","type":"product","link":"https:\/\/www.3p-gmbh.de\/pt-br\/produkt\/maquina-de-perfuracao-de-papel-de-4-eixos-2\/","title":{"rendered":"Josef Foellmer IRAM 12 M\u00e1quina de perfura\u00e7\u00e3o de papel de 4 fusos"},"content":{"rendered":"<p>m\u00e1quina de furar papel autom\u00e1tica de quatro mandris com acionamento hidr\u00e1ulico<\/p>\n<p>4 fusos<br \/>\nEspa\u00e7amento entre furos m\u00edn. 3 mm<br \/>\nEspa\u00e7amento m\u00e1ximo entre furos. 800 mm<br \/>\nProfundidade de perfura\u00e7\u00e3o m\u00e1x. 70 mm<br \/>\nHaste de broca 11mm<br \/>\nDi\u00e2metros de perfura\u00e7\u00e3o de 3 a 10 mm<br \/>\nRegula\u00e7\u00e3o da velocidade<br \/>\ncom regula\u00e7\u00e3o da velocidade de eleva\u00e7\u00e3o<\/p>\n","protected":false},"excerpt":{"rendered":"<p>m\u00e1quina de furar papel autom\u00e1tica de quatro mandris com acionamento hidr\u00e1ulico 4 fusos Espa\u00e7amento entre furos m\u00edn. 3 mm Espa\u00e7amento m\u00e1ximo entre furos. 800 mm Profundidade de perfura\u00e7\u00e3o m\u00e1x. 70 mm Haste de broca 11mm Di\u00e2metros de perfura\u00e7\u00e3o de 3 a 10 mm Regula\u00e7\u00e3o da velocidade com regula\u00e7\u00e3o da velocidade de eleva\u00e7\u00e3o<\/p>\n","protected":false},"featured_media":69147,"template":"","meta":[],"product_brand":[],"product_cat":[2958],"product_tag":[],"class_list":{"0":"post-91868","1":"product","2":"type-product","3":"status-publish","4":"has-post-thumbnail","6":"product_cat-brocas-de-papel","7":"pa_baujahr-188","8":"pa_hersteller-josef-foellmer","9":"pa_typ-iram-12","11":"first","12":"instock","13":"sold-individually","14":"taxable","15":"shipping-taxable","16":"purchasable","17":"product-type-simple"},"jetpack_sharing_enabled":true,"_links":{"self":[{"href":"https:\/\/www.3p-gmbh.de\/pt-br\/wp-json\/wp\/v2\/product\/91868","targetHints":{"allow":["GET"]}}],"collection":[{"href":"https:\/\/www.3p-gmbh.de\/pt-br\/wp-json\/wp\/v2\/product"}],"about":[{"href":"https:\/\/www.3p-gmbh.de\/pt-br\/wp-json\/wp\/v2\/types\/product"}],"wp:featuredmedia":[{"embeddable":true,"href":"https:\/\/www.3p-gmbh.de\/pt-br\/wp-json\/wp\/v2\/media\/69147"}],"wp:attachment":[{"href":"https:\/\/www.3p-gmbh.de\/pt-br\/wp-json\/wp\/v2\/media?parent=91868"}],"wp:term":[{"taxonomy":"product_brand","embeddable":true,"href":"https:\/\/www.3p-gmbh.de\/pt-br\/wp-json\/wp\/v2\/product_brand?post=91868"},{"taxonomy":"product_cat","embeddable":true,"href":"https:\/\/www.3p-gmbh.de\/pt-br\/wp-json\/wp\/v2\/product_cat?post=91868"},{"taxonomy":"product_tag","embeddable":true,"href":"https:\/\/www.3p-gmbh.de\/pt-br\/wp-json\/wp\/v2\/product_tag?post=91868"}],"curies":[{"name":"wp","href":"https:\/\/api.w.org\/{rel}","templated":true}]}}