{"id":91850,"date":"2019-07-11T13:58:29","date_gmt":"2019-07-11T13:58:29","guid":{"rendered":"https:\/\/www.3p-gmbh.de\/produkt\/guk-sm-50-2-maquina-de-corte-com-alimentador\/"},"modified":"2019-07-11T13:58:29","modified_gmt":"2019-07-11T13:58:29","slug":"maquina-de-corte-guia-sm-50-2","status":"publish","type":"product","link":"https:\/\/www.3p-gmbh.de\/pt-br\/produkt\/maquina-de-corte-guia-sm-50-2\/","title":{"rendered":"GUK SM 50-2 M\u00e1quina de corte com alimentador"},"content":{"rendered":"<p>GUK FL 50-2 Alimentador pneum\u00e1tico de aspira\u00e7\u00e3o de pilha plana OEM B\u00e4uerle tipo FL 50-2 com cabe\u00e7a de separa\u00e7\u00e3o controlada pneumaticamente, o que permite uma separa\u00e7\u00e3o exacta da folha, mesmo com o maior rendimento e contador de pr\u00e9-sele\u00e7\u00e3o<\/p>\n<p>M\u00e1quina de corte GUK SM 50-2 Esta\u00e7\u00e3o de corte e vinco<br \/>\nLargura m\u00e1xima de entrada 540 mm e min. 150 mm<br \/>\nComprimento m\u00e1ximo da entrada. 800 mm e min. 210 mm<br \/>\nDois blocos de corte de encaixe<br \/>\nAjuste autom\u00e1tico do rolo atrav\u00e9s da tira de papel<br \/>\nAcionamento s\u00edncrono atrav\u00e9s de engrenagens helicoidais endurecidas e polidas<br \/>\ncom ferramentas de dobragem Techni (evita a rutura das fibras em rutura paralela com gramagens mais elevadas)<\/p>\n<p>Em alternativa, podem ser utilizadas ferramentas de perfura\u00e7\u00e3o para produzir cup\u00f5es, selos, etc.<br \/>\nser utilizado<br \/>\nExpositor m\u00f3vel GUK S-520<br \/>\ncrossover de encaixe<\/p>\n","protected":false},"excerpt":{"rendered":"<p>GUK FL 50-2 Alimentador pneum\u00e1tico de aspira\u00e7\u00e3o de pilha plana OEM B\u00e4uerle tipo FL 50-2 com cabe\u00e7a de separa\u00e7\u00e3o controlada pneumaticamente, o que permite uma separa\u00e7\u00e3o exacta da folha, mesmo com o maior rendimento e contador de pr\u00e9-sele\u00e7\u00e3o M\u00e1quina de corte GUK SM 50-2 Esta\u00e7\u00e3o de corte e vinco Largura m\u00e1xima de entrada 540 mm [&hellip;]<\/p>\n","protected":false},"featured_media":70704,"template":"","meta":[],"product_brand":[],"product_cat":[2892],"product_tag":[],"class_list":{"0":"post-91850","1":"product","2":"type-product","3":"status-publish","4":"has-post-thumbnail","6":"product_cat-encadernacao-de-sortido","7":"pa_baujahr-145","8":"pa_hersteller-grieser-kunzmann-guk","9":"pa_typ-sm-50-2-schneid-rill-perforierstation","11":"first","12":"instock","13":"sold-individually","14":"taxable","15":"shipping-taxable","16":"purchasable","17":"product-type-simple"},"jetpack_sharing_enabled":true,"_links":{"self":[{"href":"https:\/\/www.3p-gmbh.de\/pt-br\/wp-json\/wp\/v2\/product\/91850","targetHints":{"allow":["GET"]}}],"collection":[{"href":"https:\/\/www.3p-gmbh.de\/pt-br\/wp-json\/wp\/v2\/product"}],"about":[{"href":"https:\/\/www.3p-gmbh.de\/pt-br\/wp-json\/wp\/v2\/types\/product"}],"wp:featuredmedia":[{"embeddable":true,"href":"https:\/\/www.3p-gmbh.de\/pt-br\/wp-json\/wp\/v2\/media\/70704"}],"wp:attachment":[{"href":"https:\/\/www.3p-gmbh.de\/pt-br\/wp-json\/wp\/v2\/media?parent=91850"}],"wp:term":[{"taxonomy":"product_brand","embeddable":true,"href":"https:\/\/www.3p-gmbh.de\/pt-br\/wp-json\/wp\/v2\/product_brand?post=91850"},{"taxonomy":"product_cat","embeddable":true,"href":"https:\/\/www.3p-gmbh.de\/pt-br\/wp-json\/wp\/v2\/product_cat?post=91850"},{"taxonomy":"product_tag","embeddable":true,"href":"https:\/\/www.3p-gmbh.de\/pt-br\/wp-json\/wp\/v2\/product_tag?post=91850"}],"curies":[{"name":"wp","href":"https:\/\/api.w.org\/{rel}","templated":true}]}}