{"id":91834,"date":"2019-07-11T13:58:29","date_gmt":"2019-07-11T13:58:29","guid":{"rendered":"https:\/\/www.3p-gmbh.de\/produkt\/arredondadores-de-cantos-beier-uer\/"},"modified":"2019-07-11T13:58:29","modified_gmt":"2019-07-11T13:58:29","slug":"maquina-de-perfuracao-e-arredondamento-de-cantos","status":"publish","type":"product","link":"https:\/\/www.3p-gmbh.de\/pt-br\/produkt\/maquina-de-perfuracao-e-arredondamento-de-cantos\/","title":{"rendered":"Arredondadores de cantos Beier UER"},"content":{"rendered":"<p>&#8211; Perfura\u00e7\u00e3o e arredondamento de cantos Beier UER com faca superior e inferior<br \/>\n&#8211; adequado para papel, cart\u00e3o, folhas<br \/>\n&#8211; Altura de empilhamento: m\u00e1x. 65 mm<br \/>\n&#8211; Funcionamento manual<br \/>\n&#8211; dispositivo autom\u00e1tico de prensagem<br \/>\n&#8211; Raios dispon\u00edveis: 3 &#8211; 40 mm (op\u00e7\u00e3o)<br \/>\n&#8211; Perfura\u00e7\u00f5es: 1,5 &#8211; 25 mm (op\u00e7\u00e3o)<br \/>\n&#8211; Tamanho da mesa em mm: comprimento 220 x profundidade 260<br \/>\n&#8211; Facas com diferentes raios a pedido<\/p>\n","protected":false},"excerpt":{"rendered":"<p>&#8211; Perfura\u00e7\u00e3o e arredondamento de cantos Beier UER com faca superior e inferior &#8211; adequado para papel, cart\u00e3o, folhas &#8211; Altura de empilhamento: m\u00e1x. 65 mm &#8211; Funcionamento manual &#8211; dispositivo autom\u00e1tico de prensagem &#8211; Raios dispon\u00edveis: 3 &#8211; 40 mm (op\u00e7\u00e3o) &#8211; Perfura\u00e7\u00f5es: 1,5 &#8211; 25 mm (op\u00e7\u00e3o) &#8211; Tamanho da mesa em mm: [&hellip;]<\/p>\n","protected":false},"featured_media":69096,"template":"","meta":[],"product_brand":[],"product_cat":[2892],"product_tag":[],"class_list":{"0":"post-91834","1":"product","2":"type-product","3":"status-publish","4":"has-post-thumbnail","6":"product_cat-encadernacao-de-sortido","7":"pa_baujahr-266","8":"pa_typ-beier-uer","10":"first","11":"instock","12":"sold-individually","13":"taxable","14":"shipping-taxable","15":"purchasable","16":"product-type-simple"},"jetpack_sharing_enabled":true,"_links":{"self":[{"href":"https:\/\/www.3p-gmbh.de\/pt-br\/wp-json\/wp\/v2\/product\/91834","targetHints":{"allow":["GET"]}}],"collection":[{"href":"https:\/\/www.3p-gmbh.de\/pt-br\/wp-json\/wp\/v2\/product"}],"about":[{"href":"https:\/\/www.3p-gmbh.de\/pt-br\/wp-json\/wp\/v2\/types\/product"}],"wp:featuredmedia":[{"embeddable":true,"href":"https:\/\/www.3p-gmbh.de\/pt-br\/wp-json\/wp\/v2\/media\/69096"}],"wp:attachment":[{"href":"https:\/\/www.3p-gmbh.de\/pt-br\/wp-json\/wp\/v2\/media?parent=91834"}],"wp:term":[{"taxonomy":"product_brand","embeddable":true,"href":"https:\/\/www.3p-gmbh.de\/pt-br\/wp-json\/wp\/v2\/product_brand?post=91834"},{"taxonomy":"product_cat","embeddable":true,"href":"https:\/\/www.3p-gmbh.de\/pt-br\/wp-json\/wp\/v2\/product_cat?post=91834"},{"taxonomy":"product_tag","embeddable":true,"href":"https:\/\/www.3p-gmbh.de\/pt-br\/wp-json\/wp\/v2\/product_tag?post=91834"}],"curies":[{"name":"wp","href":"https:\/\/api.w.org\/{rel}","templated":true}]}}