{"id":91830,"date":"2019-07-11T13:58:39","date_gmt":"2019-07-11T13:58:39","guid":{"rendered":"https:\/\/www.3p-gmbh.de\/produkt\/polar-knorr-lw-450-we-elevador-de-pilha\/"},"modified":"2019-07-11T13:58:39","modified_gmt":"2019-07-11T13:58:39","slug":"elevadores-de-duas-pilhas","status":"publish","type":"product","link":"https:\/\/www.3p-gmbh.de\/pt-br\/produkt\/elevadores-de-duas-pilhas\/","title":{"rendered":"Polar \/ Knorr LW 450 WE Elevador de pilha"},"content":{"rendered":"<p>Ao elevar automaticamente o material a ser cortado, o operador pode carregar o material no sistema autom\u00e1tico ou diretamente na m\u00e1quina de corte a uma altura de trabalho ergonomicamente favor\u00e1vel. No entanto, o elevador de empilhamento tamb\u00e9m pode ser utilizado para empilhar material cortado. O elevador de empilhamento n\u00e3o tem de ser ancorado no solo e pode, por isso, ser facilmente deslocado.<\/p>\n<p>Banheira (dimens\u00f5es interiores) cm 70 x 90<br \/>\nCurso at\u00e9 cm 85<br \/>\nCapacidade de carga m\u00e1xima kg 600<\/p>\n","protected":false},"excerpt":{"rendered":"<p>Ao elevar automaticamente o material a ser cortado, o operador pode carregar o material no sistema autom\u00e1tico ou diretamente na m\u00e1quina de corte a uma altura de trabalho ergonomicamente favor\u00e1vel. No entanto, o elevador de empilhamento tamb\u00e9m pode ser utilizado para empilhar material cortado. O elevador de empilhamento n\u00e3o tem de ser ancorado no solo [&hellip;]<\/p>\n","protected":false},"featured_media":70698,"template":"","meta":[],"product_brand":[],"product_cat":[2978],"product_tag":[],"class_list":{"0":"post-91830","1":"product","2":"type-product","3":"status-publish","4":"has-post-thumbnail","6":"product_cat-elevadores-de-pilha-e-elevadores-de-pilha","7":"pa_baujahr-127","8":"pa_hersteller-polar-mohr-knorr","9":"pa_typ-lw-450-we","11":"first","12":"instock","13":"sold-individually","14":"taxable","15":"shipping-taxable","16":"purchasable","17":"product-type-simple"},"jetpack_sharing_enabled":true,"_links":{"self":[{"href":"https:\/\/www.3p-gmbh.de\/pt-br\/wp-json\/wp\/v2\/product\/91830","targetHints":{"allow":["GET"]}}],"collection":[{"href":"https:\/\/www.3p-gmbh.de\/pt-br\/wp-json\/wp\/v2\/product"}],"about":[{"href":"https:\/\/www.3p-gmbh.de\/pt-br\/wp-json\/wp\/v2\/types\/product"}],"wp:featuredmedia":[{"embeddable":true,"href":"https:\/\/www.3p-gmbh.de\/pt-br\/wp-json\/wp\/v2\/media\/70698"}],"wp:attachment":[{"href":"https:\/\/www.3p-gmbh.de\/pt-br\/wp-json\/wp\/v2\/media?parent=91830"}],"wp:term":[{"taxonomy":"product_brand","embeddable":true,"href":"https:\/\/www.3p-gmbh.de\/pt-br\/wp-json\/wp\/v2\/product_brand?post=91830"},{"taxonomy":"product_cat","embeddable":true,"href":"https:\/\/www.3p-gmbh.de\/pt-br\/wp-json\/wp\/v2\/product_cat?post=91830"},{"taxonomy":"product_tag","embeddable":true,"href":"https:\/\/www.3p-gmbh.de\/pt-br\/wp-json\/wp\/v2\/product_tag?post=91830"}],"curies":[{"name":"wp","href":"https:\/\/api.w.org\/{rel}","templated":true}]}}