{"id":91823,"date":"2019-07-11T13:58:29","date_gmt":"2019-07-11T13:58:29","guid":{"rendered":"https:\/\/www.3p-gmbh.de\/produkt\/auto-creaser-pro-33-da-ernst-nagel\/"},"modified":"2019-07-11T13:58:29","modified_gmt":"2019-07-11T13:58:29","slug":"triturador-profissional","status":"publish","type":"product","link":"https:\/\/www.3p-gmbh.de\/pt-br\/produkt\/triturador-profissional\/","title":{"rendered":"Auto Creaser Pro 33 da Ernst Nagel"},"content":{"rendered":"<p>Morgana AutoCreaser Pro 33 \/ Ernst Nagel Auto Creaser Pro 33<br \/>\nAno de constru\u00e7\u00e3o 2014 &#8211; estado impec\u00e1vel<br \/>\nEquipada com o novo e pr\u00e1tico ecr\u00e3 t\u00e1til para uma opera\u00e7\u00e3o f\u00e1cil, processa formatos de papel com 35 cm de largura de alimenta\u00e7\u00e3o e at\u00e9 100 cm de comprimento<br \/>\nutilizando a tecnologia comprovada de barra de vinco versus ranhura de vinco. O material \u00e9 suavemente compactado durante o processo de vinco, evitando que a tinta se desprenda ou que o material se rasgue.<br \/>\n\u00e9 assim evitada durante a dobragem. O papel \u00e9 alimentado por um sistema de sopro e suc\u00e7\u00e3o de ar, que evita riscar o material sens\u00edvel. Opera\u00e7\u00e3o r\u00e1pida e f\u00e1cil atrav\u00e9s de um joystick e de um ecr\u00e3 claro.<\/p>\n<p>Dom\u00ednio de aplica\u00e7\u00e3o:<br \/>\nimpress\u00f5es digitais sens\u00edveis, pap\u00e9is mate, cart\u00e3o, material com sentido de marcha errado,<br \/>\nmaterial impresso lacado, material laminado, capas de brochuras, etc.<\/p>\n<p>A perfura\u00e7\u00e3o e o corte ao longo do sentido de marcha s\u00e3o poss\u00edveis com ferramentas auxiliares rotativas. (op\u00e7\u00e3o)<br \/>\nAcess\u00f3rios opcionais: Faca de perfura\u00e7\u00e3o 96\/56\/28\/20 dentes<\/p>\n<p>O painel de controlo com ecr\u00e3 t\u00e1til controla as principais fun\u00e7\u00f5es da m\u00e1quina. S\u00f3 \u00e9 necess\u00e1rio introduzir o comprimento do papel para o produto acabado (as dimens\u00f5es padr\u00e3o do papel est\u00e3o predefinidas). Todas as outras defini\u00e7\u00f5es e informa\u00e7\u00f5es s\u00e3o assumidas pelo software. As informa\u00e7\u00f5es sobre as colunas de dobragem s\u00e3o apresentadas digitalmente no ecr\u00e3 t\u00e1til. Outra vantagem \u00e9 o facto de o software ser independente da l\u00edngua &#8211; apenas s\u00e3o utilizados s\u00edmbolos, o que torna as defini\u00e7\u00f5es de l\u00edngua sup\u00e9rfluas. Al\u00e9m disso, o funcionamento do ecr\u00e3 t\u00e1til \u00e9 muito f\u00e1cil de aprender. A extensa mem\u00f3ria alfanum\u00e9rica permite armazenar um n\u00famero ilimitado de trabalhos com o seu pr\u00f3prio nome.<\/p>\n<p>Largura de trabalho 35 cm<br \/>\nComprimento de trabalho 100 cm<br \/>\ngramagem de papel recomendada 70 &#8211; 350 g\/m\u00b2<br \/>\nMem\u00f3ria de programas 9<br \/>\nVincos por folha m\u00e1x. 16<br \/>\nTamanho m\u00e1ximo do papel. &#8211; com alimenta\u00e7\u00e3o manual 1.000 x 330 mm<br \/>\nTamanho m\u00e1ximo do papel. &#8211; para autom. Alimenta\u00e7\u00e3o 700 x 330 mm<br \/>\nTamanho do papel m\u00edn. 140 x 210 mm<br \/>\nVelocidade at\u00e9 6.500 (folhas\/hora)<br \/>\nMin. Dist\u00e2ncia de enrugamento 4 mm<br \/>\nMin. Dist\u00e2ncia entre o vinco e o bordo de ataque 25 mm<br \/>\nMin. Dist\u00e2ncia entre o vinco e o bordo posterior da folha 20 mm<\/p>\n","protected":false},"excerpt":{"rendered":"<p>Morgana AutoCreaser Pro 33 \/ Ernst Nagel Auto Creaser Pro 33 Ano de constru\u00e7\u00e3o 2014 &#8211; estado impec\u00e1vel Equipada com o novo e pr\u00e1tico ecr\u00e3 t\u00e1til para uma opera\u00e7\u00e3o f\u00e1cil, processa formatos de papel com 35 cm de largura de alimenta\u00e7\u00e3o e at\u00e9 100 cm de comprimento utilizando a tecnologia comprovada de barra de vinco [&hellip;]<\/p>\n","protected":false},"featured_media":69090,"template":"","meta":[],"product_brand":[],"product_cat":[2962],"product_tag":[],"class_list":{"0":"post-91823","1":"product","2":"type-product","3":"status-publish","4":"has-post-thumbnail","6":"product_cat-maquinas-de-ranhurar-e-de-perfurar","7":"pa_baujahr-452","8":"pa_hersteller-morgana-ernst-nagel","9":"pa_typ-auto-rillnak-pro-33","11":"first","12":"instock","13":"sold-individually","14":"taxable","15":"shipping-taxable","16":"purchasable","17":"product-type-simple"},"jetpack_sharing_enabled":true,"_links":{"self":[{"href":"https:\/\/www.3p-gmbh.de\/pt-br\/wp-json\/wp\/v2\/product\/91823","targetHints":{"allow":["GET"]}}],"collection":[{"href":"https:\/\/www.3p-gmbh.de\/pt-br\/wp-json\/wp\/v2\/product"}],"about":[{"href":"https:\/\/www.3p-gmbh.de\/pt-br\/wp-json\/wp\/v2\/types\/product"}],"wp:featuredmedia":[{"embeddable":true,"href":"https:\/\/www.3p-gmbh.de\/pt-br\/wp-json\/wp\/v2\/media\/69090"}],"wp:attachment":[{"href":"https:\/\/www.3p-gmbh.de\/pt-br\/wp-json\/wp\/v2\/media?parent=91823"}],"wp:term":[{"taxonomy":"product_brand","embeddable":true,"href":"https:\/\/www.3p-gmbh.de\/pt-br\/wp-json\/wp\/v2\/product_brand?post=91823"},{"taxonomy":"product_cat","embeddable":true,"href":"https:\/\/www.3p-gmbh.de\/pt-br\/wp-json\/wp\/v2\/product_cat?post=91823"},{"taxonomy":"product_tag","embeddable":true,"href":"https:\/\/www.3p-gmbh.de\/pt-br\/wp-json\/wp\/v2\/product_tag?post=91823"}],"curies":[{"name":"wp","href":"https:\/\/api.w.org\/{rel}","templated":true}]}}